{"id":64345,"date":"2025-03-11T11:07:57","date_gmt":"2025-03-11T11:07:57","guid":{"rendered":"https:\/\/mexpo.pl\/?post_type=product&#038;p=64345"},"modified":"2025-03-11T11:57:18","modified_gmt":"2025-03-11T11:57:18","slug":"sistema-de-radioguia-receptor-okayo-earme-fit","status":"publish","type":"product","link":"https:\/\/mexpo.eu\/es\/produkt\/sistema-de-radioguia-receptor-okayo-earme-fit\/","title":{"rendered":"Sistema de Radiogu\u00eda \u2013 Receptor Okayo EarME FIT"},"content":{"rendered":"<p>El Okayo EarME Fit es un receptor moderno para sistemas de audiogu\u00eda que combina funcionalidad, comodidad y alta calidad de sonido. Dise\u00f1ado pensando en gu\u00edas y turistas, elimina los problemas relacionados con la distancia y la comunicaci\u00f3n.<\/p>\n<p><strong>Caracter\u00edsticas y ventajas del receptor Okayo EarME FIT:<\/strong><\/p>\n<ul>\n<li><strong>Dise\u00f1o ergon\u00f3mico:<\/strong> Receptor ligero y compacto con un c\u00f3modo gancho para la oreja, que se puede ajustar para la oreja izquierda o derecha.<\/li>\n<li><strong>Alta calidad de sonido:<\/strong> La reducci\u00f3n de ruido avanzada garantiza un sonido claro y n\u00edtido, incluso en lugares concurridos.<\/li>\n<li><strong>Compatibilidad:<\/strong> El receptor es compatible con versiones anteriores y cruzadas del sistema Earme existente.<\/li>\n<li><strong>Facilidad de uso:<\/strong> Manejo intuitivo y dos botones f\u00e1cilmente reconocibles.<\/li>\n<li><strong>Sin cables:<\/strong> Elimina el problema de los cables de auriculares enredados. No requiere auriculares.<\/li>\n<li><strong>Larga duraci\u00f3n de la bater\u00eda:<\/strong> La bater\u00eda de litio incorporada proporciona una larga duraci\u00f3n.<\/li>\n<li><strong>Carga r\u00e1pida:<\/strong> Posibilidad de carga r\u00e1pida en una estaci\u00f3n de carga compatible.<\/li>\n<li><strong>Higiene:<\/strong> Posibilidad de utilizar fundas higi\u00e9nicas NHS-55.<\/li>\n<\/ul>\n<p>El receptor Okayo EarME FIT es la soluci\u00f3n ideal para gu\u00edas tur\u00edsticos profesionales, museos, galer\u00edas y todos aquellos que necesitan un sistema de audiogu\u00eda fiable y c\u00f3modo.<\/p>\n<p>Cargadores:<\/p>\n<ul>\n<li><strong>Okayo C111<\/strong>: Cargador de inserci\u00f3n para 11 receptores Okayo EarME FIT y 1 transmisor.<\/li>\n<li><strong>Okayo C222<\/strong>: Cargador de inserci\u00f3n para 22 receptores Okayo EarME FIT y 2 transmisores.<\/li>\n<li><strong>Okayo CHG-111<\/strong>: Bolsa con cargador de inserci\u00f3n para 11 receptores Okayo EarME FIT y 1 transmisor.<\/li>\n<li><strong>Okayo CHG-222<\/strong>: Bolsa con cargador de inserci\u00f3n para 22 receptores Okayo EarME FIT y 2 transmisores.<\/li>\n<\/ul>\n","protected":false},"excerpt":{"rendered":"<p>El receptor Okayo EarME FIT es un dispositivo revolucionario que redefine la comodidad y la calidad del sonido. Este modelo ligero y ergon\u00f3mico, dise\u00f1ado para su uso durante todo el d\u00eda, proporciona un sonido impecablemente claro sin necesidad de auriculares adicionales.<\/p>\n","protected":false},"featured_media":64260,"template":"","meta":{"_acf_changed":false},"product_brand":[],"product_cat":[5228],"product_tag":[],"class_list":{"0":"post-64345","1":"product","2":"type-product","3":"status-publish","4":"has-post-thumbnail","6":"product_cat-transmisores-y-receptores","8":"first","9":"instock","10":"taxable","11":"shipping-taxable","12":"purchasable","13":"product-type-simple"},"acf":[],"_links":{"self":[{"href":"https:\/\/mexpo.eu\/es\/wp-json\/wp\/v2\/product\/64345","targetHints":{"allow":["GET"]}}],"collection":[{"href":"https:\/\/mexpo.eu\/es\/wp-json\/wp\/v2\/product"}],"about":[{"href":"https:\/\/mexpo.eu\/es\/wp-json\/wp\/v2\/types\/product"}],"wp:featuredmedia":[{"embeddable":true,"href":"https:\/\/mexpo.eu\/es\/wp-json\/wp\/v2\/media\/64260"}],"wp:attachment":[{"href":"https:\/\/mexpo.eu\/es\/wp-json\/wp\/v2\/media?parent=64345"}],"wp:term":[{"taxonomy":"product_brand","embeddable":true,"href":"https:\/\/mexpo.eu\/es\/wp-json\/wp\/v2\/product_brand?post=64345"},{"taxonomy":"product_cat","embeddable":true,"href":"https:\/\/mexpo.eu\/es\/wp-json\/wp\/v2\/product_cat?post=64345"},{"taxonomy":"product_tag","embeddable":true,"href":"https:\/\/mexpo.eu\/es\/wp-json\/wp\/v2\/product_tag?post=64345"}],"curies":[{"name":"wp","href":"https:\/\/api.w.org\/{rel}","templated":true}]}}