{"id":63805,"date":"2025-02-17T13:39:15","date_gmt":"2025-02-17T13:39:15","guid":{"rendered":"https:\/\/mexpo.pl?post_type=product&#038;p=63805"},"modified":"2025-02-17T15:07:51","modified_gmt":"2025-02-17T15:07:51","slug":"microfono-hm-21a","status":"publish","type":"product","link":"https:\/\/mexpo.eu\/es\/produkt\/microfono-hm-21a\/","title":{"rendered":"Micr\u00f3fono HM-21A"},"content":{"rendered":"<p>Un micr\u00f3fono simple detr\u00e1s de la cabeza dise\u00f1ado para un uso c\u00f3modo y una alta calidad de sonido.<\/p>\n<p>El micr\u00f3fono HM-21A capta eficazmente el sonido de una \u00fanica fuente a la vez que reduce las interferencias del entorno. El dise\u00f1o es liviano, lo que permite un uso c\u00f3modo incluso durante per\u00edodos prolongados. La punta flexible del micr\u00f3fono permite ajustar con precisi\u00f3n su posici\u00f3n, adapt\u00e1ndose a las necesidades del usuario. Equipado con un conector jack est\u00e1ndar de 3,5 mm, es compatible con muchos dispositivos.<\/p>\n<p>Gracias a su dise\u00f1o simple y pr\u00e1ctico, el micr\u00f3fono es adecuado para diversas aplicaciones, como clases de equitaci\u00f3n, turismo o conferencias.<\/p>\n","protected":false},"excerpt":{"rendered":"<p>Un micr\u00f3fono unidireccional simple, que se coloca detr\u00e1s de la cabeza y tiene una punta flexible.<\/p>\n","protected":false},"featured_media":51930,"template":"","meta":{"_acf_changed":false},"product_brand":[],"product_cat":[5949,5233,5959],"product_tag":[],"class_list":{"0":"post-63805","1":"product","2":"type-product","3":"status-publish","4":"has-post-thumbnail","6":"product_cat-intercomunicadores-para-actividades-ecuestres-es","7":"product_cat-microfonos","8":"product_cat-okayo-c200-es","10":"first","11":"instock","12":"taxable","13":"shipping-taxable","14":"purchasable","15":"product-type-simple"},"acf":[],"_links":{"self":[{"href":"https:\/\/mexpo.eu\/es\/wp-json\/wp\/v2\/product\/63805","targetHints":{"allow":["GET"]}}],"collection":[{"href":"https:\/\/mexpo.eu\/es\/wp-json\/wp\/v2\/product"}],"about":[{"href":"https:\/\/mexpo.eu\/es\/wp-json\/wp\/v2\/types\/product"}],"wp:featuredmedia":[{"embeddable":true,"href":"https:\/\/mexpo.eu\/es\/wp-json\/wp\/v2\/media\/51930"}],"wp:attachment":[{"href":"https:\/\/mexpo.eu\/es\/wp-json\/wp\/v2\/media?parent=63805"}],"wp:term":[{"taxonomy":"product_brand","embeddable":true,"href":"https:\/\/mexpo.eu\/es\/wp-json\/wp\/v2\/product_brand?post=63805"},{"taxonomy":"product_cat","embeddable":true,"href":"https:\/\/mexpo.eu\/es\/wp-json\/wp\/v2\/product_cat?post=63805"},{"taxonomy":"product_tag","embeddable":true,"href":"https:\/\/mexpo.eu\/es\/wp-json\/wp\/v2\/product_tag?post=63805"}],"curies":[{"name":"wp","href":"https:\/\/api.w.org\/{rel}","templated":true}]}}