{"id":63799,"date":"2025-02-17T13:39:14","date_gmt":"2025-02-17T13:39:14","guid":{"rendered":"https:\/\/mexpo.pl?post_type=product&#038;p=63799"},"modified":"2025-02-17T15:07:49","modified_gmt":"2025-02-17T15:07:49","slug":"bolsa-de-transporte-hb-c200","status":"publish","type":"product","link":"https:\/\/mexpo.eu\/es\/produkt\/bolsa-de-transporte-hb-c200\/","title":{"rendered":"Bolsa de transporte HB-C200"},"content":{"rendered":"<p>Bolsa de transporte HB-C200 en color negro, dedicada al modelo Okayo C200. Equipada con una c\u00f3moda asa de transporte en la mano y una espuma protectora duradera. Los compartimientos especialmente dise\u00f1ados en la espuma permiten guardar y transportar de forma segura 5 dispositivos, 8 bater\u00edas y los accesorios necesarios. Adem\u00e1s, dispone de un bolsillo interior de malla, por ejemplo, para pa\u00f1uelos u otros objetos peque\u00f1os. Dimensiones: 24 x 17 x 13 cm.<\/p>\n","protected":false},"excerpt":{"rendered":"<p>Bolsa de transporte negra HB-C200 dedicada al modelo Okayo C200. Equipada con espuma dise\u00f1ada para transportar 5 dispositivos.<\/p>\n","protected":false},"featured_media":51895,"template":"","meta":{"_acf_changed":false},"product_brand":[],"product_cat":[5949,5959],"product_tag":[],"class_list":{"0":"post-63799","1":"product","2":"type-product","3":"status-publish","4":"has-post-thumbnail","6":"product_cat-intercomunicadores-para-actividades-ecuestres-es","7":"product_cat-okayo-c200-es","9":"first","10":"instock","11":"taxable","12":"shipping-taxable","13":"purchasable","14":"product-type-simple"},"acf":[],"_links":{"self":[{"href":"https:\/\/mexpo.eu\/es\/wp-json\/wp\/v2\/product\/63799","targetHints":{"allow":["GET"]}}],"collection":[{"href":"https:\/\/mexpo.eu\/es\/wp-json\/wp\/v2\/product"}],"about":[{"href":"https:\/\/mexpo.eu\/es\/wp-json\/wp\/v2\/types\/product"}],"wp:featuredmedia":[{"embeddable":true,"href":"https:\/\/mexpo.eu\/es\/wp-json\/wp\/v2\/media\/51895"}],"wp:attachment":[{"href":"https:\/\/mexpo.eu\/es\/wp-json\/wp\/v2\/media?parent=63799"}],"wp:term":[{"taxonomy":"product_brand","embeddable":true,"href":"https:\/\/mexpo.eu\/es\/wp-json\/wp\/v2\/product_brand?post=63799"},{"taxonomy":"product_cat","embeddable":true,"href":"https:\/\/mexpo.eu\/es\/wp-json\/wp\/v2\/product_cat?post=63799"},{"taxonomy":"product_tag","embeddable":true,"href":"https:\/\/mexpo.eu\/es\/wp-json\/wp\/v2\/product_tag?post=63799"}],"curies":[{"name":"wp","href":"https:\/\/api.w.org\/{rel}","templated":true}]}}