{"id":63786,"date":"2025-02-17T13:38:52","date_gmt":"2025-02-17T13:38:52","guid":{"rendered":"https:\/\/mexpo.pl?post_type=product&#038;p=63786"},"modified":"2025-02-17T15:07:41","modified_gmt":"2025-02-17T15:07:41","slug":"eqs-c200-11-sistema-digital-unidireccional-para-la-comunicacion-entre-un-instructor-de-equitacion-y-un-alumno","status":"publish","type":"product","link":"https:\/\/mexpo.eu\/es\/produkt\/eqs-c200-11-sistema-digital-unidireccional-para-la-comunicacion-entre-un-instructor-de-equitacion-y-un-alumno\/","title":{"rendered":"EQS-C200 &#8211; 1+1: sistema digital unidireccional para la comunicaci\u00f3n entre un instructor de equitaci\u00f3n y un alumno"},"content":{"rendered":"<p>El conjunto contiene:<br \/>\n\u2013 transmisor de bolsillo<br \/>\n\u2013 receptor para el jinete<br \/>\n\u2013 micr\u00f3fono de solapa LM<br \/>\n\u2013 auricular SH (u otro modelo disponible)<br \/>\n\u2013 estuche de transporte<br \/>\n\u2013 cord\u00f3n de cuello reutilizable (2 piezas)<br \/>\n\u2013 pilas (2 piezas)<br \/>\n\u2013 protecci\u00f3n antiviento para el micr\u00f3fono<\/p>\n<p>El per\u00edodo de garant\u00eda es de 3 a\u00f1os.<\/p>\n<p>Les ofrecemos asistencia t\u00e9cnica completa, actualizaciones y servicio del sistema tambi\u00e9n despu\u00e9s de que haya expirado el per\u00edodo de garant\u00eda.<\/p>\n<p>Sistema profesional de comunicaci\u00f3n digital, inal\u00e1mbrica y unidireccional para un instructor de equitaci\u00f3n y dos jinetes.<\/p>\n<p>Si est\u00e1s buscando una soluci\u00f3n profesional y asequible para la comunicaci\u00f3n a distancia entre un entrenador de equitaci\u00f3n y un jinete de un fabricante de sistemas de audio con renombre, el modelo mGuide EQS-C200 basado en el modeloCoaching-200 de la reconocida empresa Okayo Electronics es lo que necesitas.<\/p>\n<p>El EQS-C200 es un intercomunicador para la equitaci\u00f3n ligero y compacto que viene con un clip para la ropa. Cabe en un peque\u00f1o bolsillo y su peso lo hace imperceptible para el usuario. Esta caracter\u00edstica aumenta en gran medida el inter\u00e9s de los centros ecuestres en este sistema, al mismo tiempo que brinda una serie de beneficios a los participantes de las clases de equitaci\u00f3n.<\/p>\n<p>El modelo mGuide EQS-C200 es una soluci\u00f3n ideal para centros ecuestres, instructores y entrenadores de equitaci\u00f3n donde los factores m\u00e1s importantes son el ahorro de inversi\u00f3n (retorno r\u00e1pido), el ahorro de uso (bajo consumo de bater\u00eda), la facilidad de uso (reducci\u00f3n de peso y de tama\u00f1o), as\u00ed como la comodidad y simplicidad para el usuario. En combinaci\u00f3n con la perfecta calidad de transmisi\u00f3n digital que distingue a este modelo de intercomunicador ecuestre, funcionar\u00e1 mejor que los sistemas chinos baratos disponibles en el mercado.<\/p>\n<p>Caracter\u00edsticas de mGuide EQS-C200:<br \/>\n\u2013 precio competitivo<br \/>\n\u2013 compacto y muy ligero \u2013 65 g<br \/>\n\u2013 sonido claro y n\u00edtido gracias a la transmisi\u00f3n digital de sonido UHF<br \/>\n\u2013 pantalla LCD f\u00e1cil de leer con el n\u00famero de canal e indicador de bater\u00eda<\/p>\n<p>Especificaci\u00f3n t\u00e9cnica de Okayo Coaching 200:<br \/>\n\u2013 Banda de frecuencia: 863MHz ~ 865MHz<br \/>\n\u2013 N\u00famero de canales: 16<br \/>\n\u2013 Modulaci\u00f3n de emisi\u00f3n: GFSK<br \/>\n\u2013 Alcance de transmisi\u00f3n: m\u00e1s 100 metros en l\u00ednea de visi\u00f3n<br \/>\n\u2013 Tiempo de funcionamiento con 1 pila alcalina AA: receptor m\u00e1s de 20 h, transmisor m\u00e1s de 15 h<br \/>\n\u2013 Rango de temperatura de funcionamiento: -10\u2103 ~ 50\u2103<br \/>\n\u2013 Respuesta en frecuencia: 200 &#8211; 3400 Hz<br \/>\n\u2013 Dimensiones: 63 x 132 x 70 mm<br \/>\n\u2013 Peso: 65g<\/p>\n","protected":false},"excerpt":{"rendered":"<p>Set de audio para clases de equitaci\u00f3n para un instructor y un alumno. El set permite la transmisi\u00f3n inal\u00e1mbrica de la voz del entrenador de equitaci\u00f3n en un radio de m\u00e1s de 100 metros.<\/p>\n","protected":false},"featured_media":51858,"template":"","meta":{"_acf_changed":false},"product_brand":[],"product_cat":[5949,5959],"product_tag":[],"class_list":{"0":"post-63786","1":"product","2":"type-product","3":"status-publish","4":"has-post-thumbnail","6":"product_cat-intercomunicadores-para-actividades-ecuestres-es","7":"product_cat-okayo-c200-es","9":"first","10":"instock","11":"taxable","12":"shipping-taxable","13":"purchasable","14":"product-type-simple"},"acf":[],"_links":{"self":[{"href":"https:\/\/mexpo.eu\/es\/wp-json\/wp\/v2\/product\/63786","targetHints":{"allow":["GET"]}}],"collection":[{"href":"https:\/\/mexpo.eu\/es\/wp-json\/wp\/v2\/product"}],"about":[{"href":"https:\/\/mexpo.eu\/es\/wp-json\/wp\/v2\/types\/product"}],"wp:featuredmedia":[{"embeddable":true,"href":"https:\/\/mexpo.eu\/es\/wp-json\/wp\/v2\/media\/51858"}],"wp:attachment":[{"href":"https:\/\/mexpo.eu\/es\/wp-json\/wp\/v2\/media?parent=63786"}],"wp:term":[{"taxonomy":"product_brand","embeddable":true,"href":"https:\/\/mexpo.eu\/es\/wp-json\/wp\/v2\/product_brand?post=63786"},{"taxonomy":"product_cat","embeddable":true,"href":"https:\/\/mexpo.eu\/es\/wp-json\/wp\/v2\/product_cat?post=63786"},{"taxonomy":"product_tag","embeddable":true,"href":"https:\/\/mexpo.eu\/es\/wp-json\/wp\/v2\/product_tag?post=63786"}],"curies":[{"name":"wp","href":"https:\/\/api.w.org\/{rel}","templated":true}]}}