{"id":63756,"date":"2025-02-17T13:38:30","date_gmt":"2025-02-17T13:38:30","guid":{"rendered":"https:\/\/mexpo.pl?post_type=product&#038;p=63756"},"modified":"2025-02-17T15:07:23","modified_gmt":"2025-02-17T15:07:23","slug":"headset-conjunto-de-auriculares-con-microfono-hsm-32pu","status":"publish","type":"product","link":"https:\/\/mexpo.eu\/es\/produkt\/headset-conjunto-de-auriculares-con-microfono-hsm-32pu\/","title":{"rendered":"Headset (conjunto de auriculares con micr\u00f3fono) HSM-32PU"},"content":{"rendered":"<p>Auriculares de diadema con funci\u00f3n de cancelaci\u00f3n de ruido. El brazo de micr\u00f3fono flexible permite ajustar y optimizar la posici\u00f3n del micr\u00f3fono.<\/p>\n","protected":false},"excerpt":{"rendered":"<p>Auriculares de diadema con funci\u00f3n de cancelaci\u00f3n de ruido. El brazo de micr\u00f3fono flexible permite ajustar y optimizar la posici\u00f3n del micr\u00f3fono.<\/p>\n","protected":false},"featured_media":51799,"template":"","meta":{"_acf_changed":false},"product_brand":[],"product_cat":[5230,5232],"product_tag":[],"class_list":{"0":"post-63756","1":"product","2":"type-product","3":"status-publish","4":"has-post-thumbnail","6":"product_cat-headsets-sistemas-de-radioguias","7":"product_cat-headsets-sistemas-de-intercomunicacion","9":"first","10":"instock","11":"taxable","12":"shipping-taxable","13":"purchasable","14":"product-type-simple"},"acf":[],"_links":{"self":[{"href":"https:\/\/mexpo.eu\/es\/wp-json\/wp\/v2\/product\/63756","targetHints":{"allow":["GET"]}}],"collection":[{"href":"https:\/\/mexpo.eu\/es\/wp-json\/wp\/v2\/product"}],"about":[{"href":"https:\/\/mexpo.eu\/es\/wp-json\/wp\/v2\/types\/product"}],"wp:featuredmedia":[{"embeddable":true,"href":"https:\/\/mexpo.eu\/es\/wp-json\/wp\/v2\/media\/51799"}],"wp:attachment":[{"href":"https:\/\/mexpo.eu\/es\/wp-json\/wp\/v2\/media?parent=63756"}],"wp:term":[{"taxonomy":"product_brand","embeddable":true,"href":"https:\/\/mexpo.eu\/es\/wp-json\/wp\/v2\/product_brand?post=63756"},{"taxonomy":"product_cat","embeddable":true,"href":"https:\/\/mexpo.eu\/es\/wp-json\/wp\/v2\/product_cat?post=63756"},{"taxonomy":"product_tag","embeddable":true,"href":"https:\/\/mexpo.eu\/es\/wp-json\/wp\/v2\/product_tag?post=63756"}],"curies":[{"name":"wp","href":"https:\/\/api.w.org\/{rel}","templated":true}]}}