{"id":63721,"date":"2025-02-17T13:38:07","date_gmt":"2025-02-17T13:38:07","guid":{"rendered":"https:\/\/mexpo.pl?post_type=product&#038;p=63721"},"modified":"2025-02-17T15:07:09","modified_gmt":"2025-02-17T15:07:09","slug":"headset-conjunto-de-auriculares-con-microfono-dt-802a","status":"publish","type":"product","link":"https:\/\/mexpo.eu\/es\/produkt\/headset-conjunto-de-auriculares-con-microfono-dt-802a\/","title":{"rendered":"Headset (conjunto de auriculares con micr\u00f3fono) DT-802A"},"content":{"rendered":"<p>El headset dise\u00f1ado para los usuarios del modelo mGuide DLR-02 garantizar\u00e1 una excelente recepci\u00f3n tanto en receptores como en transmisores. Tambi\u00e9n es adecuado para los transmisores del modelo DLR-01.<\/p>\n<p>El auricular se adapta tanto a la oreja izquierda como a la derecha. El brazo flexible del micr\u00f3fono se puede plegar hacia atr\u00e1s cuando no est\u00e1 en uso.<\/p>\n<p>El headset es muy ligero y c\u00f3modo de llevar.<\/p>\n<p><strong>NOTA: El headset DT-802A s\u00f3lo es compatible con el modelo mGuide DLR-02 (transmisores y receptores) y con los transmisores DLR-01. El modelo DT-802A no es compatible con los modelos Okayo.<\/strong><\/p>\n","protected":false},"excerpt":{"rendered":"<p>Headset para los modelos mGuide DLR, un auricular supraaural ligero y c\u00f3modo con un micr\u00f3fono en un brazo flexible que garantizar\u00e1n una excelente calidad de transmisi\u00f3n.<\/p>\n","protected":false},"featured_media":51755,"template":"","meta":{"_acf_changed":false},"product_brand":[],"product_cat":[5230,5232],"product_tag":[],"class_list":{"0":"post-63721","1":"product","2":"type-product","3":"status-publish","4":"has-post-thumbnail","6":"product_cat-headsets-sistemas-de-radioguias","7":"product_cat-headsets-sistemas-de-intercomunicacion","9":"first","10":"instock","11":"taxable","12":"shipping-taxable","13":"purchasable","14":"product-type-simple"},"acf":[],"_links":{"self":[{"href":"https:\/\/mexpo.eu\/es\/wp-json\/wp\/v2\/product\/63721","targetHints":{"allow":["GET"]}}],"collection":[{"href":"https:\/\/mexpo.eu\/es\/wp-json\/wp\/v2\/product"}],"about":[{"href":"https:\/\/mexpo.eu\/es\/wp-json\/wp\/v2\/types\/product"}],"wp:featuredmedia":[{"embeddable":true,"href":"https:\/\/mexpo.eu\/es\/wp-json\/wp\/v2\/media\/51755"}],"wp:attachment":[{"href":"https:\/\/mexpo.eu\/es\/wp-json\/wp\/v2\/media?parent=63721"}],"wp:term":[{"taxonomy":"product_brand","embeddable":true,"href":"https:\/\/mexpo.eu\/es\/wp-json\/wp\/v2\/product_brand?post=63721"},{"taxonomy":"product_cat","embeddable":true,"href":"https:\/\/mexpo.eu\/es\/wp-json\/wp\/v2\/product_cat?post=63721"},{"taxonomy":"product_tag","embeddable":true,"href":"https:\/\/mexpo.eu\/es\/wp-json\/wp\/v2\/product_tag?post=63721"}],"curies":[{"name":"wp","href":"https:\/\/api.w.org\/{rel}","templated":true}]}}