{"id":63714,"date":"2025-02-17T13:38:06","date_gmt":"2025-02-17T13:38:06","guid":{"rendered":"https:\/\/mexpo.pl?post_type=product&#038;p=63714"},"modified":"2025-02-17T15:07:06","modified_gmt":"2025-02-17T15:07:06","slug":"paquete-receptor-tourguide-okayo-wt-350d-50-piezas","status":"publish","type":"product","link":"https:\/\/mexpo.eu\/es\/produkt\/paquete-receptor-tourguide-okayo-wt-350d-50-piezas\/","title":{"rendered":"Paquete receptor Tourguide &#8211; Okayo WT-350D (50 piezas)"},"content":{"rendered":"<p>Receptor para el sistema tourguide digital Okayo WT-350D City Jungle Edition. El dispositivo est\u00e1 equipado con un bot\u00f3n PTT (Push-To-Talk), que le permite hacer preguntas en el momento adecuado, indicado por el gu\u00eda tur\u00edstico.<\/p>\n<p>El receptor de comunicaci\u00f3n inal\u00e1mbrica Okayo WT-350D City Jungle, de color amarillo, combina a la perfecci\u00f3n con el transmisor verde tenue, y le da al sistema un toque urbano.<\/p>\n<p>Prestando atenci\u00f3n a las necesidades y expectativas de los clientes, la funci\u00f3n de cambio de canal a distancia hace que el sistema tourguide pr\u00e1cticamente no requiera mantenimiento desde el receptor. Adem\u00e1s, el participante del tour ser\u00e1 informado si se aleja demasiado del grupo mediante una \u00abalarma de p\u00e9rdida de alcance\u00bb, si elegimos activar esta opci\u00f3n.<\/p>\n<p>Caracter\u00edsticas de Okayo WT-350D:<\/p>\n<p>&#8211; transmisi\u00f3n digital<br \/>\n&#8211; 44 canales<br \/>\n&#8211; funci\u00f3n HAC<br \/>\n&#8211; duraci\u00f3n de la bater\u00eda: m\u00e1s de 15 horas (transmisor), m\u00e1s de 20 horas (receptor)<br \/>\n&#8211; alcance \u00f3ptimo (hasta 100 m en l\u00ednea de visi\u00f3n)<br \/>\n&#8211; compacto (63 x 132 x 70 mm) y ligero (aprox. 65 g con bater\u00eda)<br \/>\n&#8211; dise\u00f1o moderno, carcasa resistente a la suciedad y los da\u00f1os<br \/>\n&#8211; pantalla con indicador de nivel de bater\u00eda<br \/>\n&#8211; micr\u00f3fono incorporado en el transmisor y el receptor<br \/>\n&#8211; sistema 2 en 1: posibilidad de activar\/desactivar la funci\u00f3n Talk-back (conversaci\u00f3n bidireccional) desde el transmisor<br \/>\n&#8211; alimentado por 1 bater\u00eda AA o 1 bater\u00eda Ni-MH<\/p>\n<p>Usos:<br \/>\nEl sistema tourguide digital Okayo WT-350D fue creado pensando en el sector de turismo, donde se presta especial atenci\u00f3n a la facilidad de uso y la m\u00e1s alta calidad de sonido.<\/p>\n","protected":false},"excerpt":{"rendered":"<p>Pack de 50 receptores para el sistema de gu\u00eda tur\u00edstico Okayo WT-350D. Una continuaci\u00f3n digital del modelo anal\u00f3gico del sistema de gu\u00eda tur\u00edstica WT-350 con funciones adicionales gratuitas. \u00a1Elige un paquete y disfruta del descuento!<\/p>\n","protected":false},"featured_media":51754,"template":"","meta":{"_acf_changed":false},"product_brand":[],"product_cat":[5237],"product_tag":[],"class_list":{"0":"post-63714","1":"product","2":"type-product","3":"status-publish","4":"has-post-thumbnail","6":"product_cat-conjuntos-de-radioguias","8":"first","9":"outofstock","10":"taxable","11":"shipping-taxable","12":"purchasable","13":"product-type-simple"},"acf":[],"_links":{"self":[{"href":"https:\/\/mexpo.eu\/es\/wp-json\/wp\/v2\/product\/63714","targetHints":{"allow":["GET"]}}],"collection":[{"href":"https:\/\/mexpo.eu\/es\/wp-json\/wp\/v2\/product"}],"about":[{"href":"https:\/\/mexpo.eu\/es\/wp-json\/wp\/v2\/types\/product"}],"wp:featuredmedia":[{"embeddable":true,"href":"https:\/\/mexpo.eu\/es\/wp-json\/wp\/v2\/media\/51754"}],"wp:attachment":[{"href":"https:\/\/mexpo.eu\/es\/wp-json\/wp\/v2\/media?parent=63714"}],"wp:term":[{"taxonomy":"product_brand","embeddable":true,"href":"https:\/\/mexpo.eu\/es\/wp-json\/wp\/v2\/product_brand?post=63714"},{"taxonomy":"product_cat","embeddable":true,"href":"https:\/\/mexpo.eu\/es\/wp-json\/wp\/v2\/product_cat?post=63714"},{"taxonomy":"product_tag","embeddable":true,"href":"https:\/\/mexpo.eu\/es\/wp-json\/wp\/v2\/product_tag?post=63714"}],"curies":[{"name":"wp","href":"https:\/\/api.w.org\/{rel}","templated":true}]}}