{"id":63635,"date":"2025-02-17T13:37:21","date_gmt":"2025-02-17T13:37:21","guid":{"rendered":"https:\/\/mexpo.pl?post_type=product&#038;p=63635"},"modified":"2025-08-05T09:57:06","modified_gmt":"2025-08-05T09:57:06","slug":"sistema-de-radioguia-transmisor-okayo-wt-350d","status":"publish","type":"product","link":"https:\/\/mexpo.eu\/es\/produkt\/sistema-de-radioguia-transmisor-okayo-wt-350d\/","title":{"rendered":"Sistema de Radiogu\u00eda &#8211; Transmisor Okayo WT-350D"},"content":{"rendered":"<p><span style=\"color: #800000;\">El modelo Okayo WT-350D City Jungle Edition no es compatible con el sistema anal\u00f3gico Okayo WT-350. <strong>Para el transmisor Okayo WT-350D es necesario adquirir un auricular (headset) por separado.<\/strong><\/span><\/p>\n<p>Transmisor para el sistema tourguide digital Okayo WT-350D City Jungle Edition.<\/p>\n<p>El dispositivo cuenta con una pantalla de f\u00e1cil lectura, LED de se\u00f1alizaci\u00f3n y un micr\u00f3fono incorporado. Para obtener la m\u00e1xima calidad de sonido, se recomienda conectar unos auriculares externos.<\/p>\n<p>El transmisor Okayo WT-350D City Jungle Edition de color verde tenue, combinado con el receptor amarillo, ofrece al sistema un car\u00e1cter \u00fanico y, como su nombre indica, urbano.<\/p>\n<p>El sistema de comunicaci\u00f3n inal\u00e1mbrica Okayo WT-350D fue creado para el sector de turismo, donde la seguridad y el control del grupo son importantes.<\/p>\n<p>Por este motivo, el transmisor est\u00e1 equipado con un interruptor que permite activar la conversaci\u00f3n bidireccional, de modo que el gu\u00eda pueda dar voz a los participantes del tour en el momento oportuno. Esta funci\u00f3n aumenta la sensaci\u00f3n de seguridad, ya que permite al gu\u00eda estar informado si un participante se aleja accidentalmente del grupo, o hacer preguntas durante un viaje en autob\u00fas, por ejemplo.<\/p>\n<p>Adem\u00e1s, el uso de la transmisi\u00f3n digital en lugar de la anal\u00f3gica nos brinda nuevas posibilidades, como aumentar la potencia del dispositivo para obtener un mayor alcance o cambiar r\u00e1pidamente de canal a distancia desde el transmisor durante la visita.<\/p>\n","protected":false},"excerpt":{"rendered":"<p>Transmisor para el sistema tourguide digital Okayo WT-350D City Jungle Edition.<\/p>\n<p>&nbsp;<\/p>\n<p>El dispositivo cuenta con una pantalla de f\u00e1cil lectura, LED de se\u00f1alizaci\u00f3n y un micr\u00f3fono incorporado. Para obtener la m\u00e1xima calidad de sonido, se recomienda conectar unos auriculares externos.<\/p>\n<p>&nbsp;<\/p>\n<p>El transmisor Okayo WT-350D City Jungle Edition de color verde tenue, combinado con el receptor amarillo, ofrece al sistema un car\u00e1cter \u00fanico y, como su nombre indica, urbano.<\/p>\n<p>&nbsp;<\/p>\n<p>El sistema de comunicaci\u00f3n inal\u00e1mbrica Okayo WT-350D fue creado para el sector de turismo, donde la seguridad y el control del grupo son importantes.<\/p>\n<p>Por este motivo, el transmisor est\u00e1 equipado con un interruptor que permite activar la conversaci\u00f3n bidireccional, de modo que el gu\u00eda pueda dar voz a los participantes del tour en el momento oportuno. Esta funci\u00f3n aumenta la sensaci\u00f3n de seguridad, ya que permite al gu\u00eda estar informado si un participante se aleja accidentalmente del grupo, o hacer preguntas durante un viaje en autob\u00fas, por ejemplo.<\/p>\n<p>&nbsp;<\/p>\n<p>Adem\u00e1s, el uso de la transmisi\u00f3n digital en lugar de la anal\u00f3gica nos brinda nuevas posibilidades, como aumentar la potencia del dispositivo para obtener un mayor alcance o cambiar r\u00e1pidamente de canal a distancia desde el transmisor durante la visita.<\/p>\n","protected":false},"featured_media":60710,"template":"","meta":{"_acf_changed":false},"product_brand":[],"product_cat":[5228],"product_tag":[],"class_list":{"0":"post-63635","1":"product","2":"type-product","3":"status-publish","4":"has-post-thumbnail","6":"product_cat-transmisores-y-receptores","8":"first","9":"instock","10":"taxable","11":"shipping-taxable","12":"purchasable","13":"product-type-simple"},"acf":[],"_links":{"self":[{"href":"https:\/\/mexpo.eu\/es\/wp-json\/wp\/v2\/product\/63635","targetHints":{"allow":["GET"]}}],"collection":[{"href":"https:\/\/mexpo.eu\/es\/wp-json\/wp\/v2\/product"}],"about":[{"href":"https:\/\/mexpo.eu\/es\/wp-json\/wp\/v2\/types\/product"}],"wp:featuredmedia":[{"embeddable":true,"href":"https:\/\/mexpo.eu\/es\/wp-json\/wp\/v2\/media\/60710"}],"wp:attachment":[{"href":"https:\/\/mexpo.eu\/es\/wp-json\/wp\/v2\/media?parent=63635"}],"wp:term":[{"taxonomy":"product_brand","embeddable":true,"href":"https:\/\/mexpo.eu\/es\/wp-json\/wp\/v2\/product_brand?post=63635"},{"taxonomy":"product_cat","embeddable":true,"href":"https:\/\/mexpo.eu\/es\/wp-json\/wp\/v2\/product_cat?post=63635"},{"taxonomy":"product_tag","embeddable":true,"href":"https:\/\/mexpo.eu\/es\/wp-json\/wp\/v2\/product_tag?post=63635"}],"curies":[{"name":"wp","href":"https:\/\/api.w.org\/{rel}","templated":true}]}}