{"id":63583,"date":"2025-02-17T13:36:39","date_gmt":"2025-02-17T13:36:39","guid":{"rendered":"https:\/\/mexpo.pl?post_type=product&#038;p=63583"},"modified":"2025-02-17T15:06:18","modified_gmt":"2025-02-17T15:06:18","slug":"mguide-gst-g3-intercomunicador-para-horeca-radio-adicional-para-los-conjuntos-eqs-4-ski-1-velo-1","status":"publish","type":"product","link":"https:\/\/mexpo.eu\/es\/produkt\/mguide-gst-g3-intercomunicador-para-horeca-radio-adicional-para-los-conjuntos-eqs-4-ski-1-velo-1\/","title":{"rendered":"mGuide GST G3: intercomunicador para HoReCa | radio adicional para los conjuntos EQS-4, SKI-1, VELO-1"},"content":{"rendered":"<p>Radio personal para empleados de HORECA: camareros y ayudantes de cocina, miembros del equipo de limpieza, seguridad.<\/p>\n<p>mGuide GST es un sistema de comunicaci\u00f3n inal\u00e1mbrica que mejora la comunicaci\u00f3n y facilita la organizaci\u00f3n del trabajo en la industria HORECA.<\/p>\n<p>El mGuide GST resultar\u00e1 \u00fatil, por ejemplo, para la comunicaci\u00f3n entre:<\/p>\n<ul>\n<li>la cocina y el personal de sala de un restaurante,<\/li>\n<li>los camareros y el equipo de organizaci\u00f3n durante eventos,<\/li>\n<li>el jefe de sala y el personal durante el catering o las recepciones,<\/li>\n<li>la recepci\u00f3n del hotel y el personal de limpieza o seguridad.<\/li>\n<\/ul>\n","protected":false},"excerpt":{"rendered":"<p>Radio personal para PROFESIONALES de HORECA: camareros y ayudantes de cocina, miembros del equipo de limpieza, seguridad.<\/p>\n","protected":false},"featured_media":51345,"template":"","meta":{"_acf_changed":false},"product_brand":[],"product_cat":[5949,5456,5969,5454,5962],"product_tag":[],"class_list":{"0":"post-63583","1":"product","2":"type-product","3":"status-publish","4":"has-post-thumbnail","6":"product_cat-intercomunicadores-para-actividades-ecuestres-es","7":"product_cat-intercomunicadores-para-deportes-ciclistas","8":"product_cat-intercomunicadores-para-esquiar-es","9":"product_cat-intercomunicadores-para-gastronomia-horeca","10":"product_cat-mguide-gst-es","12":"first","13":"instock","14":"taxable","15":"shipping-taxable","16":"purchasable","17":"product-type-simple"},"acf":[],"_links":{"self":[{"href":"https:\/\/mexpo.eu\/es\/wp-json\/wp\/v2\/product\/63583","targetHints":{"allow":["GET"]}}],"collection":[{"href":"https:\/\/mexpo.eu\/es\/wp-json\/wp\/v2\/product"}],"about":[{"href":"https:\/\/mexpo.eu\/es\/wp-json\/wp\/v2\/types\/product"}],"wp:featuredmedia":[{"embeddable":true,"href":"https:\/\/mexpo.eu\/es\/wp-json\/wp\/v2\/media\/51345"}],"wp:attachment":[{"href":"https:\/\/mexpo.eu\/es\/wp-json\/wp\/v2\/media?parent=63583"}],"wp:term":[{"taxonomy":"product_brand","embeddable":true,"href":"https:\/\/mexpo.eu\/es\/wp-json\/wp\/v2\/product_brand?post=63583"},{"taxonomy":"product_cat","embeddable":true,"href":"https:\/\/mexpo.eu\/es\/wp-json\/wp\/v2\/product_cat?post=63583"},{"taxonomy":"product_tag","embeddable":true,"href":"https:\/\/mexpo.eu\/es\/wp-json\/wp\/v2\/product_tag?post=63583"}],"curies":[{"name":"wp","href":"https:\/\/api.w.org\/{rel}","templated":true}]}}