{"id":63568,"date":"2025-02-17T13:36:18","date_gmt":"2025-02-17T13:36:18","guid":{"rendered":"https:\/\/mexpo.pl?post_type=product&#038;p=63568"},"modified":"2025-06-10T10:54:51","modified_gmt":"2025-06-10T10:54:51","slug":"headset-conjunto-de-auriculares-con-microfono-elm-01","status":"publish","type":"product","link":"https:\/\/mexpo.eu\/es\/produkt\/headset-conjunto-de-auriculares-con-microfono-elm-01\/","title":{"rendered":"Headset (conjunto de auriculares con micr\u00f3fono) ELM-01"},"content":{"rendered":"<p>Un auricular ligero equipado con auriculares intrauditivos y un peque\u00f1o bot\u00f3n PTT. El conjunto incluye tama\u00f1os adicionales de almohadillas de repuesto para los o\u00eddos y un clip para sujetar el cable a la ropa.<\/p>\n","protected":false},"excerpt":{"rendered":"<p>Un auricular ligero equipado con auriculares intrauditivos y un peque\u00f1o bot\u00f3n PTT. El conjunto incluye tama\u00f1os adicionales de almohadillas de repuesto para los o\u00eddos y un clip para sujetar el cable a la ropa.<\/p>\n","protected":false},"featured_media":65619,"template":"","meta":{"_acf_changed":false},"product_brand":[],"product_cat":[5230,5232],"product_tag":[],"class_list":{"0":"post-63568","1":"product","2":"type-product","3":"status-publish","4":"has-post-thumbnail","6":"product_cat-headsets-sistemas-de-radioguias","7":"product_cat-headsets-sistemas-de-intercomunicacion","9":"first","10":"instock","11":"taxable","12":"shipping-taxable","13":"purchasable","14":"product-type-variable"},"acf":[],"_links":{"self":[{"href":"https:\/\/mexpo.eu\/es\/wp-json\/wp\/v2\/product\/63568","targetHints":{"allow":["GET"]}}],"collection":[{"href":"https:\/\/mexpo.eu\/es\/wp-json\/wp\/v2\/product"}],"about":[{"href":"https:\/\/mexpo.eu\/es\/wp-json\/wp\/v2\/types\/product"}],"wp:featuredmedia":[{"embeddable":true,"href":"https:\/\/mexpo.eu\/es\/wp-json\/wp\/v2\/media\/65619"}],"wp:attachment":[{"href":"https:\/\/mexpo.eu\/es\/wp-json\/wp\/v2\/media?parent=63568"}],"wp:term":[{"taxonomy":"product_brand","embeddable":true,"href":"https:\/\/mexpo.eu\/es\/wp-json\/wp\/v2\/product_brand?post=63568"},{"taxonomy":"product_cat","embeddable":true,"href":"https:\/\/mexpo.eu\/es\/wp-json\/wp\/v2\/product_cat?post=63568"},{"taxonomy":"product_tag","embeddable":true,"href":"https:\/\/mexpo.eu\/es\/wp-json\/wp\/v2\/product_tag?post=63568"}],"curies":[{"name":"wp","href":"https:\/\/api.w.org\/{rel}","templated":true}]}}