{"id":63555,"date":"2025-02-17T13:36:16","date_gmt":"2025-02-17T13:36:16","guid":{"rendered":"https:\/\/mexpo.pl?post_type=product&#038;p=63555"},"modified":"2025-02-17T15:06:03","modified_gmt":"2025-02-17T15:06:03","slug":"conjunto-tourguide-mguide-dlr-02-m-38-2","status":"publish","type":"product","link":"https:\/\/mexpo.eu\/es\/produkt\/conjunto-tourguide-mguide-dlr-02-m-38-2\/","title":{"rendered":"Conjunto tourguide mGuide DLR-02 | M (38 + 2)"},"content":{"rendered":"<p><strong>El conjunto incluye:<\/strong><\/p>\n<ul>\n<li>38 x DLR-02P<\/li>\n<li>2 x DLR-02L<\/li>\n<li>38 x headset ELM-01<\/li>\n<li>2 x headset EHR-03S<\/li>\n<li>1 x CB- 40x<\/li>\n<\/ul>\n<p><strong>El conjunto NO incluye cord\u00f3n de cuello.<\/strong><\/p>\n<p>El modelo mGuide DLR-02 es un sistema digital bidireccional que funciona a una frecuencia de 2,4 GHz. Es una frecuencia global sin licencia que proporciona capacidad de comunicaci\u00f3n en todos los continentes. Los gu\u00edas tur\u00edsticos disponen ahora de una \u00fanica herramienta para todos los viajes, eliminando la necesidad de comprar sistemas separados para diferentes destinos.<\/p>\n<p>Adem\u00e1s, el modo full d\u00faplex no s\u00f3lo facilita la comunicaci\u00f3n entre el gu\u00eda y el visitante, sino que tambi\u00e9n abre la puerta a una conversaci\u00f3n libre y sin obst\u00e1culos. Es una soluci\u00f3n ideal para los que quieran ofrecer a los visitantes la posibilidad de hacer preguntas.<\/p>\n<p>Adem\u00e1s, gracias a la entrada AUX-IN, se puede conectar una fuente de sonido externa, a\u00f1adiendo una ambientaci\u00f3n musical \u00fanica o sustituyendo el silencio en momentos sin el comentario del gu\u00eda.<\/p>\n<p>El modelo mGuide DLR-02 es totalmente compatible con el modelo unidireccional mGuide DLR-01 existente, lo que significa que los accesorios y dispositivos se pueden combinar sin problemas.<\/p>\n<p>Ofrecemos una garant\u00eda de 3 a\u00f1os para el sistema.<\/p>\n<p><strong>Caracter\u00edsticas de mGuide DLR-02:<\/strong><\/p>\n<ul>\n<li>Frecuencia de 2,4 GHz sin licencia en todo el mundo.<\/li>\n<li>Comunicaci\u00f3n bidireccional entre dos dispositivos con escucha simult\u00e1nea por parte de los dem\u00e1s usuarios.<\/li>\n<li>Alta calidad de sonido digital.<\/li>\n<li>Selecci\u00f3n de sensibilidad del micr\u00f3fono en 5 niveles y entrada AUX para reproducir m\u00fasica de fondo.<\/li>\n<li>Posibilidad de escuchar la voz del presentador con cualquier m\u00fasica de fondo o efecto de sonido favorito.<\/li>\n<li>Configuraci\u00f3n extremadamente sencilla en solo 3 pasos y funciones f\u00e1ciles de usar.<\/li>\n<li>Pantalla LCD legible.<\/li>\n<li>Alcance de hasta 150 metros en l\u00ednea de visi\u00f3n.<\/li>\n<li>Dimensiones compactas: 50 x 88 x 16,5 mm<\/li>\n<li>C\u00f3modo sistema de carga por USB o drop-in.<\/li>\n<\/ul>\n<p><strong>Transmisor mGuide DLR-02L<\/strong><\/p>\n<p>El transmisor mGuide DLR-02L act\u00faa como l\u00edder del sistema tourguide bidireccional mGuide DLR-02. El dispositivo funciona a una frecuencia internacional de 2,4 GHz. Cuenta con una pantalla LCD, entrada AUX-IN, carga de tipo drop-in, entrada USB-C y permite ajustar la sensibilidad del micr\u00f3fono.<br \/>\nDimensiones: 50 x 88 x 16,5 mm<br \/>\nPeso: 65g<\/p>\n<p><strong>Receptor mGuide DLR-02P<\/strong><\/p>\n<p>El receptor mGuide DLR-02L act\u00faa como dispositivo usuario del sistema tourguide bidireccional mGuide DLR-02. El dispositivo funciona a una frecuencia internacional de 2,4 GHz. Cuenta con una pantalla LCD de f\u00e1cil lectura, carga de tipo drop-in y entrada USB-C.<br \/>\nDimensiones: 50 x 88 x 16,5 mm<br \/>\nPeso: 65g<\/p>\n<p><strong>Conjunto auriculares con micr\u00f3fono (headset) EHR-03S<\/strong><\/p>\n<p>Headset tras nuca para la oreja izquierda. Es ligero, flexible y tiene un micr\u00f3fono ajustable. Ideal para formaciones, capacitaciones, eventos deportivos o para guiar a un grupo.<\/p>\n<p><strong>ELM-01<\/strong><\/p>\n<p>Headset ligero equipado con auriculares intrauditivos y un peque\u00f1o bot\u00f3n PTT. El juego incluye almohadillas desechables de diferentes tama\u00f1os para auriculares y un clip para sujetar el cable a la ropa.<\/p>\n<p><strong>Maleta de carga CB-40x<\/strong><\/p>\n<p>Cargador especializado en forma de maleta resistente para 40 dispositivos mGuide DLR-02. El conjunto incluye una fuente de alimentaci\u00f3n y un cable. Los receptores y los transmisores se colocan en bolsillos dedicados dentro de la maleta. Tiempo de carga desde la descarga completa hasta la carga completa es de aprox. 5,5 horas.<br \/>\nDimensiones: 630 x 420 x 150 mm<br \/>\nPeso: aprox. 6 kg<\/p>\n","protected":false},"excerpt":{"rendered":"<p>Set tourguide de tama\u00f1o mediano, compuesto por el sistema mGuide DLR-02 para un grupo de 38 personas con 1 o 2 gu\u00edas tur\u00edsticos. El sistema opera en la frecuencia internacional de 2,4 GHz que cubre todos los continentes. El conjunto se coloca en un pr\u00e1ctico malet\u00edn de transporte que tambi\u00e9n sirve como cargador port\u00e1til. Adem\u00e1s, incluye los auriculares necesarios.<\/p>\n","protected":false},"featured_media":48455,"template":"","meta":{"_acf_changed":false},"product_brand":[],"product_cat":[5237],"product_tag":[],"class_list":{"0":"post-63555","1":"product","2":"type-product","3":"status-publish","4":"has-post-thumbnail","6":"product_cat-conjuntos-de-radioguias","8":"first","9":"instock","10":"taxable","11":"shipping-taxable","12":"purchasable","13":"product-type-simple"},"acf":[],"_links":{"self":[{"href":"https:\/\/mexpo.eu\/es\/wp-json\/wp\/v2\/product\/63555","targetHints":{"allow":["GET"]}}],"collection":[{"href":"https:\/\/mexpo.eu\/es\/wp-json\/wp\/v2\/product"}],"about":[{"href":"https:\/\/mexpo.eu\/es\/wp-json\/wp\/v2\/types\/product"}],"wp:featuredmedia":[{"embeddable":true,"href":"https:\/\/mexpo.eu\/es\/wp-json\/wp\/v2\/media\/48455"}],"wp:attachment":[{"href":"https:\/\/mexpo.eu\/es\/wp-json\/wp\/v2\/media?parent=63555"}],"wp:term":[{"taxonomy":"product_brand","embeddable":true,"href":"https:\/\/mexpo.eu\/es\/wp-json\/wp\/v2\/product_brand?post=63555"},{"taxonomy":"product_cat","embeddable":true,"href":"https:\/\/mexpo.eu\/es\/wp-json\/wp\/v2\/product_cat?post=63555"},{"taxonomy":"product_tag","embeddable":true,"href":"https:\/\/mexpo.eu\/es\/wp-json\/wp\/v2\/product_tag?post=63555"}],"curies":[{"name":"wp","href":"https:\/\/api.w.org\/{rel}","templated":true}]}}