{"id":63534,"date":"2025-02-17T13:35:55","date_gmt":"2025-02-17T13:35:55","guid":{"rendered":"https:\/\/mexpo.pl?post_type=product&#038;p=63534"},"modified":"2025-02-17T15:05:52","modified_gmt":"2025-02-17T15:05:52","slug":"radioguia-transmisor-mguide-dlr-02","status":"publish","type":"product","link":"https:\/\/mexpo.eu\/es\/produkt\/radioguia-transmisor-mguide-dlr-02\/","title":{"rendered":"Radioguia &#8211; Transmisor mGuide DLR-02"},"content":{"rendered":"<p>El transmisor est\u00e1 dedicado al sistema mGuide DLR-02. El dispositivo se caracteriza por una alta calidad de sonido.<\/p>\n<p>El transmisor tiene una pantalla LCD clara que facilita su uso.<\/p>\n<p>El dispositivo est\u00e1 inmediatamente listo para funcionar. S\u00f3lo tiene que conectar los auriculares de su elecci\u00f3n al transmisor, encenderlo y seleccionar el n\u00famero de grupo (canal) que prefiera.<\/p>\n<p>Gracias a la entrada AUX-IN incorporada, se puede conectar una fuente de sonido externa al transmisor, a\u00f1adiendo una ambientaci\u00f3n musical \u00fanica o sustituyendo el silencio en momentos sin el comentario del gu\u00eda.<\/p>\n<p>El transmisor mGuide DLR-02L est\u00e1 equipado con contactos de carga, lo que le permite cargar los dispositivos en el malet\u00edn de carga colectivo CB-20x o CB-40x. Adem\u00e1s, cuenta con una entrada de tipo USB-C, lo que permite cargar el dispositivo mediante un cable USB-C.<\/p>\n<p>El modelo mGuide DLR-02 es un sistema digital bidireccional que funciona a una frecuencia de 2,4 GHz.<\/p>\n<p>Es una frecuencia global sin licencia que proporciona capacidad de comunicaci\u00f3n en todos los continentes. Los gu\u00edas tur\u00edsticos disponen ahora de una \u00fanica herramienta para todos los viajes, eliminando la necesidad de comprar sistemas separados para diferentes destinos.<\/p>\n<p>Ofrecemos una garant\u00eda de 3 a\u00f1os para el dispositivo.<\/p>\n","protected":false},"excerpt":{"rendered":"<p>El transmisor mGuide DLR-02L act\u00faa como l\u00edder del sistema tourguide bidireccional mGuide DLR-02. El sistema mGuide DLR-02 es compatible con el modelo unidireccional mGuide DLR-01. Este sistema tourguide es ideal para aplicaciones tur\u00edsticas y comerciales.<\/p>\n","protected":false},"featured_media":60585,"template":"","meta":{"_acf_changed":false},"product_brand":[],"product_cat":[5228],"product_tag":[],"class_list":{"0":"post-63534","1":"product","2":"type-product","3":"status-publish","4":"has-post-thumbnail","6":"product_cat-transmisores-y-receptores","8":"first","9":"instock","10":"taxable","11":"shipping-taxable","12":"purchasable","13":"product-type-simple"},"acf":[],"_links":{"self":[{"href":"https:\/\/mexpo.eu\/es\/wp-json\/wp\/v2\/product\/63534","targetHints":{"allow":["GET"]}}],"collection":[{"href":"https:\/\/mexpo.eu\/es\/wp-json\/wp\/v2\/product"}],"about":[{"href":"https:\/\/mexpo.eu\/es\/wp-json\/wp\/v2\/types\/product"}],"wp:featuredmedia":[{"embeddable":true,"href":"https:\/\/mexpo.eu\/es\/wp-json\/wp\/v2\/media\/60585"}],"wp:attachment":[{"href":"https:\/\/mexpo.eu\/es\/wp-json\/wp\/v2\/media?parent=63534"}],"wp:term":[{"taxonomy":"product_brand","embeddable":true,"href":"https:\/\/mexpo.eu\/es\/wp-json\/wp\/v2\/product_brand?post=63534"},{"taxonomy":"product_cat","embeddable":true,"href":"https:\/\/mexpo.eu\/es\/wp-json\/wp\/v2\/product_cat?post=63534"},{"taxonomy":"product_tag","embeddable":true,"href":"https:\/\/mexpo.eu\/es\/wp-json\/wp\/v2\/product_tag?post=63534"}],"curies":[{"name":"wp","href":"https:\/\/api.w.org\/{rel}","templated":true}]}}