{"id":63492,"date":"2025-02-17T13:35:33","date_gmt":"2025-02-17T13:35:33","guid":{"rendered":"https:\/\/mexpo.pl?post_type=product&#038;p=63492"},"modified":"2025-02-17T15:05:35","modified_gmt":"2025-02-17T15:05:35","slug":"fundas-higiene-esponja-para-microfono-100-pc-2","status":"publish","type":"product","link":"https:\/\/mexpo.eu\/es\/produkt\/fundas-higiene-esponja-para-microfono-100-pc-2\/","title":{"rendered":"Fundas higiene esponja para microfono (100 pc.)"},"content":{"rendered":"<p>Hecho de esponja gruesa. Disponible en negro. Se adaptan a un micr\u00f3fono de mano est\u00e1ndar con un tama\u00f1o de cabeza de aprox. 4 x 5-6 cm.<\/p>\n","protected":false},"excerpt":{"rendered":"<p>Fundas higi\u00e9nicas para micr\u00f3fono fabricadas con esponja gruesa. Dise\u00f1ado para usarse con un micr\u00f3fono de mano est\u00e1ndar, dimensiones del cabezal de aproximadamente 4 x 5-6 cm.<\/p>\n","protected":false},"featured_media":48764,"template":"","meta":{"_acf_changed":false},"product_brand":[],"product_cat":[5236],"product_tag":[],"class_list":{"0":"post-63492","1":"product","2":"type-product","3":"status-publish","4":"has-post-thumbnail","6":"product_cat-higiene","8":"first","9":"instock","10":"taxable","11":"shipping-taxable","12":"purchasable","13":"product-type-simple"},"acf":[],"_links":{"self":[{"href":"https:\/\/mexpo.eu\/es\/wp-json\/wp\/v2\/product\/63492","targetHints":{"allow":["GET"]}}],"collection":[{"href":"https:\/\/mexpo.eu\/es\/wp-json\/wp\/v2\/product"}],"about":[{"href":"https:\/\/mexpo.eu\/es\/wp-json\/wp\/v2\/types\/product"}],"wp:featuredmedia":[{"embeddable":true,"href":"https:\/\/mexpo.eu\/es\/wp-json\/wp\/v2\/media\/48764"}],"wp:attachment":[{"href":"https:\/\/mexpo.eu\/es\/wp-json\/wp\/v2\/media?parent=63492"}],"wp:term":[{"taxonomy":"product_brand","embeddable":true,"href":"https:\/\/mexpo.eu\/es\/wp-json\/wp\/v2\/product_brand?post=63492"},{"taxonomy":"product_cat","embeddable":true,"href":"https:\/\/mexpo.eu\/es\/wp-json\/wp\/v2\/product_cat?post=63492"},{"taxonomy":"product_tag","embeddable":true,"href":"https:\/\/mexpo.eu\/es\/wp-json\/wp\/v2\/product_tag?post=63492"}],"curies":[{"name":"wp","href":"https:\/\/api.w.org\/{rel}","templated":true}]}}