{"id":63454,"date":"2025-02-17T13:35:13","date_gmt":"2025-02-17T13:35:13","guid":{"rendered":"https:\/\/mexpo.pl?post_type=product&#038;p=63454"},"modified":"2025-02-17T15:05:28","modified_gmt":"2025-02-17T15:05:28","slug":"fundas-higienicas-para-microfonos-100-pc","status":"publish","type":"product","link":"https:\/\/mexpo.eu\/es\/produkt\/fundas-higienicas-para-microfonos-100-pc\/","title":{"rendered":"Fundas higi\u00e9nicas para micr\u00f3fonos (100 pc.)"},"content":{"rendered":"<p>Fabricados de vell\u00f3n sin fibras de color negro o amrillo. Se ajustan a un micr\u00f3fono de mano est\u00e1ndar con un tama\u00f1o de cabeza de aproximadamente 4 x 5-6 cm.<\/p>\n","protected":false},"excerpt":{"rendered":"<p>Fundas de micr\u00f3fono desechables, asegurando la m\u00e1xima higiene durante su uso. Confeccionado en forro polar sin fibras.<\/p>\n","protected":false},"featured_media":48595,"template":"","meta":{"_acf_changed":false},"product_brand":[],"product_cat":[5236],"product_tag":[],"class_list":{"0":"post-63454","1":"product","2":"type-product","3":"status-publish","4":"has-post-thumbnail","6":"product_cat-higiene","8":"first","9":"instock","10":"taxable","11":"shipping-taxable","12":"purchasable","13":"product-type-variable"},"acf":[],"_links":{"self":[{"href":"https:\/\/mexpo.eu\/es\/wp-json\/wp\/v2\/product\/63454","targetHints":{"allow":["GET"]}}],"collection":[{"href":"https:\/\/mexpo.eu\/es\/wp-json\/wp\/v2\/product"}],"about":[{"href":"https:\/\/mexpo.eu\/es\/wp-json\/wp\/v2\/types\/product"}],"wp:featuredmedia":[{"embeddable":true,"href":"https:\/\/mexpo.eu\/es\/wp-json\/wp\/v2\/media\/48595"}],"wp:attachment":[{"href":"https:\/\/mexpo.eu\/es\/wp-json\/wp\/v2\/media?parent=63454"}],"wp:term":[{"taxonomy":"product_brand","embeddable":true,"href":"https:\/\/mexpo.eu\/es\/wp-json\/wp\/v2\/product_brand?post=63454"},{"taxonomy":"product_cat","embeddable":true,"href":"https:\/\/mexpo.eu\/es\/wp-json\/wp\/v2\/product_cat?post=63454"},{"taxonomy":"product_tag","embeddable":true,"href":"https:\/\/mexpo.eu\/es\/wp-json\/wp\/v2\/product_tag?post=63454"}],"curies":[{"name":"wp","href":"https:\/\/api.w.org\/{rel}","templated":true}]}}