{"id":63424,"date":"2025-02-17T13:34:53","date_gmt":"2025-02-17T13:34:53","guid":{"rendered":"https:\/\/mexpo.pl?post_type=product&#038;p=63424"},"modified":"2025-02-17T15:05:20","modified_gmt":"2025-02-17T15:05:20","slug":"eqs-4-11-sistema-de-comunicacion-semiduplex-bidireccional-para-la-comunicacion-entre-un-jinete-y-un-instructor-de-equitacion","status":"publish","type":"product","link":"https:\/\/mexpo.eu\/es\/produkt\/eqs-4-11-sistema-de-comunicacion-semiduplex-bidireccional-para-la-comunicacion-entre-un-jinete-y-un-instructor-de-equitacion\/","title":{"rendered":"EQS-4 (1+1) &#8211; sistema de comunicaci\u00f3n semid\u00faplex bidireccional para la comunicaci\u00f3n entre un jinete y un instructor de equitaci\u00f3n"},"content":{"rendered":"<p>Una comunicaci\u00f3n eficaz es fundamental para el \u00e9xito de cualquier entrenamiento, incluido el de equitaci\u00f3n. Nuestro equipo, basado en el intercomunicador bidireccional semid\u00faplex mGuide GST-G3, permite una conversaci\u00f3n entre un instructor de equitaci\u00f3n y un jinete a la mayor distancia de todos nuestros equipos: hasta 2 km en terreno abierto. La comunicaci\u00f3n en modo PTT (<em>push to talk<\/em>, pulsar para hablar) permite tambi\u00e9n conversaciones con otras personas tanto para el instructor como para el jinete, que no se transmitir\u00e1n si no se pulsa el bot\u00f3n.<\/p>\n<p>&nbsp;<\/p>\n<p>Contenido del conjunto:<br \/>\n&#8211; 2 x Radio GST G2<br \/>\n&#8211; 2 x headset GST-E007 o GST-FBI<br \/>\n&#8211; 2 x brazalete SPORT universal<\/p>\n","protected":false},"excerpt":{"rendered":"<p>Set de 2 intercomunicadores para clases de equitaci\u00f3n con un headsets y una funda con brazalete.<\/p>\n","protected":false},"featured_media":51551,"template":"","meta":{"_acf_changed":false},"product_brand":[],"product_cat":[5949,5962],"product_tag":[],"class_list":{"0":"post-63424","1":"product","2":"type-product","3":"status-publish","4":"has-post-thumbnail","6":"product_cat-intercomunicadores-para-actividades-ecuestres-es","7":"product_cat-mguide-gst-es","9":"first","10":"instock","11":"taxable","12":"shipping-taxable","13":"purchasable","14":"product-type-simple"},"acf":[],"_links":{"self":[{"href":"https:\/\/mexpo.eu\/es\/wp-json\/wp\/v2\/product\/63424","targetHints":{"allow":["GET"]}}],"collection":[{"href":"https:\/\/mexpo.eu\/es\/wp-json\/wp\/v2\/product"}],"about":[{"href":"https:\/\/mexpo.eu\/es\/wp-json\/wp\/v2\/types\/product"}],"wp:featuredmedia":[{"embeddable":true,"href":"https:\/\/mexpo.eu\/es\/wp-json\/wp\/v2\/media\/51551"}],"wp:attachment":[{"href":"https:\/\/mexpo.eu\/es\/wp-json\/wp\/v2\/media?parent=63424"}],"wp:term":[{"taxonomy":"product_brand","embeddable":true,"href":"https:\/\/mexpo.eu\/es\/wp-json\/wp\/v2\/product_brand?post=63424"},{"taxonomy":"product_cat","embeddable":true,"href":"https:\/\/mexpo.eu\/es\/wp-json\/wp\/v2\/product_cat?post=63424"},{"taxonomy":"product_tag","embeddable":true,"href":"https:\/\/mexpo.eu\/es\/wp-json\/wp\/v2\/product_tag?post=63424"}],"curies":[{"name":"wp","href":"https:\/\/api.w.org\/{rel}","templated":true}]}}