{"id":63390,"date":"2025-02-17T13:34:11","date_gmt":"2025-02-17T13:34:11","guid":{"rendered":"https:\/\/mexpo.pl?post_type=product&#038;p=63390"},"modified":"2025-02-17T15:04:59","modified_gmt":"2025-02-17T15:04:59","slug":"conjunto-okayo-otg-102-502","status":"publish","type":"product","link":"https:\/\/mexpo.eu\/es\/produkt\/conjunto-okayo-otg-102-502\/","title":{"rendered":"Conjunto Okayo OTG-102 (50+2)"},"content":{"rendered":"<p>Conjunto compuesto por receptores OTG-102 (50 piezas) y transmisores (2 piezas), fabricados en 2023 y utilizados en la temporada de verano de 2023 por un cliente.<\/p>\n<p>Garant\u00eda &#8211; 2 a\u00f1os.<\/p>\n<p>El set NO incluye:<br \/>\n&#8211; auriculares<br \/>\n&#8211; micr\u00f3fonos<br \/>\n&#8211; baterias\/baterias-recargables-cargadores<br \/>\n&#8211; Correa<br \/>\n&#8211; bolsa\/estuche<\/p>\n<p><strong>Usos:<\/strong><\/p>\n<ul>\n<li>visitas guiadas de grupos tur\u00edsticos organizados<\/li>\n<li>comunicaci\u00f3n con el grupo en un entorno ruidoso<\/li>\n<li>formaci\u00f3n<\/li>\n<li>traducciones simultaneas<\/li>\n<li>conferencias y charlas<\/li>\n<li>entrenamientos deportivos<\/li>\n<\/ul>\n<p><strong>Caracter\u00edsticas de Okayo OTG-102 mGuide\u24c7:<\/strong><\/p>\n<ul>\n<li>Modulaci\u00f3n de transmisi\u00f3n digital 4GFSK con tecnolog\u00eda de reducci\u00f3n de ruido<\/li>\n<li>Active Dynamic Noise Reduction y su ajuste por parte del usuario<\/li>\n<li>42 canales en las bandas de frecuencia de 823 MHz ~ 832 MHz y 865 MHz ~ 863 MHz m\u00e1s la banda de EE. UU.<\/li>\n<li>transmisi\u00f3n desde dos transmisores simult\u00e1neamente en el mismo canal<\/li>\n<li>alcance en la l\u00ednea de visi\u00f3n 100 metros<\/li>\n<li>m\u00e1s de 40 horas de funcionamiento del receptor con una sola fuente de alimentaci\u00f3n: 2x AA alcalinas de 1,5 V \/ 2x AA Ni-MH de 1,2 V<\/li>\n<li>funcionamiento del transmisor y del receptor solo con una bater\u00eda o una bater\u00eda AA recargable<\/li>\n<li>sincronizaci\u00f3n autom\u00e1tica y emparejamiento de los receptores al transmisor, funci\u00f3n de b\u00fasqueda de un canal sin interferencias<\/li>\n<li>selecci\u00f3n \u00fanicamente de canales simult\u00e1neos: una opci\u00f3n para int\u00e9rpretes y varios grupos en la misma \u00e1rea<\/li>\n<li>3 modos de gesti\u00f3n de grupos: Alarm, Roll-Call, Out-of-Range Alarm<\/li>\n<li>posibilidad de apagar r\u00e1pidamente los receptores: apagar el transmisor apagar\u00e1 inmediatamente los receptores emparejados<\/li>\n<li>aux-in jack est\u00e9reo de 3,5 mm en el transmisor con la opci\u00f3n Audio Priority<\/li>\n<li>facilidades para personas con discapacidad: pantalla OLED en el transmisor y HAC en los receptores<\/li>\n<\/ul>\n","protected":false},"excerpt":{"rendered":"<p>Set tourguide OTG-102 compuesto por 2 transmisores y 50 receptores. Producido en 2023. S\u00f3lo utilizado por 1 cliente.<\/p>\n","protected":false},"featured_media":51417,"template":"","meta":{"_acf_changed":false},"product_brand":[],"product_cat":[5926],"product_tag":[],"class_list":{"0":"post-63390","1":"product","2":"type-product","3":"status-publish","4":"has-post-thumbnail","6":"product_cat-outlet-es","8":"first","9":"instock","10":"taxable","11":"shipping-taxable","12":"purchasable","13":"product-type-simple"},"acf":[],"_links":{"self":[{"href":"https:\/\/mexpo.eu\/es\/wp-json\/wp\/v2\/product\/63390","targetHints":{"allow":["GET"]}}],"collection":[{"href":"https:\/\/mexpo.eu\/es\/wp-json\/wp\/v2\/product"}],"about":[{"href":"https:\/\/mexpo.eu\/es\/wp-json\/wp\/v2\/types\/product"}],"wp:featuredmedia":[{"embeddable":true,"href":"https:\/\/mexpo.eu\/es\/wp-json\/wp\/v2\/media\/51417"}],"wp:attachment":[{"href":"https:\/\/mexpo.eu\/es\/wp-json\/wp\/v2\/media?parent=63390"}],"wp:term":[{"taxonomy":"product_brand","embeddable":true,"href":"https:\/\/mexpo.eu\/es\/wp-json\/wp\/v2\/product_brand?post=63390"},{"taxonomy":"product_cat","embeddable":true,"href":"https:\/\/mexpo.eu\/es\/wp-json\/wp\/v2\/product_cat?post=63390"},{"taxonomy":"product_tag","embeddable":true,"href":"https:\/\/mexpo.eu\/es\/wp-json\/wp\/v2\/product_tag?post=63390"}],"curies":[{"name":"wp","href":"https:\/\/api.w.org\/{rel}","templated":true}]}}