{"id":63382,"date":"2025-02-17T13:34:11","date_gmt":"2025-02-17T13:34:11","guid":{"rendered":"https:\/\/mexpo.pl?post_type=product&#038;p=63382"},"modified":"2025-02-17T15:04:56","modified_gmt":"2025-02-17T15:04:56","slug":"velo-1-11-sistema-de-comunicacion-semiduplex-bidireccional-para-la-comunicacion-de-guias-de-excursiones-en-bicicleta","status":"publish","type":"product","link":"https:\/\/mexpo.eu\/es\/produkt\/velo-1-11-sistema-de-comunicacion-semiduplex-bidireccional-para-la-comunicacion-de-guias-de-excursiones-en-bicicleta\/","title":{"rendered":"VELO-1 (1+1) &#8211; sistema de comunicaci\u00f3n semid\u00faplex bidireccional para la comunicaci\u00f3n de gu\u00edas de excursiones en bicicleta"},"content":{"rendered":"<p>Set de 2 intercomunicadores VELO-1 es una soluci\u00f3n ideal para las empresas que organizan cicloturismo, en las que el piloto que encabeza el grupo de ciclistas necesita comunicarse de manera constante con el piloto que cierra el pelot\u00f3n. El conjunto se basa en el intercomunicador mGuide GST-G3, cuyo alcance de 2 kil\u00f3metros permite a los gu\u00edas ciclistas trabajar libremente en el terreno y coordinar la marcha incluso de un grupo muy grande de ciclistas.<\/p>\n<p>El conjunto contiene:<br \/>\n&#8211; Radio GST G2: 2 unidades<br \/>\n&#8211; headset (GST-E007 o GST-FBI): 2 unidades<br \/>\n&#8211; brazalete SPORT universal: 2 unidades<\/p>\n","protected":false},"excerpt":{"rendered":"<p>Set de 2 intercomunicadores para la comunicaci\u00f3n durante excursiones en bicicleta junto con un headset y una c\u00f3moda funda con brazalete.<\/p>\n","protected":false},"featured_media":51411,"template":"","meta":{"_acf_changed":false},"product_brand":[],"product_cat":[5456],"product_tag":[],"class_list":{"0":"post-63382","1":"product","2":"type-product","3":"status-publish","4":"has-post-thumbnail","6":"product_cat-intercomunicadores-para-deportes-ciclistas","8":"first","9":"instock","10":"taxable","11":"shipping-taxable","12":"purchasable","13":"product-type-simple"},"acf":[],"_links":{"self":[{"href":"https:\/\/mexpo.eu\/es\/wp-json\/wp\/v2\/product\/63382","targetHints":{"allow":["GET"]}}],"collection":[{"href":"https:\/\/mexpo.eu\/es\/wp-json\/wp\/v2\/product"}],"about":[{"href":"https:\/\/mexpo.eu\/es\/wp-json\/wp\/v2\/types\/product"}],"wp:featuredmedia":[{"embeddable":true,"href":"https:\/\/mexpo.eu\/es\/wp-json\/wp\/v2\/media\/51411"}],"wp:attachment":[{"href":"https:\/\/mexpo.eu\/es\/wp-json\/wp\/v2\/media?parent=63382"}],"wp:term":[{"taxonomy":"product_brand","embeddable":true,"href":"https:\/\/mexpo.eu\/es\/wp-json\/wp\/v2\/product_brand?post=63382"},{"taxonomy":"product_cat","embeddable":true,"href":"https:\/\/mexpo.eu\/es\/wp-json\/wp\/v2\/product_cat?post=63382"},{"taxonomy":"product_tag","embeddable":true,"href":"https:\/\/mexpo.eu\/es\/wp-json\/wp\/v2\/product_tag?post=63382"}],"curies":[{"name":"wp","href":"https:\/\/api.w.org\/{rel}","templated":true}]}}