{"id":63354,"date":"2025-02-17T13:33:49","date_gmt":"2025-02-17T13:33:49","guid":{"rendered":"https:\/\/mexpo.pl?post_type=product&#038;p=63354"},"modified":"2025-02-17T15:04:40","modified_gmt":"2025-02-17T15:04:40","slug":"mguide-gst-g3-s6-sistema-inalambrico-con-cargador-colectivo-para-restaurantes-y-hoteles","status":"publish","type":"product","link":"https:\/\/mexpo.eu\/es\/produkt\/mguide-gst-g3-s6-sistema-inalambrico-con-cargador-colectivo-para-restaurantes-y-hoteles\/","title":{"rendered":"mGuide GST-G3 S6+ &#8211; sistema inal\u00e1mbrico con cargador colectivo para restaurantes y hoteles"},"content":{"rendered":"<p>El conjunto contiene:<br \/>\n&#8211; mGuide GST G1: estaci\u00f3n de radio HORECA: 1 unidad<br \/>\n&#8211; mGuide GST G3: radio personal HORECA: 6 unidades<br \/>\n&#8211; headset discreto para GST G3: 6 unidades<br \/>\n&#8211; SM-01: micr\u00f3fono para GST G1: 1 unidad<br \/>\n&#8211; FS-01: pedal PTT para SM-01: 1 unidad<br \/>\n&#8211; Cargador G3-C6: 1 unidad<\/p>\n<p>mGuide GST es un sistema de comunicaci\u00f3n inal\u00e1mbrica que mejora la comunicaci\u00f3n y facilita la organizaci\u00f3n del trabajo en la industria HORECA.<\/p>\n<p>El mGuide GST resultar\u00e1 \u00fatil, por ejemplo, para la comunicaci\u00f3n entre:<\/p>\n<ul>\n<li>la cocina y el personal de sala de un restaurante,<\/li>\n<li>los camareros y el equipo de organizaci\u00f3n durante eventos,<\/li>\n<li>el jefe de sala y el personal durante el catering o las recepciones,<\/li>\n<li>la recepci\u00f3n del hotel y el personal de limpieza o seguridad.<\/li>\n<\/ul>\n<p>La estaci\u00f3n de radio mGuide G1 situada en la cocina, en el \u00e1rea de emplatado, sirve como centro de coordinaci\u00f3n para los camareros. El ayudante del chef que atiende el \u00e1rea de emplatado y recogida de platos puede utilizar el micr\u00f3fono de la estaci\u00f3n de radio para avisar a los camareros que un pedido est\u00e1 listo y esperando para ser recogido. El bot\u00f3n PTT que activa la transmisi\u00f3n puede liberarse mediante un pedal PTT especial (FS-01: bot\u00f3n de pie PTT para SM-01) sin usar las manos que pueden estar ocupadas trabajando.<br \/>\nPor su parte, los camareros equipados con radios de bolsillo G2, con un discreto conjunto de auricular y micr\u00f3fono, pueden hacer pedidos de bebidas en la barra en un abrir y cerrar de ojos o confirmar su disposici\u00f3n a recoger pedidos en la zona de emplatado.<\/p>\n<p>En el hotel, el conjunto mGuide GST tambi\u00e9n puede utilizarse para coordinar el trabajo del equipo de limpieza de habitaciones. Cuando el hu\u00e9sped sale de la habitaci\u00f3n, el empleado comprueba el estado de la habitaci\u00f3n y del minibar, informando a trav\u00e9s de la radio de bolsillo G2 a la recepci\u00f3n.<\/p>\n<p>Durante eventos, banquetes o actos al aire libre, los equipos de radio GST en cualquier configuraci\u00f3n de dispositivos G1 y G2 pueden utilizarse para coordinar las actividades del personal de catering, los guardias de seguridad, el personal de iluminaci\u00f3n o las personas responsables del escenario del evento.<\/p>\n","protected":false},"excerpt":{"rendered":"<p>Sistema inal\u00e1mbrico para la comunicaci\u00f3n en un restaurante u hotel, que incluye un pr\u00e1ctico cargador colectivo y un conjunto de accesorios.<\/p>\n","protected":false},"featured_media":51332,"template":"","meta":{"_acf_changed":false},"product_brand":[],"product_cat":[5454],"product_tag":[],"class_list":{"0":"post-63354","1":"product","2":"type-product","3":"status-publish","4":"has-post-thumbnail","6":"product_cat-intercomunicadores-para-gastronomia-horeca","8":"first","9":"instock","10":"taxable","11":"shipping-taxable","12":"purchasable","13":"product-type-simple"},"acf":[],"_links":{"self":[{"href":"https:\/\/mexpo.eu\/es\/wp-json\/wp\/v2\/product\/63354","targetHints":{"allow":["GET"]}}],"collection":[{"href":"https:\/\/mexpo.eu\/es\/wp-json\/wp\/v2\/product"}],"about":[{"href":"https:\/\/mexpo.eu\/es\/wp-json\/wp\/v2\/types\/product"}],"wp:featuredmedia":[{"embeddable":true,"href":"https:\/\/mexpo.eu\/es\/wp-json\/wp\/v2\/media\/51332"}],"wp:attachment":[{"href":"https:\/\/mexpo.eu\/es\/wp-json\/wp\/v2\/media?parent=63354"}],"wp:term":[{"taxonomy":"product_brand","embeddable":true,"href":"https:\/\/mexpo.eu\/es\/wp-json\/wp\/v2\/product_brand?post=63354"},{"taxonomy":"product_cat","embeddable":true,"href":"https:\/\/mexpo.eu\/es\/wp-json\/wp\/v2\/product_cat?post=63354"},{"taxonomy":"product_tag","embeddable":true,"href":"https:\/\/mexpo.eu\/es\/wp-json\/wp\/v2\/product_tag?post=63354"}],"curies":[{"name":"wp","href":"https:\/\/api.w.org\/{rel}","templated":true}]}}