{"id":63340,"date":"2025-02-17T13:33:47","date_gmt":"2025-02-17T13:33:47","guid":{"rendered":"https:\/\/mexpo.pl?post_type=product&#038;p=63340"},"modified":"2025-06-26T11:09:45","modified_gmt":"2025-06-26T11:09:45","slug":"cordones-personalizados","status":"publish","type":"product","link":"https:\/\/mexpo.eu\/es\/produkt\/cordones-personalizados\/","title":{"rendered":"Cordones personalizados"},"content":{"rendered":"<p>Adem\u00e1s de su funci\u00f3n b\u00e1sica de proteger el equipo contra ca\u00eddas, los cordones tambi\u00e9n sirven como publicidad o simplemente como marcaci\u00f3n individual del juego de gu\u00eda tur\u00edstico adquirido.<\/p>\n<p>La correa est\u00e1 hecha de tela artificial, rematada con una hebilla desmontable con el llamado bigotes (un lazo para sujetar el dispositivo). 3 anchos de correa para elegir.<\/p>\n<p>La impresi\u00f3n en el cord\u00f3n puede ser de doble cara o de una sola cara.<\/p>\n","protected":false},"excerpt":{"rendered":"<p>Elija cordones personalizados si desea que el juego que compr\u00f3 sea tanto un escaparate como un anuncio para su negocio, o simplemente desea que su grupo se destaque entre la multitud.<\/p>\n<p>Puedes poner tu propio estampado en el cord\u00f3n, elegir su color y ancho.<\/p>\n[contact-form-7 id=\"3112e65\" title=\"Smycze personalizowane\"]\n","protected":false},"featured_media":51298,"template":"","meta":{"_acf_changed":false},"product_brand":[],"product_cat":[5244,5236],"product_tag":[],"class_list":{"0":"post-63340","1":"product","2":"type-product","3":"status-publish","4":"has-post-thumbnail","6":"product_cat-correas-de-cuello","7":"product_cat-higiene","9":"first","10":"onbackorder","11":"taxable","12":"shipping-taxable","13":"product-type-simple"},"acf":[],"_links":{"self":[{"href":"https:\/\/mexpo.eu\/es\/wp-json\/wp\/v2\/product\/63340","targetHints":{"allow":["GET"]}}],"collection":[{"href":"https:\/\/mexpo.eu\/es\/wp-json\/wp\/v2\/product"}],"about":[{"href":"https:\/\/mexpo.eu\/es\/wp-json\/wp\/v2\/types\/product"}],"wp:featuredmedia":[{"embeddable":true,"href":"https:\/\/mexpo.eu\/es\/wp-json\/wp\/v2\/media\/51298"}],"wp:attachment":[{"href":"https:\/\/mexpo.eu\/es\/wp-json\/wp\/v2\/media?parent=63340"}],"wp:term":[{"taxonomy":"product_brand","embeddable":true,"href":"https:\/\/mexpo.eu\/es\/wp-json\/wp\/v2\/product_brand?post=63340"},{"taxonomy":"product_cat","embeddable":true,"href":"https:\/\/mexpo.eu\/es\/wp-json\/wp\/v2\/product_cat?post=63340"},{"taxonomy":"product_tag","embeddable":true,"href":"https:\/\/mexpo.eu\/es\/wp-json\/wp\/v2\/product_tag?post=63340"}],"curies":[{"name":"wp","href":"https:\/\/api.w.org\/{rel}","templated":true}]}}