{"id":63297,"date":"2025-02-17T13:33:02","date_gmt":"2025-02-17T13:33:02","guid":{"rendered":"https:\/\/mexpo.pl?post_type=product&#038;p=63297"},"modified":"2025-04-09T11:41:42","modified_gmt":"2025-04-09T11:41:42","slug":"equipo-de-radioguias-okayo-earme-s-111-2","status":"publish","type":"product","link":"https:\/\/mexpo.eu\/es\/produkt\/equipo-de-radioguias-okayo-earme-s-111-2\/","title":{"rendered":"Equipo de Radiogu\u00edas \u2013 Okayo EarMe | S+ (11+1)"},"content":{"rendered":"<p>Contenido del conjunto:<br \/>\n-11 receptores Okayo EarMe<br \/>\n&#8211; 1 transmisor Okayo EarMe<br \/>\n\u2013 1 bolsa con cargador CHG-111<br \/>\n&#8211; 1 micr\u00f3fono HEM-100A<\/p>\n<p>Okayo EarMe es un moderno sistema tourguide digital para visitas guiadas con el funcionamiento m\u00e1s sencillo posible. Si no fuera porque los receptores est\u00e1n equipados con un control de volumen, se podr\u00eda decir que se trata de un modelo que no requiere ning\u00fan servicio por parte del usuario.<\/p>\n<p>Adem\u00e1s del funcionamiento muy sencillo, la ventaja indudable del receptor EarMe es la ausencia de cables, en concreto el auricular en el cable, que habr\u00eda que enchufar en una toma adecuada como en otros modelos. Con el conjunto tourguide EarMe, no tenemos que preocuparnos en absoluto por comprar auriculares para los receptores. Se acabaron los cables enredados, los auriculares reutilizables perdidos o acordarse de preparar el n\u00famero adecuado de auriculares desechables.<\/p>\n<p>Este es el primer modelo del sistema Okayo tourguide en el que el receptor tiene la forma de un auricular. El receptor &#8211; auricular puede llevarse tanto en la oreja derecha como en la izquierda. Su dise\u00f1o es compacto, ligero, resistente a los da\u00f1os y f\u00e1cil de desinfectar. El receptor EarMe se puede utilizar con la funda higi\u00e9nica desechable NHS-55. El receptor s\u00f3lo tiene 2 botones que se utilizan tanto para encender y apagar como para ajustar el volumen.<\/p>\n<p>Cuando se activa por primera vez, el transmisor se empareja con los receptores. Se pueden emparejar m\u00e1s receptores durante el uso. Cuando est\u00e1 apagado, el conjunto recuerda el grupo emparejado. El transmisor permite cambiar de canal de forma remota en todos los receptores emparejados, lo que se hace de forma imperceptible para los usuarios. Cuando se apaga el transmisor, los receptores se apagan autom\u00e1ticamente despu\u00e9s de 5 minutos.<\/p>\n<p>Caracter\u00edsticas del modelo:<\/p>\n<ul>\n<li>receptor en forma de auricular sin cables<\/li>\n<li>alcance de 80 metros<\/li>\n<li>tiempo de funcionamiento &#8211; min. 10 horas<\/li>\n<li>receptor con auricular integrado adecuado tanto para la oreja derecha como para la izquierda<\/li>\n<li>f\u00e1cil desinfecci\u00f3n del receptor<\/li>\n<li>manejo del receptor con 2 botones<\/li>\n<li>emparejamiento autom\u00e1tico y sencillo con el transmisor<\/li>\n<li>al apagarlo, los receptores no se desemparejan<\/li>\n<li>posibilidad de comprobar el nivel de bater\u00eda con el receptor apagado<\/li>\n<li>cargadores ligeros con contactos magn\u00e9ticos para la carga r\u00e1pida en casa<\/li>\n<li>el receptor m\u00e1s ligero pesa s\u00f3lo 20 gramos<\/li>\n<\/ul>\n","protected":false},"excerpt":{"rendered":"<p>Okayo EarMe es un sistema de gu\u00eda tur\u00edstica ultraligero para uso profesional en turismo y negocios. EarMe se caracteriza por el receptor m\u00e1s peque\u00f1o integrado en el auricular.<\/p>\n","protected":false},"featured_media":51208,"template":"","meta":{"_acf_changed":false},"product_brand":[],"product_cat":[5237],"product_tag":[],"class_list":{"0":"post-63297","1":"product","2":"type-product","3":"status-publish","4":"has-post-thumbnail","6":"product_cat-conjuntos-de-radioguias","8":"first","9":"instock","10":"taxable","11":"shipping-taxable","12":"purchasable","13":"product-type-simple"},"acf":[],"_links":{"self":[{"href":"https:\/\/mexpo.eu\/es\/wp-json\/wp\/v2\/product\/63297","targetHints":{"allow":["GET"]}}],"collection":[{"href":"https:\/\/mexpo.eu\/es\/wp-json\/wp\/v2\/product"}],"about":[{"href":"https:\/\/mexpo.eu\/es\/wp-json\/wp\/v2\/types\/product"}],"wp:featuredmedia":[{"embeddable":true,"href":"https:\/\/mexpo.eu\/es\/wp-json\/wp\/v2\/media\/51208"}],"wp:attachment":[{"href":"https:\/\/mexpo.eu\/es\/wp-json\/wp\/v2\/media?parent=63297"}],"wp:term":[{"taxonomy":"product_brand","embeddable":true,"href":"https:\/\/mexpo.eu\/es\/wp-json\/wp\/v2\/product_brand?post=63297"},{"taxonomy":"product_cat","embeddable":true,"href":"https:\/\/mexpo.eu\/es\/wp-json\/wp\/v2\/product_cat?post=63297"},{"taxonomy":"product_tag","embeddable":true,"href":"https:\/\/mexpo.eu\/es\/wp-json\/wp\/v2\/product_tag?post=63297"}],"curies":[{"name":"wp","href":"https:\/\/api.w.org\/{rel}","templated":true}]}}