{"id":63262,"date":"2025-02-17T13:32:18","date_gmt":"2025-02-17T13:32:18","guid":{"rendered":"https:\/\/mexpo.pl?post_type=product&#038;p=63262"},"modified":"2025-04-09T11:34:40","modified_gmt":"2025-04-09T11:34:40","slug":"equipo-de-radioguias-okayo-earme-s-111","status":"publish","type":"product","link":"https:\/\/mexpo.eu\/es\/produkt\/equipo-de-radioguias-okayo-earme-s-111\/","title":{"rendered":"Equipo de Radiogu\u00edas \u2013 Okayo EarMe | S (11+1)"},"content":{"rendered":"<p class=\"\" data-start=\"37\" data-end=\"153\"><strong>El conjunto incluye:<\/strong><br \/>\n\u2013 11 receptores Okayo EarMe<br \/>\n\u2013 1 transmisor Okayo EarMe<br \/>\n\u2013 1 cargador C111<br \/>\n\u2013 1 micr\u00f3fono HEM-100A<\/p>\n<p class=\"\" data-start=\"155\" data-end=\"415\">Okayo EarMe es un sistema digital moderno de tourguide para visitas guiadas con la forma de uso m\u00e1s sencilla posible. Si no fuera por el hecho de que los receptores tienen regulaci\u00f3n de volumen, se podr\u00eda decir que es un modelo completamente sin mantenimiento.<\/p>\n<p class=\"\" data-start=\"417\" data-end=\"888\">Adem\u00e1s de su uso trivial, una ventaja indiscutible del receptor EarMe es la ausencia de cables, especialmente el auricular con cable que normalmente tendr\u00eda que conectarse a un puerto como en otros modelos. Al tener el sistema tourguide EarMe, no necesitamos preocuparnos por comprar auriculares para los receptores. Se acabaron los cables enredados, los auriculares reutilizables perdidos o el tener que recordar preparar la cantidad adecuada de auriculares desechables.<\/p>\n<p class=\"\" data-start=\"890\" data-end=\"1241\">Este es el primer modelo del sistema tourguide Okayo en el que el receptor tiene la forma de un auricular. El auricular-receptor se puede usar tanto en la oreja derecha como en la izquierda. La construcci\u00f3n es compacta, ligera, resistente a da\u00f1os y f\u00e1cil de desinfectar. El receptor EarMe puede ser utilizado con una funda higi\u00e9nica desechable NHS-55.<\/p>\n<p class=\"\" data-start=\"1243\" data-end=\"1346\">El receptor tiene solo 2 botones, que sirven tanto para encender y apagar como para ajustar el volumen.<\/p>\n<p class=\"\" data-start=\"1348\" data-end=\"1793\">Al encenderlo por primera vez, se empareja el transmisor con los receptores. Los receptores adicionales pueden emparejarse mientras se est\u00e1 usando el sistema. Al apagar el conjunto, recuerda el grupo emparejado. El transmisor permite cambiar de canal de forma remota en todos los receptores emparejados, lo cual ocurre de manera invisible para los usuarios. Al apagar el transmisor, los receptores se apagan autom\u00e1ticamente despu\u00e9s de 5 minutos.<\/p>\n<p class=\"\" data-start=\"1795\" data-end=\"1822\"><strong>Caracter\u00edsticas del modelo:<\/strong><\/p>\n<ul data-start=\"1824\" data-end=\"2355\">\n<li class=\"\" data-start=\"1824\" data-end=\"1867\">\n<p class=\"\" data-start=\"1826\" data-end=\"1867\">Receptor en forma de auricular sin cables<\/p>\n<\/li>\n<li class=\"\" data-start=\"1824\" data-end=\"1867\">\n<p class=\"\" data-start=\"1826\" data-end=\"1867\">Alcance de 80 metros<\/p>\n<\/li>\n<li class=\"\" data-start=\"1891\" data-end=\"1935\">\n<p class=\"\" data-start=\"1893\" data-end=\"1935\">Tiempo de funcionamiento \u2013 m\u00ednimo 10 horas<\/p>\n<\/li>\n<li class=\"\" data-start=\"1936\" data-end=\"2014\">\n<p class=\"\" data-start=\"1938\" data-end=\"2014\">Receptor con auricular integrado, adecuado para la oreja derecha o izquierda<\/p>\n<\/li>\n<li class=\"\" data-start=\"2015\" data-end=\"2048\">\n<p class=\"\" data-start=\"2017\" data-end=\"2048\">F\u00e1cil desinfecci\u00f3n del receptor<\/p>\n<\/li>\n<li class=\"\" data-start=\"2049\" data-end=\"2083\">\n<p class=\"\" data-start=\"2051\" data-end=\"2083\">Manejo de receptor con 2 botones<\/p>\n<\/li>\n<li class=\"\" data-start=\"2084\" data-end=\"2135\">\n<p class=\"\" data-start=\"2086\" data-end=\"2135\">Emparejamiento autom\u00e1tico f\u00e1cil con el transmisor<\/p>\n<\/li>\n<li class=\"\" data-start=\"2136\" data-end=\"2173\">\n<p class=\"\" data-start=\"2138\" data-end=\"2173\">Apagar no deshace el emparejamiento<\/p>\n<\/li>\n<li class=\"\" data-start=\"2174\" data-end=\"2252\">\n<p class=\"\" data-start=\"2176\" data-end=\"2252\">Posibilidad de verificar el nivel de bater\u00eda cuando el receptor est\u00e1 apagado<\/p>\n<\/li>\n<li class=\"\" data-start=\"2253\" data-end=\"2316\">\n<p class=\"\" data-start=\"2255\" data-end=\"2316\">Cargadores ligeros con contactos magn\u00e9ticos para carga r\u00e1pida<\/p>\n<\/li>\n<li class=\"\" data-start=\"2317\" data-end=\"2355\">\n<p class=\"\" data-start=\"2319\" data-end=\"2355\">Receptor m\u00e1s ligero \u2013 solo 20 gramos<\/p>\n<\/li>\n<\/ul>\n","protected":false},"excerpt":{"rendered":"<p>Okayo EarMe es un sistema de gu\u00eda tur\u00edstica moderno y compacto, recomendado para aplicaciones profesionales en turismo y negocios. Se trata del primer sistema de comunicaci\u00f3n inal\u00e1mbrico con receptor integrado en un tel\u00e9fono inal\u00e1mbrico ultraligero.<\/p>\n","protected":false},"featured_media":51070,"template":"","meta":{"_acf_changed":false},"product_brand":[],"product_cat":[5237],"product_tag":[],"class_list":{"0":"post-63262","1":"product","2":"type-product","3":"status-publish","4":"has-post-thumbnail","6":"product_cat-conjuntos-de-radioguias","8":"first","9":"instock","10":"taxable","11":"shipping-taxable","12":"purchasable","13":"product-type-simple"},"acf":[],"_links":{"self":[{"href":"https:\/\/mexpo.eu\/es\/wp-json\/wp\/v2\/product\/63262","targetHints":{"allow":["GET"]}}],"collection":[{"href":"https:\/\/mexpo.eu\/es\/wp-json\/wp\/v2\/product"}],"about":[{"href":"https:\/\/mexpo.eu\/es\/wp-json\/wp\/v2\/types\/product"}],"wp:featuredmedia":[{"embeddable":true,"href":"https:\/\/mexpo.eu\/es\/wp-json\/wp\/v2\/media\/51070"}],"wp:attachment":[{"href":"https:\/\/mexpo.eu\/es\/wp-json\/wp\/v2\/media?parent=63262"}],"wp:term":[{"taxonomy":"product_brand","embeddable":true,"href":"https:\/\/mexpo.eu\/es\/wp-json\/wp\/v2\/product_brand?post=63262"},{"taxonomy":"product_cat","embeddable":true,"href":"https:\/\/mexpo.eu\/es\/wp-json\/wp\/v2\/product_cat?post=63262"},{"taxonomy":"product_tag","embeddable":true,"href":"https:\/\/mexpo.eu\/es\/wp-json\/wp\/v2\/product_tag?post=63262"}],"curies":[{"name":"wp","href":"https:\/\/api.w.org\/{rel}","templated":true}]}}