{"id":63208,"date":"2025-02-17T13:17:06","date_gmt":"2025-02-17T13:17:06","guid":{"rendered":"https:\/\/mexpo.pl?post_type=product&#038;p=63208"},"modified":"2026-02-20T13:12:34","modified_gmt":"2026-02-20T12:12:34","slug":"axiwi-at-350-set-de-10-unidades-con-accesorios-intercomunicador-digital-inalambrico-en-modo-full-duplex-para-oficina-fabrica-deportes","status":"publish","type":"product","link":"https:\/\/mexpo.eu\/es\/produkt\/axiwi-at-350-set-de-10-unidades-con-accesorios-intercomunicador-digital-inalambrico-en-modo-full-duplex-para-oficina-fabrica-deportes\/","title":{"rendered":"Axiwi AT-350 set de 10 unidades con accesorios: intercomunicador digital inal\u00e1mbrico en modo full duplex para oficina, f\u00e1brica, deportes"},"content":{"rendered":"<div class=\"wpb-content-wrapper\"><p>[vc_row][vc_column][vc_video link=&#8221;https:\/\/www.youtube.com\/watch?v=0OMtN_QBG-Y&#8221;][vc_column_text css=&#8221;&#8221;]<\/p>\n<p><strong>El plazo de entrega del pedido es de 7 a 10 d\u00edas h\u00e1biles.<\/strong><\/p>\n<p>El intercomunicador AXIWI AT-350 es un sistema de comunicaci\u00f3n inal\u00e1mbrico bidireccional en modo full duplex (conferencia).<\/p>\n<p><strong>Contenido del set:<\/strong><\/p>\n<ul>\n<li>\n<p data-path-to-node=\"12,0,0\"><b data-path-to-node=\"12,0,0\" data-index-in-node=\"0\">Intercomunicador inal\u00e1mbrico AT-350<\/b> \u2013 10 uds.<\/p>\n<\/li>\n<li>\n<p data-path-to-node=\"12,1,0\"><b data-path-to-node=\"12,1,0\" data-index-in-node=\"0\">Auricular mono HE-001<\/b> \u2013 1 ud.<\/p>\n<\/li>\n<li>\n<p data-path-to-node=\"12,2,0\"><b data-path-to-node=\"12,2,0\" data-index-in-node=\"0\">Auricular con micr\u00f3fono HE-003<\/b> \u2013 9 uds.<\/p>\n<\/li>\n<li>\n<p data-path-to-node=\"12,3,0\"><b data-path-to-node=\"12,3,0\" data-index-in-node=\"0\">Correa de hombro AT-350 OSFA (o SP-1)<\/b> \u2013 10 uds.<\/p>\n<\/li>\n<li>\n<p data-path-to-node=\"12,4,0\"><b data-path-to-node=\"12,4,0\" data-index-in-node=\"0\">Estaci\u00f3n de carga dedicada para 10 dispositivos<\/b> \u2013 1 ud.<\/p>\n<\/li>\n<li>\n<p data-path-to-node=\"12,5,0\"><b data-path-to-node=\"12,5,0\" data-index-in-node=\"0\">Malet\u00edn de transporte para 10 dispositivos<\/b> \u2013 1 ud.<\/p>\n<\/li>\n<\/ul>\n<p><strong>Aplicaciones:<\/strong><\/p>\n<ul>\n<li>Comunicaci\u00f3n entre \u00e1rbitros asistentes, \u00e1rbitro principal y VAR durante partidos de f\u00fatbol<\/li>\n<li>Comunicaci\u00f3n arbitral en otras disciplinas deportivas<\/li>\n<li>Comunicaci\u00f3n en deportes \u2013 entre el entrenador y los jugadores<\/li>\n<li>Comunicaci\u00f3n dentro de un equipo de filmaci\u00f3n \u2013 intercambio libre de informaci\u00f3n entre el operador, director y productor en el set<\/li>\n<li>Comunicaci\u00f3n de equipos de trabajo en l\u00edneas de producci\u00f3n, almacenes, centros de clasificaci\u00f3n u otros entornos industriales<\/li>\n<li>Comunicaci\u00f3n durante formaciones en el lugar de trabajo o en el campo<\/li>\n<li>Comunicaci\u00f3n en restaurantes entre la cocina y los camareros<\/li>\n<li>Comunicaci\u00f3n durante la organizaci\u00f3n de eventos, conciertos o presentaciones<\/li>\n<\/ul>\n<p><strong>Caracter\u00edsticas del intercomunicador inal\u00e1mbrico AXIWI AT-350:<\/strong><\/p>\n<ul>\n<li>Comunicaci\u00f3n fluida en full duplex (como una llamada telef\u00f3nica, pero con mejor calidad)<\/li>\n<li>Tama\u00f1o reducido y peso ligero<\/li>\n<li>Gran alcance<\/li>\n<li>Resistente al agua<\/li>\n<li>Facilidad de uso<\/li>\n<li>Amplia gama de accesorios<\/li>\n<\/ul>\n<p><strong>Especificaciones t\u00e9cnicas:<\/strong><\/p>\n<ul>\n<li>6 personas pueden comunicarse simult\u00e1neamente en full duplex por canal, las dem\u00e1s en modo de escucha<\/li>\n<li>Hasta 250 usuarios por canal<\/li>\n<li>Libertad para cambiar entre full duplex y modo de escucha<\/li>\n<li>Rango de frecuencias: 863-865 MHz (sin licencia en Europa)<\/li>\n<li>Modulaci\u00f3n digital GFSK<\/li>\n<li>8 canales (8 grupos pueden operar independientemente sin interferencias en la misma \u00e1rea)<\/li>\n<li>Alcance de 300 metros en l\u00ednea de vista<\/li>\n<li>Dimensiones: 78 x 38 x 19 mm<\/li>\n<li>Peso: 70 gramos (con bater\u00eda)<\/li>\n<li>Conector para auriculares\/micr\u00f3fono TRRS de 3,5 mm<\/li>\n<li>Autonom\u00eda: 10 horas, tiempo de carga: 3~4 horas<\/li>\n<li>Clasificaci\u00f3n de impermeabilidad IP54<\/li>\n<\/ul>\n<p>[\/vc_column_text][\/vc_column][\/vc_row]<\/p>\n<\/div>","protected":false},"excerpt":{"rendered":"<p>Conjunto inal\u00e1mbrico para radiocomunicaci\u00f3n de corta distancia compuesto por 10 intercomunicadores full-duplex Axiwi AT-350. Largo alcance, resistente al agua, f\u00e1cil de usar. Alcance de 300 metros en l\u00ednea de visi\u00f3n.<\/p>\n","protected":false},"featured_media":49259,"template":"","meta":{"_acf_changed":false},"product_brand":[],"product_cat":[5308,5231],"product_tag":[],"class_list":{"0":"post-63208","1":"product","2":"type-product","3":"status-publish","4":"has-post-thumbnail","6":"product_cat-conjuntos-de-intercomunicacion","7":"product_cat-sistemas-de-intercomunicacion","9":"first","10":"instock","11":"taxable","12":"shipping-taxable","13":"purchasable","14":"product-type-simple"},"acf":[],"_links":{"self":[{"href":"https:\/\/mexpo.eu\/es\/wp-json\/wp\/v2\/product\/63208","targetHints":{"allow":["GET"]}}],"collection":[{"href":"https:\/\/mexpo.eu\/es\/wp-json\/wp\/v2\/product"}],"about":[{"href":"https:\/\/mexpo.eu\/es\/wp-json\/wp\/v2\/types\/product"}],"wp:featuredmedia":[{"embeddable":true,"href":"https:\/\/mexpo.eu\/es\/wp-json\/wp\/v2\/media\/49259"}],"wp:attachment":[{"href":"https:\/\/mexpo.eu\/es\/wp-json\/wp\/v2\/media?parent=63208"}],"wp:term":[{"taxonomy":"product_brand","embeddable":true,"href":"https:\/\/mexpo.eu\/es\/wp-json\/wp\/v2\/product_brand?post=63208"},{"taxonomy":"product_cat","embeddable":true,"href":"https:\/\/mexpo.eu\/es\/wp-json\/wp\/v2\/product_cat?post=63208"},{"taxonomy":"product_tag","embeddable":true,"href":"https:\/\/mexpo.eu\/es\/wp-json\/wp\/v2\/product_tag?post=63208"}],"curies":[{"name":"wp","href":"https:\/\/api.w.org\/{rel}","templated":true}]}}