{"id":63160,"date":"2025-02-17T13:22:27","date_gmt":"2025-02-17T12:22:27","guid":{"rendered":"https:\/\/mexpo.pl?post_type=product&#038;p=63160"},"modified":"2025-02-17T14:57:26","modified_gmt":"2025-02-17T14:57:26","slug":"intercomunicador-bidireccional-de-equitacion-para-entrenadores-eqs-3-con-accesorios","status":"publish","type":"product","link":"https:\/\/mexpo.eu\/es\/produkt\/intercomunicador-bidireccional-de-equitacion-para-entrenadores-eqs-3-con-accesorios\/","title":{"rendered":"Intercomunicador bidireccional de equitaci\u00f3n\/ para entrenadores EQS-3 con accesorios"},"content":{"rendered":"<p>El plazo de realizaci\u00f3n del pedido es de 7 a 10 d\u00edas laborables.<br \/>\nEl per\u00edodo de garant\u00eda es de 2 a\u00f1os.<br \/>\nLes ofrecemos asistencia t\u00e9cnica completa, actualizaciones y servicio del sistema tambi\u00e9n despu\u00e9s de que haya expirado el per\u00edodo de garant\u00eda.<br \/>\nNota:\u00a1este producto no constituye un conjunto de comunicaci\u00f3n completo, es solo un intercomunicador adicional!<\/p>\n<p>Axiwi AT-320 es el intercomunicador para \u00e1rbitros \u00a1m\u00e1s peque\u00f1o y ligero del mercado! El dispositivo mide 32 x 65 x 22 mm y pesa s\u00f3lo 39 g con bater\u00eda.<br \/>\n\u00bfC\u00f3mo entrenar de manera efectiva y eficiente a un jinete?<br \/>\nA partir de ahora, podr\u00e1 hacerlo con el kit de entrenamiento y formaci\u00f3n ecuestre AXIWI\u00ae.<br \/>\nCada vez m\u00e1s entrenadores e instructores utilizan sistemas de comunicaci\u00f3n inal\u00e1mbrica en el deporte ecuestre para dar instrucciones y consejos a los jinetes.<br \/>\nEl intercomunicador inal\u00e1mbrico para entrenadores AXIWI\u00ae es el intercomunicador m\u00e1s elegido por entrenadores de toda Europa.<\/p>\n<p>\u00bfQu\u00e9 es el sistema de intercomunicaci\u00f3n AXIWI?<br \/>\nEs un sistema inal\u00e1mbrico de comunicaci\u00f3n bidireccional manos libres (intercomunicador ecuestre) que permite al entrenador y a los jinetes hablar y escucharse, como si se tratara de una llamada telef\u00f3nica.<br \/>\nHasta seis personas pueden hablar y escuchar al mismo tiempo.<\/p>\n<p>Rese\u00f1a en v\u00eddeo de AXIWI por Edward Chitty: Auriculares inal\u00e1mbricos para entrenamiento ecuestre<\/p>\n<blockquote><p>\u00abExcelente producto para el entrenamiento de equitaci\u00f3n, muy recomendable, excelente calidad de sonido y muy ligero, lo que lo hace f\u00e1cil de usar\u00bb.<\/p><\/blockquote>\n<p style=\"text-align: center;\"><iframe loading=\"lazy\" title=\"YouTube video player\" src=\"https:\/\/www.youtube.com\/embed\/hi0PTAdMuag\" width=\"560\" height=\"315\" frameborder=\"0\" allowfullscreen=\"allowfullscreen\"><\/iframe><\/p>\n<blockquote><p>\u00abLa raz\u00f3n por la que m\u00e1s me gusta el sistema de comunicaci\u00f3n AXIWI es que es peque\u00f1o y ligero. Permite una comunicaci\u00f3n efectiva; no m\u00e1s gritos y tu voz ya no se la llevar\u00e1 el viento. Utilizamos el sistema de comunicaci\u00f3n para trabajar en la pista y durante los paseos. Hace que toda la experiencia de montar a caballo sea m\u00e1s tranquila y agradable\u00bb.<\/p><\/blockquote>\n<p style=\"text-align: right;\">Claire Aitchison: Entrenadora de caballos brit\u00e1nica titulada<\/p>\n<p>El kit AXIWI AT-320 contiene:<br \/>\n&#8211; intercomunicador inal\u00e1mbrico AT-320 &#8211; 1 unidad<br \/>\n&#8211; cord\u00f3n de cuello y clip para el cintur\u00f3n &#8211; 1 unidad<br \/>\n&#8211; headset HE-009 &#8211; 1 unidad<br \/>\n&#8211; brazalete OT-008 &#8211; 1 unidad<br \/>\n&#8211; cargador de red USB CR-009 &#8211; 1 unidad<br \/>\n&#8211; cable micro USB CA-001 &#8211; 1 unidad<\/p>\n<p>Caracter\u00edsticas de sistema AXIWI AT-320<br \/>\n\u2013 sistema completamente inal\u00e1mbrico sin estaci\u00f3n base ni instalaci\u00f3n<br \/>\n\u2013 comunicaci\u00f3n bidireccional en modo full-duplex para hasta 6 personas<br \/>\n\u2013 recepci\u00f3n de audio de alta calidad en tiempo real sin retardo (latencia &lt; 1 ms)<br \/>\n\u2013 hasta 250 dispositivos por canal pueden unirse a una conversaci\u00f3n en modo conferencia<br \/>\n\u2013 banda de radiofrecuencia universal y mundial \u2013 2,4 GHz<br \/>\n\u2013 alcance de m\u00e1s de 200 metros en l\u00ednea de visi\u00f3n<br \/>\n\u2013 4 canales de radio simult\u00e1neos<br \/>\n\u2013 peque\u00f1o y ultraligero: 32 x 65 x 22 mm \/ 39 g.<br \/>\n\u2013 carga individual a trav\u00e9s de un puerto micro USB o de forma colectiva en un cargador de sobremesa dedicado<br \/>\n\u2013 tiempo de trabajo: 6 horas, tiempo de carga: +\/- 2 horas<br \/>\n\u2013 toma de auriculares\/micr\u00f3fono jack TRRS de 3,5 mm<\/p>\n","protected":false},"excerpt":{"rendered":"<p>Radio adicional &#8211; intercomunicador para entrenamiento de equitaci\u00f3n.<\/p>\n","protected":false},"featured_media":49919,"template":"","meta":{"_acf_changed":false},"product_brand":[],"product_cat":[5952,5949],"product_tag":[],"class_list":{"0":"post-63160","1":"product","2":"type-product","3":"status-publish","4":"has-post-thumbnail","6":"product_cat-axiwi-at-320-es","7":"product_cat-intercomunicadores-para-actividades-ecuestres-es","9":"first","10":"instock","11":"taxable","12":"shipping-taxable","13":"purchasable","14":"product-type-simple"},"acf":[],"_links":{"self":[{"href":"https:\/\/mexpo.eu\/es\/wp-json\/wp\/v2\/product\/63160","targetHints":{"allow":["GET"]}}],"collection":[{"href":"https:\/\/mexpo.eu\/es\/wp-json\/wp\/v2\/product"}],"about":[{"href":"https:\/\/mexpo.eu\/es\/wp-json\/wp\/v2\/types\/product"}],"wp:featuredmedia":[{"embeddable":true,"href":"https:\/\/mexpo.eu\/es\/wp-json\/wp\/v2\/media\/49919"}],"wp:attachment":[{"href":"https:\/\/mexpo.eu\/es\/wp-json\/wp\/v2\/media?parent=63160"}],"wp:term":[{"taxonomy":"product_brand","embeddable":true,"href":"https:\/\/mexpo.eu\/es\/wp-json\/wp\/v2\/product_brand?post=63160"},{"taxonomy":"product_cat","embeddable":true,"href":"https:\/\/mexpo.eu\/es\/wp-json\/wp\/v2\/product_cat?post=63160"},{"taxonomy":"product_tag","embeddable":true,"href":"https:\/\/mexpo.eu\/es\/wp-json\/wp\/v2\/product_tag?post=63160"}],"curies":[{"name":"wp","href":"https:\/\/api.w.org\/{rel}","templated":true}]}}