{"id":63152,"date":"2025-02-17T13:31:24","date_gmt":"2025-02-17T13:31:24","guid":{"rendered":"https:\/\/mexpo.pl?post_type=product&#038;p=63152"},"modified":"2025-02-17T15:03:16","modified_gmt":"2025-02-17T15:03:16","slug":"headset-conjunto-de-auriculares-con-microfono-rtm-3","status":"publish","type":"product","link":"https:\/\/mexpo.eu\/es\/produkt\/headset-conjunto-de-auriculares-con-microfono-rtm-3\/","title":{"rendered":"Headset (conjunto de auriculares con micr\u00f3fono) RTM-3"},"content":{"rendered":"<p>El micr\u00f3fono de garganta es la soluci\u00f3n en situaciones con mucho ruido ambiental o la necesidad de cubrirse la cara. Parte del micr\u00f3fono se coloca c\u00f3modamente alrededor de su garganta para bloquear la mayor parte del ruido ambiental. La construcci\u00f3n duradera lo hace ligero y c\u00f3modo de llevar.<\/p>\n","protected":false},"excerpt":{"rendered":"<p>El micr\u00f3fono de garganta es la soluci\u00f3n en situaciones con mucho ruido ambiental o la necesidad de cubrirse la cara. Parte del micr\u00f3fono se coloca c\u00f3modamente alrededor de su garganta para bloquear la mayor parte del ruido ambiental. La construcci\u00f3n duradera lo hace ligero y c\u00f3modo de llevar.<\/p>\n","protected":false},"featured_media":50720,"template":"","meta":{"_acf_changed":false},"product_brand":[],"product_cat":[5232],"product_tag":[],"class_list":{"0":"post-63152","1":"product","2":"type-product","3":"status-publish","4":"has-post-thumbnail","6":"product_cat-headsets-sistemas-de-intercomunicacion","8":"first","9":"instock","10":"taxable","11":"shipping-taxable","12":"purchasable","13":"product-type-simple"},"acf":[],"_links":{"self":[{"href":"https:\/\/mexpo.eu\/es\/wp-json\/wp\/v2\/product\/63152","targetHints":{"allow":["GET"]}}],"collection":[{"href":"https:\/\/mexpo.eu\/es\/wp-json\/wp\/v2\/product"}],"about":[{"href":"https:\/\/mexpo.eu\/es\/wp-json\/wp\/v2\/types\/product"}],"wp:featuredmedia":[{"embeddable":true,"href":"https:\/\/mexpo.eu\/es\/wp-json\/wp\/v2\/media\/50720"}],"wp:attachment":[{"href":"https:\/\/mexpo.eu\/es\/wp-json\/wp\/v2\/media?parent=63152"}],"wp:term":[{"taxonomy":"product_brand","embeddable":true,"href":"https:\/\/mexpo.eu\/es\/wp-json\/wp\/v2\/product_brand?post=63152"},{"taxonomy":"product_cat","embeddable":true,"href":"https:\/\/mexpo.eu\/es\/wp-json\/wp\/v2\/product_cat?post=63152"},{"taxonomy":"product_tag","embeddable":true,"href":"https:\/\/mexpo.eu\/es\/wp-json\/wp\/v2\/product_tag?post=63152"}],"curies":[{"name":"wp","href":"https:\/\/api.w.org\/{rel}","templated":true}]}}