{"id":63145,"date":"2025-02-17T13:31:05","date_gmt":"2025-02-17T13:31:05","guid":{"rendered":"https:\/\/mexpo.pl?post_type=product&#038;p=63145"},"modified":"2025-02-17T15:03:09","modified_gmt":"2025-02-17T15:03:09","slug":"headset-conjunto-de-auriculares-con-microfono-rtm-2","status":"publish","type":"product","link":"https:\/\/mexpo.eu\/es\/produkt\/headset-conjunto-de-auriculares-con-microfono-rtm-2\/","title":{"rendered":"Headset (conjunto de auriculares con micr\u00f3fono) RTM-2"},"content":{"rendered":"<p>Micr\u00f3fono de garganta. Perfecto en situaciones con mucho ruido ambiental, demasiado para auriculares normales. Parte del micr\u00f3fono se coloca c\u00f3modamente alrededor de su garganta para bloquear la mayor parte del ruido ambiental. Ligero y c\u00f3modo de llevar.<\/p>\n","protected":false},"excerpt":{"rendered":"<p>Micr\u00f3fono de garganta. Perfecto en situaciones con mucho ruido ambiental, demasiado para auriculares normales. Parte del micr\u00f3fono se coloca c\u00f3modamente alrededor de su garganta para bloquear la mayor parte del ruido ambiental. Ligero y c\u00f3modo de llevar.<\/p>\n","protected":false},"featured_media":51059,"template":"","meta":{"_acf_changed":false},"product_brand":[],"product_cat":[5232],"product_tag":[],"class_list":{"0":"post-63145","1":"product","2":"type-product","3":"status-publish","4":"has-post-thumbnail","6":"product_cat-headsets-sistemas-de-intercomunicacion","8":"first","9":"instock","10":"taxable","11":"shipping-taxable","12":"purchasable","13":"product-type-simple"},"acf":[],"_links":{"self":[{"href":"https:\/\/mexpo.eu\/es\/wp-json\/wp\/v2\/product\/63145","targetHints":{"allow":["GET"]}}],"collection":[{"href":"https:\/\/mexpo.eu\/es\/wp-json\/wp\/v2\/product"}],"about":[{"href":"https:\/\/mexpo.eu\/es\/wp-json\/wp\/v2\/types\/product"}],"wp:featuredmedia":[{"embeddable":true,"href":"https:\/\/mexpo.eu\/es\/wp-json\/wp\/v2\/media\/51059"}],"wp:attachment":[{"href":"https:\/\/mexpo.eu\/es\/wp-json\/wp\/v2\/media?parent=63145"}],"wp:term":[{"taxonomy":"product_brand","embeddable":true,"href":"https:\/\/mexpo.eu\/es\/wp-json\/wp\/v2\/product_brand?post=63145"},{"taxonomy":"product_cat","embeddable":true,"href":"https:\/\/mexpo.eu\/es\/wp-json\/wp\/v2\/product_cat?post=63145"},{"taxonomy":"product_tag","embeddable":true,"href":"https:\/\/mexpo.eu\/es\/wp-json\/wp\/v2\/product_tag?post=63145"}],"curies":[{"name":"wp","href":"https:\/\/api.w.org\/{rel}","templated":true}]}}