{"id":63138,"date":"2025-02-17T13:31:04","date_gmt":"2025-02-17T13:31:04","guid":{"rendered":"https:\/\/mexpo.pl?post_type=product&#038;p=63138"},"modified":"2025-02-17T15:03:07","modified_gmt":"2025-02-17T15:03:07","slug":"headset-conjunto-de-auriculares-con-microfono-rhs","status":"publish","type":"product","link":"https:\/\/mexpo.eu\/es\/produkt\/headset-conjunto-de-auriculares-con-microfono-rhs\/","title":{"rendered":"Headset (conjunto de auriculares con micr\u00f3fono) RHS"},"content":{"rendered":"<p>Auriculares con un c\u00f3modo auricular, micr\u00f3fono integrado con reducci\u00f3n de ruido y bot\u00f3n PTT.<\/p>\n","protected":false},"excerpt":{"rendered":"<p>Auriculares con un c\u00f3modo auricular, micr\u00f3fono integrado con reducci\u00f3n de ruido y bot\u00f3n PTT.<\/p>\n","protected":false},"featured_media":51053,"template":"","meta":{"_acf_changed":false},"product_brand":[],"product_cat":[5232],"product_tag":[],"class_list":{"0":"post-63138","1":"product","2":"type-product","3":"status-publish","4":"has-post-thumbnail","6":"product_cat-headsets-sistemas-de-intercomunicacion","8":"first","9":"instock","10":"taxable","11":"shipping-taxable","12":"purchasable","13":"product-type-simple"},"acf":[],"_links":{"self":[{"href":"https:\/\/mexpo.eu\/es\/wp-json\/wp\/v2\/product\/63138","targetHints":{"allow":["GET"]}}],"collection":[{"href":"https:\/\/mexpo.eu\/es\/wp-json\/wp\/v2\/product"}],"about":[{"href":"https:\/\/mexpo.eu\/es\/wp-json\/wp\/v2\/types\/product"}],"wp:featuredmedia":[{"embeddable":true,"href":"https:\/\/mexpo.eu\/es\/wp-json\/wp\/v2\/media\/51053"}],"wp:attachment":[{"href":"https:\/\/mexpo.eu\/es\/wp-json\/wp\/v2\/media?parent=63138"}],"wp:term":[{"taxonomy":"product_brand","embeddable":true,"href":"https:\/\/mexpo.eu\/es\/wp-json\/wp\/v2\/product_brand?post=63138"},{"taxonomy":"product_cat","embeddable":true,"href":"https:\/\/mexpo.eu\/es\/wp-json\/wp\/v2\/product_cat?post=63138"},{"taxonomy":"product_tag","embeddable":true,"href":"https:\/\/mexpo.eu\/es\/wp-json\/wp\/v2\/product_tag?post=63138"}],"curies":[{"name":"wp","href":"https:\/\/api.w.org\/{rel}","templated":true}]}}