{"id":63114,"date":"2025-02-17T13:30:41","date_gmt":"2025-02-17T13:30:41","guid":{"rendered":"https:\/\/mexpo.pl?post_type=product&#038;p=63114"},"modified":"2025-02-17T15:02:54","modified_gmt":"2025-02-17T15:02:54","slug":"receptor-okayo-wt-300-g2","status":"publish","type":"product","link":"https:\/\/mexpo.eu\/es\/produkt\/receptor-okayo-wt-300-g2\/","title":{"rendered":"Receptor Okayo WT-300 G2"},"content":{"rendered":"<p>La anterior generaci\u00f3n anal\u00f3gica del WT-300, equipada con, por ejemplo, un micr\u00f3fono integrado en el transmisor, alarma de p\u00e9rdida de alcance en los receptores, selecci\u00f3n del tiempo de apagado autom\u00e1tico de los receptores o retroiluminaci\u00f3n de la pantalla. Alcance (aprox. 130 m), tiempo de funcionamiento (m\u00e1s de 25 horas) y n\u00famero de canales (40). A diferencia de la nueva versi\u00f3n digital, el WT-300G2 utiliza transmisi\u00f3n anal\u00f3gica en la banda 863-865MHz, lo que puede provocar la superposici\u00f3n de otras se\u00f1ales en destinos tur\u00edsticos populares.<\/p>\n<p>Los modelos WT-300 de ambas generaciones se pueden utilizar con bater\u00edas desechables o recargables AA. En este \u00faltimo caso, recomendamos adquirir el cargador de maleta colectivo HDC-300, que puede albergar 24 dispositivos para cargar o transportar al mismo tiempo.<\/p>\n","protected":false},"excerpt":{"rendered":"<p>Debido a la finalizaci\u00f3n de la producci\u00f3n regular del modelo anal\u00f3gico Okayo WT-300, la disminuci\u00f3n de la disponibilidad de piezas de repuesto y el aumento de sus precios, le informamos que el soporte t\u00e9cnico para este modelo se ir\u00e1 eliminando gradualmente a partir de 2026. Esto significa que algunas reparaciones fuera de garant\u00eda pueden no ser realizadas.<br \/>\nAl mismo tiempo, le informamos que, a partir de octubre de 2024, se aplicar\u00e1 una garant\u00eda de 2 a\u00f1os a los dispositivos WT-300 (anal\u00f3gicos) comprados.<\/p>\n","protected":false},"featured_media":51028,"template":"","meta":{"_acf_changed":false},"product_brand":[],"product_cat":[5340],"product_tag":[],"class_list":{"0":"post-63114","1":"product","2":"type-product","3":"status-publish","4":"has-post-thumbnail","6":"product_cat-modelos-con-lista-de-espera","8":"first","9":"outofstock","10":"taxable","11":"shipping-taxable","12":"purchasable","13":"product-type-simple"},"acf":[],"_links":{"self":[{"href":"https:\/\/mexpo.eu\/es\/wp-json\/wp\/v2\/product\/63114","targetHints":{"allow":["GET"]}}],"collection":[{"href":"https:\/\/mexpo.eu\/es\/wp-json\/wp\/v2\/product"}],"about":[{"href":"https:\/\/mexpo.eu\/es\/wp-json\/wp\/v2\/types\/product"}],"wp:featuredmedia":[{"embeddable":true,"href":"https:\/\/mexpo.eu\/es\/wp-json\/wp\/v2\/media\/51028"}],"wp:attachment":[{"href":"https:\/\/mexpo.eu\/es\/wp-json\/wp\/v2\/media?parent=63114"}],"wp:term":[{"taxonomy":"product_brand","embeddable":true,"href":"https:\/\/mexpo.eu\/es\/wp-json\/wp\/v2\/product_brand?post=63114"},{"taxonomy":"product_cat","embeddable":true,"href":"https:\/\/mexpo.eu\/es\/wp-json\/wp\/v2\/product_cat?post=63114"},{"taxonomy":"product_tag","embeddable":true,"href":"https:\/\/mexpo.eu\/es\/wp-json\/wp\/v2\/product_tag?post=63114"}],"curies":[{"name":"wp","href":"https:\/\/api.w.org\/{rel}","templated":true}]}}