{"id":63095,"date":"2025-02-17T13:26:56","date_gmt":"2025-02-17T13:26:56","guid":{"rendered":"https:\/\/mexpo.pl?post_type=product&#038;p=63095"},"modified":"2026-02-23T09:11:19","modified_gmt":"2026-02-23T08:11:19","slug":"headset-bidireccional-para-la-comunicacion-intercomunicador-inalambrico-para-servicios-de-salud-sistema-hc-2-350","status":"publish","type":"product","link":"https:\/\/mexpo.eu\/es\/produkt\/headset-bidireccional-para-la-comunicacion-intercomunicador-inalambrico-para-servicios-de-salud-sistema-hc-2-350\/","title":{"rendered":"Headset bidireccional para la comunicaci\u00f3n \/ intercomunicador inal\u00e1mbrico para servicios de salud: Sistema HC-2-350"},"content":{"rendered":"<p>La plazo de realizaci\u00f3n del pedido es de 7 a 10 d\u00edas laborables.<\/p>\n<p><strong>\u00bfC\u00f3mo puede beneficiar la comunicaci\u00f3n bidireccional por radio al sector de la salud?<\/strong><br \/>\nDurante la crisis, los headsets bidireccionales se han convertido en una herramienta a\u00fan m\u00e1s valiosa para la comunicaci\u00f3n, la coordinaci\u00f3n y la seguridad.<br \/>\nCon una amplia gama de intercomunicadores inal\u00e1mbricos y digitales sin licencia, as\u00ed como headsets, tenemos la soluci\u00f3n para satisfacer sus necesidades y ayudar a aumentar la productividad.<br \/>\nAdem\u00e1s, podemos proporcionar sistemas de comunicaci\u00f3n con repetidores y conectividad entre localidades para aumentar el alcance y la intensidad de la se\u00f1al.<\/p>\n<p>Hemos dise\u00f1ado un conjunto especial para hospitales, quir\u00f3fanos, salas de aislamiento, as\u00ed como para equipos de atenci\u00f3n:<\/p>\n<ul>\n<li>\n<p data-path-to-node=\"11,0,0\"><b data-path-to-node=\"11,0,0\" data-index-in-node=\"0\">Intercomunicador inal\u00e1mbrico AXIWI AT-350<\/b> \u2013 2 uds.<\/p>\n<\/li>\n<li>\n<p data-path-to-node=\"11,1,0\"><b data-path-to-node=\"11,1,0\" data-index-in-node=\"0\">Auricular de diadema con micr\u00f3fono HE-001<\/b> \u2013 2 uds.<\/p>\n<\/li>\n<li>\n<p data-path-to-node=\"11,2,0\"><b data-path-to-node=\"11,2,0\" data-index-in-node=\"0\">Funda\/estuche de transporte para 3 dispositivos<\/b> \u2013 1 ud.<\/p>\n<\/li>\n<li>\n<p data-path-to-node=\"11,3,0\"><b data-path-to-node=\"11,3,0\" data-index-in-node=\"0\">Cargador de red SC-100<\/b> \u2013 2 uds.<\/p>\n<\/li>\n<li>\n<p data-path-to-node=\"11,4,0\"><b data-path-to-node=\"11,4,0\" data-index-in-node=\"0\">Cable USB-C<\/b> \u2013 2 uds.<\/p>\n<\/li>\n<\/ul>\n<p>Los accesorios de higiene se pueden encontrar en la secci\u00f3n \u201c<a href=\"https:\/\/mguide.eu\/es\/producto-categoria\/higiene\/\">Higiene<\/a>\u201d.<\/p>\n<p>Todo m\u00e9dico sabe lo importante que es estar alerta, concentrado y reaccionar r\u00e1pidamente en el quir\u00f3fano o en una emergencia.<br \/>\nIntercambiar informaci\u00f3n clave entre los miembros del equipo quir\u00fargico de forma precisa y clara es esencial durante cualquier procedimiento.<br \/>\nCuando cada miembro del equipo est\u00e1 equipado con un headset inal\u00e1mbrico AT-350, su eficiencia aumenta considerablemente.<\/p>\n<p><iframe loading=\"lazy\" title=\"AXIWI AT-350 communication system - user manual\" width=\"1170\" height=\"658\" src=\"https:\/\/www.youtube.com\/embed\/_GHQNDcNrvQ?feature=oembed\" frameborder=\"0\" allow=\"accelerometer; autoplay; clipboard-write; encrypted-media; gyroscope; picture-in-picture; web-share\" referrerpolicy=\"strict-origin-when-cross-origin\" allowfullscreen><\/iframe><\/p>\n","protected":false},"excerpt":{"rendered":"<p>Headset de radio bidireccional en modo full d\u00faplex para la comunicaci\u00f3n en equipo, dedicado al personal m\u00e9dico. Miniradio bidireccional de tipo intercomunicador para servicios de salud, incluidos centros y equipos m\u00e9dicos, hospitales, param\u00e9dicos, m\u00e9dicos, enfermeras, celadores.<\/p>\n","protected":false},"featured_media":50398,"template":"","meta":{"_acf_changed":false},"product_brand":[],"product_cat":[5428],"product_tag":[],"class_list":{"0":"post-63095","1":"product","2":"type-product","3":"status-publish","4":"has-post-thumbnail","6":"product_cat-intercomunicadores-para-servicios-de-salud","8":"first","9":"instock","10":"taxable","11":"shipping-taxable","12":"purchasable","13":"product-type-simple"},"acf":[],"_links":{"self":[{"href":"https:\/\/mexpo.eu\/es\/wp-json\/wp\/v2\/product\/63095","targetHints":{"allow":["GET"]}}],"collection":[{"href":"https:\/\/mexpo.eu\/es\/wp-json\/wp\/v2\/product"}],"about":[{"href":"https:\/\/mexpo.eu\/es\/wp-json\/wp\/v2\/types\/product"}],"wp:featuredmedia":[{"embeddable":true,"href":"https:\/\/mexpo.eu\/es\/wp-json\/wp\/v2\/media\/50398"}],"wp:attachment":[{"href":"https:\/\/mexpo.eu\/es\/wp-json\/wp\/v2\/media?parent=63095"}],"wp:term":[{"taxonomy":"product_brand","embeddable":true,"href":"https:\/\/mexpo.eu\/es\/wp-json\/wp\/v2\/product_brand?post=63095"},{"taxonomy":"product_cat","embeddable":true,"href":"https:\/\/mexpo.eu\/es\/wp-json\/wp\/v2\/product_cat?post=63095"},{"taxonomy":"product_tag","embeddable":true,"href":"https:\/\/mexpo.eu\/es\/wp-json\/wp\/v2\/product_tag?post=63095"}],"curies":[{"name":"wp","href":"https:\/\/api.w.org\/{rel}","templated":true}]}}