{"id":63094,"date":"2025-02-17T13:26:56","date_gmt":"2025-02-17T12:26:56","guid":{"rendered":"https:\/\/mexpo.pl?post_type=product&#038;p=63094"},"modified":"2025-02-17T15:01:16","modified_gmt":"2025-02-17T15:01:16","slug":"intercomunicador-de-radio-hc-1-350-bidireccional-e-inalambrico-para-servicios-de-salud-con-accesorios","status":"publish","type":"product","link":"https:\/\/mexpo.eu\/es\/produkt\/intercomunicador-de-radio-hc-1-350-bidireccional-e-inalambrico-para-servicios-de-salud-con-accesorios\/","title":{"rendered":"Intercomunicador de radio HC-1-350, bidireccional e inal\u00e1mbrico, para servicios de salud, con accesorios"},"content":{"rendered":"<p>La plazo de realizaci\u00f3n del pedido es de 7 a 10 d\u00edas laborables.<\/p>\n<p>AXIWI AT-350 garantiza una coordinaci\u00f3n inal\u00e1mbrica de alta calidad de hospitales, centros m\u00e9dicos y equipos de m\u00e9dicos gracias a una comunicaci\u00f3n de voz fluida, a distancia y en tiempo real.<\/p>\n<p>Hemos desarrollado un conjunto adicional especialmente dise\u00f1ado para hospitales, centros m\u00e9dicos, salas de aislamiento y equipos de atenci\u00f3n*:<br \/>\n&#8211; intercomunicador inal\u00e1mbrico AXIWI AT-350: 1 unidad<br \/>\n&#8211; headset HE-001: 1 unidad<\/p>\n<p>Los accesorios de higiene se pueden encontrar en la secci\u00f3n \u201c<a href=\"https:\/\/mguide.eu\/es\/producto-categoria\/higiene\/\">Higiene<\/a>\u201d.<\/p>\n<p><strong>Nota: \u00a1este producto no constituye un conjunto de comunicaci\u00f3n completo, es solo un intercomunicador adicional con headset!<\/strong><\/p>\n<p>En la atenci\u00f3n m\u00e9dica, es importante estar en alerta, concentrado y reaccionar r\u00e1pidamente en caso de emergencia. Intercambiar informaci\u00f3n clave, por ejemplo, entre los param\u00e9dicos de una ambulancia y el personal de un hospital, de manera precisa y clara es esencial y, en muchos casos, puede ser importante para la vida y la salud de los pacientes. El headset inal\u00e1mbrico Axiwi AT-350 puede contribuir significativamente a la eficacia y claridad de la comunicaci\u00f3n.<\/p>\n<p><iframe loading=\"lazy\" title=\"AXIWI AT-350 communication system - user manual\" width=\"1170\" height=\"658\" src=\"https:\/\/www.youtube.com\/embed\/_GHQNDcNrvQ?feature=oembed\" frameborder=\"0\" allow=\"accelerometer; autoplay; clipboard-write; encrypted-media; gyroscope; picture-in-picture; web-share\" referrerpolicy=\"strict-origin-when-cross-origin\" allowfullscreen><\/iframe><\/p>\n","protected":false},"excerpt":{"rendered":"<p>Headset de radio bidireccional en modo full d\u00faplex para la comunicaci\u00f3n en equipo, dedicado al personal m\u00e9dico. Miniradio bidireccional de tipo intercomunicador para servicios de salud, incluidos centros y equipos m\u00e9dicos, hospitales, param\u00e9dicos, m\u00e9dicos, enfermeras, celadores.<\/p>\n","protected":false},"featured_media":50356,"template":"","meta":{"_acf_changed":false},"product_brand":[],"product_cat":[5428],"product_tag":[],"class_list":{"0":"post-63094","1":"product","2":"type-product","3":"status-publish","4":"has-post-thumbnail","6":"product_cat-intercomunicadores-para-servicios-de-salud","8":"first","9":"instock","10":"taxable","11":"shipping-taxable","12":"purchasable","13":"product-type-simple"},"acf":[],"_links":{"self":[{"href":"https:\/\/mexpo.eu\/es\/wp-json\/wp\/v2\/product\/63094","targetHints":{"allow":["GET"]}}],"collection":[{"href":"https:\/\/mexpo.eu\/es\/wp-json\/wp\/v2\/product"}],"about":[{"href":"https:\/\/mexpo.eu\/es\/wp-json\/wp\/v2\/types\/product"}],"wp:featuredmedia":[{"embeddable":true,"href":"https:\/\/mexpo.eu\/es\/wp-json\/wp\/v2\/media\/50356"}],"wp:attachment":[{"href":"https:\/\/mexpo.eu\/es\/wp-json\/wp\/v2\/media?parent=63094"}],"wp:term":[{"taxonomy":"product_brand","embeddable":true,"href":"https:\/\/mexpo.eu\/es\/wp-json\/wp\/v2\/product_brand?post=63094"},{"taxonomy":"product_cat","embeddable":true,"href":"https:\/\/mexpo.eu\/es\/wp-json\/wp\/v2\/product_cat?post=63094"},{"taxonomy":"product_tag","embeddable":true,"href":"https:\/\/mexpo.eu\/es\/wp-json\/wp\/v2\/product_tag?post=63094"}],"curies":[{"name":"wp","href":"https:\/\/api.w.org\/{rel}","templated":true}]}}