{"id":63072,"date":"2025-02-17T13:26:55","date_gmt":"2025-02-17T13:26:55","guid":{"rendered":"https:\/\/mexpo.pl?post_type=product&#038;p=63072"},"modified":"2026-02-23T09:47:41","modified_gmt":"2026-02-23T08:47:41","slug":"ref-5-conjunto-de-cinco-intercomunicadores-para-arbitros-con-accesorios","status":"publish","type":"product","link":"https:\/\/mexpo.eu\/es\/produkt\/ref-5-conjunto-de-cinco-intercomunicadores-para-arbitros-con-accesorios\/","title":{"rendered":"REF-5: Conjunto de cinco intercomunicadores para \u00e1rbitros, con accesorios"},"content":{"rendered":"<p>El conjunto contiene:<\/p>\n<ul>\n<li>\n<p data-path-to-node=\"11,0,0\"><b data-path-to-node=\"11,0,0\" data-index-in-node=\"0\">Intercomunicador inal\u00e1mbrico AT-320<\/b> \u2013 5 uds.<\/p>\n<\/li>\n<li>\n<p data-path-to-node=\"11,1,0\"><b data-path-to-node=\"11,1,0\" data-index-in-node=\"0\">Auricular con micr\u00f3fono HE-009<\/b> \u2013 5 uds.<\/p>\n<\/li>\n<li>\n<p data-path-to-node=\"11,2,0\"><b data-path-to-node=\"11,2,0\" data-index-in-node=\"0\">Correa de hombro AT-320 OSFA (o SP-1)<\/b> \u2013 5 uds.<\/p>\n<\/li>\n<li>\n<p data-path-to-node=\"11,3,0\"><b data-path-to-node=\"11,3,0\" data-index-in-node=\"0\">Funda\/estuche de transporte para 5 dispositivos<\/b> \u2013 1 ud.<\/p>\n<\/li>\n<li>\n<p data-path-to-node=\"11,4,0\"><b data-path-to-node=\"11,4,0\" data-index-in-node=\"0\">Cargador de red SC-300<\/b> \u2013 1 ud.<\/p>\n<\/li>\n<li>\n<p data-path-to-node=\"11,5,0\"><b data-path-to-node=\"11,5,0\" data-index-in-node=\"0\">Cargador de red SC-100<\/b> \u2013 2 uds.<\/p>\n<\/li>\n<li>\n<p data-path-to-node=\"11,6,0\"><b data-path-to-node=\"11,6,0\" data-index-in-node=\"0\">Cable USB-C<\/b> \u2013 5 uds.<\/p>\n<\/li>\n<\/ul>\n<p>Los sistemas de comunicaci\u00f3n bidireccional AXIWI figuran en la <a href=\"https:\/\/www.fifa.com\/en\/technical\/football-technology\/standards\/video-assistant-referee\/var-iaap-technology\">lista de sistemas de comunicaci\u00f3n para \u00e1rbitros de la Federaci\u00f3n Internacional de F\u00fatbol Asociaci\u00f3n<\/a>. AXIWI son sistemas profesionales para \u00e1rbitros deportivos y son utilizados por organizaciones de f\u00fatbol y \u00e1rbitros de todo el mundo (as\u00ed como por otros usuarios).<\/p>\n<p>\u00bfQu\u00e9 es el sistema de intercomunicaci\u00f3n AXIWI?<br \/>\nAXIWI es un sistema de comunicaci\u00f3n bidireccional, en modo full-duplex y manos libres, en miniatura. Seis personas pueden comunicarse entre s\u00ed simult\u00e1neamente en modo conferencia, como durante una llamada telef\u00f3nica. El modelo AT-320 dispone de 4 canales de radio para la comunicaci\u00f3n y hasta 250 personas pueden utilizar cada canal. Adem\u00e1s, el intercomunicador est\u00e1 equipado con un clip y un soporte para un cord\u00f3n de cuello.<br \/>\nAxiwi AT-320 es el intercomunicador para \u00e1rbitros \u00a1m\u00e1s peque\u00f1o y ligero del mercado! El dispositivo mide 32 x 65 x 22 mm y pesa s\u00f3lo 39 g con bater\u00eda.<\/p>\n<p><iframe loading=\"lazy\" title=\"Possibilities of the AXIWI communication system in sports for referees, coaches and sports officials\" width=\"1170\" height=\"658\" src=\"https:\/\/www.youtube.com\/embed\/noPTV-e9ddU?feature=oembed\" frameborder=\"0\" allow=\"accelerometer; autoplay; clipboard-write; encrypted-media; gyroscope; picture-in-picture; web-share\" referrerpolicy=\"strict-origin-when-cross-origin\" allowfullscreen><\/iframe><\/p>\n<p>El sistema de comunicaci\u00f3n AXIWI fue dise\u00f1ado para \u00e1rbitros deportivos, entrenadores y monitores de la mayor\u00eda de las disciplinas deportivas, tales como:<br \/>\n&#8211; balonmano<br \/>\n&#8211; korfball<br \/>\n&#8211; baloncesto,<br \/>\n&#8211; f\u00fatbol,<br \/>\n&#8211; hockey sobre c\u00e9sped,<br \/>\n&#8211; v\u00f3leibol,<br \/>\n&#8211; b\u00e9isbol,<br \/>\n&#8211; polo acu\u00e1tico,<br \/>\n&#8211; rugbi,<br \/>\n&#8211; floorball,<br \/>\n&#8211; deportes de playa,<br \/>\n&#8211; f\u00fatbol sala,<br \/>\n&#8211; equitaci\u00f3n.<\/p>\n<p><a href=\"https:\/\/systemtourguide.com\/system-komunikacji-sedziowskiej\/\">Para m\u00e1s informaci\u00f3n sobre las ventajas de los sistemas Axiwi para el deporte, siga este enlace de nuestro sitio p\u00e1gina web.<\/a><\/p>\n<p>La plazo de realizaci\u00f3n del pedido es de 7 a 10 d\u00edas laborables.<\/p>\n<p>El per\u00edodo de garant\u00eda es de 2 a\u00f1os.<\/p>\n<p>Les ofrecemos asistencia t\u00e9cnica completa, actualizaciones y servicio del sistema tambi\u00e9n despu\u00e9s de que haya expirado el per\u00edodo de garant\u00eda.<\/p>\n<p>Caracter\u00edsticas de sistema AXIWI AT-320<br \/>\n\u2013 sistema completamente inal\u00e1mbrico sin estaci\u00f3n base ni instalaci\u00f3n<br \/>\n\u2013 comunicaci\u00f3n bidireccional en modo full-duplex para hasta 6 personas<br \/>\n\u2013 recepci\u00f3n de audio de alta calidad en tiempo real sin retardo (latencia &lt; 1 ms)<br \/>\n\u2013 hasta 250 dispositivos por canal pueden unirse a una conversaci\u00f3n en modo conferencia<br \/>\n\u2013 banda de radiofrecuencia universal y mundial \u2013 2,4 GHz<br \/>\n\u2013 alcance de m\u00e1s de 200 metros en l\u00ednea de visi\u00f3n<br \/>\n\u2013 4 canales de radio simult\u00e1neos<br \/>\n\u2013 peque\u00f1o y ultraligero: 32 x 65 x 22 mm \/ 39 g.<br \/>\n\u2013 carga individual a trav\u00e9s de un puerto micro USB o de forma colectiva en un cargador de sobremesa dedicado<br \/>\n\u2013 tiempo de trabajo: 6 horas, tiempo de carga: +\/- 2 horas<br \/>\n\u2013 toma de auriculares\/micr\u00f3fono jack TRRS de 3,5 mm<\/p>\n<p><a href=\"https:\/\/mguide.eu\/wp-content\/uploads\/2022\/08\/Porownanie-bezprzewodowych-systemow-komunikacji-AXIWI-Axiwi-PL.pdf\">Comparaci\u00f3n de los sistemas Axiwi AT-320 y AT-350<\/a>.<\/p>\n<p><iframe loading=\"lazy\" title=\"Instruction video AXIWI AT-320 full duplex and wireless audio communication system\" width=\"1170\" height=\"658\" src=\"https:\/\/www.youtube.com\/embed\/0R6cRTS43eI?feature=oembed\" frameborder=\"0\" allow=\"accelerometer; autoplay; clipboard-write; encrypted-media; gyroscope; picture-in-picture; web-share\" referrerpolicy=\"strict-origin-when-cross-origin\" allowfullscreen><\/iframe><\/p>\n","protected":false},"excerpt":{"rendered":"<p>Conjunto de intercomunicadores digitales AXIWI AT-320 para 5 \u00e1rbitros de f\u00fatbol, v\u00f3leibol, baloncesto y de otras disciplinas.<\/p>\n","protected":false},"featured_media":50616,"template":"","meta":{"_acf_changed":false},"product_brand":[],"product_cat":[5468],"product_tag":[],"class_list":{"0":"post-63072","1":"product","2":"type-product","3":"status-publish","4":"has-post-thumbnail","6":"product_cat-intercomunicadores-para-arbitros-deportivos","8":"first","9":"outofstock","10":"taxable","11":"shipping-taxable","12":"purchasable","13":"product-type-simple"},"acf":[],"_links":{"self":[{"href":"https:\/\/mexpo.eu\/es\/wp-json\/wp\/v2\/product\/63072","targetHints":{"allow":["GET"]}}],"collection":[{"href":"https:\/\/mexpo.eu\/es\/wp-json\/wp\/v2\/product"}],"about":[{"href":"https:\/\/mexpo.eu\/es\/wp-json\/wp\/v2\/types\/product"}],"wp:featuredmedia":[{"embeddable":true,"href":"https:\/\/mexpo.eu\/es\/wp-json\/wp\/v2\/media\/50616"}],"wp:attachment":[{"href":"https:\/\/mexpo.eu\/es\/wp-json\/wp\/v2\/media?parent=63072"}],"wp:term":[{"taxonomy":"product_brand","embeddable":true,"href":"https:\/\/mexpo.eu\/es\/wp-json\/wp\/v2\/product_brand?post=63072"},{"taxonomy":"product_cat","embeddable":true,"href":"https:\/\/mexpo.eu\/es\/wp-json\/wp\/v2\/product_cat?post=63072"},{"taxonomy":"product_tag","embeddable":true,"href":"https:\/\/mexpo.eu\/es\/wp-json\/wp\/v2\/product_tag?post=63072"}],"curies":[{"name":"wp","href":"https:\/\/api.w.org\/{rel}","templated":true}]}}