{"id":63006,"date":"2025-02-17T13:26:31","date_gmt":"2025-02-17T12:26:31","guid":{"rendered":"https:\/\/mexpo.pl?post_type=product&#038;p=63006"},"modified":"2025-02-17T15:00:23","modified_gmt":"2025-02-17T15:00:23","slug":"sistema-de-intercomunicadores-para-la-comunicacion-inalambrica-durante-rodajes-de-peliculas-conciertos-at-350-5av","status":"publish","type":"product","link":"https:\/\/mexpo.eu\/es\/produkt\/sistema-de-intercomunicadores-para-la-comunicacion-inalambrica-durante-rodajes-de-peliculas-conciertos-at-350-5av\/","title":{"rendered":"Sistema de intercomunicadores para la comunicaci\u00f3n inal\u00e1mbrica durante rodajes de pel\u00edculas, conciertos: AT-350-5AV"},"content":{"rendered":"<p><strong>El conjunto contiene:<\/strong><br \/>\n&#8211; intercomunicador inal\u00e1mbrico AXIWI AT-350: 5 unidades<br \/>\n&#8211; headset HE-001: 5 unidades<br \/>\n&#8211; malet\u00edn de transporte con ruedas TR-010: 1 unidad<br \/>\n&#8211; cargador colectivo de sobremesa CR-011: 1 unidad<\/p>\n<p><strong>El per\u00edodo de garant\u00eda es de 2 a\u00f1os.<\/strong><br \/>\nLes ofrecemos asistencia t\u00e9cnica completa, actualizaciones y servicio del sistema tambi\u00e9n despu\u00e9s de que haya expirado el per\u00edodo de garant\u00eda.<\/p>\n<p>\u00a1AT-350 es el sistema de intercomunicaci\u00f3n bidireccional en modo full d\u00faplex m\u00e1s peque\u00f1o y ligero del mercado!<\/p>\n<p><strong>\u00bfQu\u00e9 es el intercomunicador INTERCOM?<\/strong><br \/>\nAXIWI es un sistema de intercomunicaci\u00f3n inal\u00e1mbrico dise\u00f1ado para producciones audiovisuales y eventos en directo.<br \/>\nEl sistema permite crear un sistema de comunicaci\u00f3n instant\u00e1neo y profesional para equipos de producci\u00f3n, t\u00e9cnicos, as\u00ed como producciones de audio y v\u00eddeo.<br \/>\nEl modelo AT-350 ofrece una comunicaci\u00f3n manos libres en modo de d\u00faplex completo para 6 personas.<br \/>\nEl sistema funciona sin licencia en la frecuencia de radio de 863 MHz ~ 865 MHz en modulaci\u00f3n digital GFSK, gracias a lo cual es resistente a las interferencias de otros sistemas de radio cercanos, por ejemplo, Wi-Fi, micr\u00f3fonos inal\u00e1mbricos y micropuertos.<br \/>\nAXIWI AT-350 dispone de 8 canales de comunicaci\u00f3n independientes (todos ellos pueden operar en la misma zona simult\u00e1neamente) en los que hasta 250 usuarios por canal puede escuchar y unirse a la conversaci\u00f3n.<\/p>\n<p><iframe loading=\"lazy\" title=\"AXIWI AT-350 communication system - user manual\" width=\"1170\" height=\"658\" src=\"https:\/\/www.youtube.com\/embed\/_GHQNDcNrvQ?feature=oembed\" frameborder=\"0\" allow=\"accelerometer; autoplay; clipboard-write; encrypted-media; gyroscope; picture-in-picture; web-share\" referrerpolicy=\"strict-origin-when-cross-origin\" allowfullscreen><\/iframe><\/p>\n<p><strong>Sistema de intercomunicaci\u00f3n inal\u00e1mbrico avanzado para transmisi\u00f3n de audio y comunicaci\u00f3n \u201cHands-free\u201d<\/strong><br \/>\nAt-350 ofrece una comunicaci\u00f3n bidireccional \u201cmanos libres\u201d lo que significa que el usuario lleva un peque\u00f1o terminal en el cintur\u00f3n y puede decir algo al resto del equipo en cualquier momento o escuchar mensajes importantes a trav\u00e9s de un auricular con micr\u00f3fono (headset). El sistema manos libres aumenta la productividad, mejora la seguridad en el lugar de trabajo, reduce la desorganizaci\u00f3n y las distracciones.<\/p>\n<p><strong>Soluci\u00f3n de comunicaci\u00f3n inal\u00e1mbrica e independiente en equipo<\/strong><br \/>\nAXIWI es un sistema de comunicaci\u00f3n que no requiere una estaci\u00f3n base o ni instalaci\u00f3n de cables. Es una soluci\u00f3n totalmente inal\u00e1mbrica en la que s\u00f3lo es necesario un intercomunicador en el grupo en el modo \u201cMaster\u201d para crear una red de telecomunicaciones.<\/p>\n<p><strong>Transmisi\u00f3n de sonido clara y segura<\/strong><br \/>\nAt-350 transmite y recibe sonido en la banda de 863 MHz ~ 865 MHz, en la modulaci\u00f3n digital GFSK, que no es utilizada por los sistemas inal\u00e1mbricos y Wi-Fi populares. El resultado es un sistema de comunicaci\u00f3n seguro, libre de interferencias y sin la reducci\u00f3n en el alcance de transmisi\u00f3n que suele afectar a los sistemas inal\u00e1mbricos UHF est\u00e1ndar.<\/p>\n<p><strong>Sistema avanzado y encerrado en una carcasa peque\u00f1a y ligera<\/strong><br \/>\nAXIWI AT-350 ofrece un alcance de hasta 300 metros en l\u00ednea de visi\u00f3n y puede funcionar hasta 10 horas con una carga completa. Es un intercomunicador en miniatura que pesa menos de 70 g para una mayor comodidad durante todo el d\u00eda.<br \/>\nConector universal para auriculares\/micr\u00f3fono<br \/>\nGracias al uso de un conector minijack TRRS de 3,5 mm, AXIWI funcionar\u00e1 con la mayor\u00eda de los headsets disponibles en el mercado. Tambi\u00e9n puede utilizar los auriculares de su tel\u00e9fono m\u00f3vil.<br \/>\nEn resumen, AXIWI AT-350 garantiza una coordinaci\u00f3n inal\u00e1mbrica de alta calidad para equipos involucrados en la producci\u00f3n de audio y v\u00eddeo, producci\u00f3n de medios, pel\u00edculas, streaming o cualquier equipo que busque una comunicaci\u00f3n de voz fluida, a distancia y en tiempo real.<\/p>\n<p><strong>Caracter\u00edsticas de AXIWI AT-350:<\/strong><br \/>\n&#8211; Comunicaci\u00f3n bidireccional de hasta 6 personas a la vez<br \/>\n&#8211; 3 modos de comunicaci\u00f3n: Master, Sub-master, Follower<br \/>\n&#8211; N\u00famero m\u00e1ximo de usuarios por canal: hasta 250 personas<br \/>\n&#8211; Banda de frecuencia: 863 MHz ~ 865 MHz<br \/>\n&#8211; Alcance de hasta 300 metros en la l\u00ednea de visi\u00f3n<br \/>\n&#8211; 8 canales de comunicaci\u00f3n<br \/>\n&#8211; Dimensiones: 78 x 38 x 19 mm<br \/>\n&#8211; Peso 70 gramos (con la bater\u00eda)<br \/>\n&#8211; Toma de auriculares\/micr\u00f3fono TRRS de 3,5 mm<br \/>\n&#8211; Tiempo de trabajo: 10 horas, tiempo de carga: 3 ~ 4 horas<br \/>\n&#8211; Gradode estanqueidad IP54<\/p>\n<p>Axitour Communication Solutions es un proveedor probado y experimentado de soluciones de comunicaci\u00f3n inal\u00e1mbrica en tiempo real. Los sistemas incluyen comunicaci\u00f3n inal\u00e1mbrica full-duplex para \u00e1rbitros deportivos, industria, producci\u00f3n de audio y v\u00eddeo, interpretaci\u00f3n simult\u00e1nea, as\u00ed como para servicios civiles y de emergencia. La compa\u00f1\u00eda holandesa Axitour es socio oficial de la FIFA para soluciones de comunicaci\u00f3n inal\u00e1mbrica bidireccional.<\/p>\n","protected":false},"excerpt":{"rendered":"<p>Conjunto de 5 intercomunicadores para la comunicaci\u00f3n de voz en modo d\u00faplex completo, entre miembros de un equipo de rodaje, durante un concierto u otros eventos, por ejemplo entre un director y un operador de c\u00e1mara o t\u00e9cnicos de sonido.<\/p>\n","protected":false},"featured_media":50422,"template":"","meta":{"_acf_changed":false},"product_brand":[],"product_cat":[5418],"product_tag":[],"class_list":{"0":"post-63006","1":"product","2":"type-product","3":"status-publish","4":"has-post-thumbnail","6":"product_cat-produccion-de-audio-video","8":"first","9":"outofstock","10":"taxable","11":"shipping-taxable","12":"purchasable","13":"product-type-simple"},"acf":[],"_links":{"self":[{"href":"https:\/\/mexpo.eu\/es\/wp-json\/wp\/v2\/product\/63006","targetHints":{"allow":["GET"]}}],"collection":[{"href":"https:\/\/mexpo.eu\/es\/wp-json\/wp\/v2\/product"}],"about":[{"href":"https:\/\/mexpo.eu\/es\/wp-json\/wp\/v2\/types\/product"}],"wp:featuredmedia":[{"embeddable":true,"href":"https:\/\/mexpo.eu\/es\/wp-json\/wp\/v2\/media\/50422"}],"wp:attachment":[{"href":"https:\/\/mexpo.eu\/es\/wp-json\/wp\/v2\/media?parent=63006"}],"wp:term":[{"taxonomy":"product_brand","embeddable":true,"href":"https:\/\/mexpo.eu\/es\/wp-json\/wp\/v2\/product_brand?post=63006"},{"taxonomy":"product_cat","embeddable":true,"href":"https:\/\/mexpo.eu\/es\/wp-json\/wp\/v2\/product_cat?post=63006"},{"taxonomy":"product_tag","embeddable":true,"href":"https:\/\/mexpo.eu\/es\/wp-json\/wp\/v2\/product_tag?post=63006"}],"curies":[{"name":"wp","href":"https:\/\/api.w.org\/{rel}","templated":true}]}}