{"id":62980,"date":"2025-02-17T13:28:25","date_gmt":"2025-02-17T13:28:25","guid":{"rendered":"https:\/\/mexpo.pl?post_type=product&#038;p=62980"},"modified":"2025-02-17T15:02:36","modified_gmt":"2025-02-17T15:02:36","slug":"gst-fbi-headset-discreto-para-gst-g2","status":"publish","type":"product","link":"https:\/\/mexpo.eu\/es\/produkt\/gst-fbi-headset-discreto-para-gst-g2\/","title":{"rendered":"GST- FBI: Headset discreto para GST G2"},"content":{"rendered":"<p>Headset dise\u00f1ado para personas que trabajan en hosteler\u00eda, servicios de seguridad o que desean comunicarse sin un auricular llamativo. Gracias a la tecnolog\u00eda \u00fanica del tubo del auricular, su uso es muy discreto. El auricular est\u00e1 equipado con un bot\u00f3n PTT y un clip para sujetarlo discretamente, por ejemplo, a una camisa.<\/p>\n","protected":false},"excerpt":{"rendered":"<p>Headset discreto para la radio mGuide GST G2.<\/p>\n","protected":false},"featured_media":50969,"template":"","meta":{"_acf_changed":false},"product_brand":[],"product_cat":[5232,5456,5454],"product_tag":[],"class_list":{"0":"post-62980","1":"product","2":"type-product","3":"status-publish","4":"has-post-thumbnail","6":"product_cat-headsets-sistemas-de-intercomunicacion","7":"product_cat-intercomunicadores-para-deportes-ciclistas","8":"product_cat-intercomunicadores-para-gastronomia-horeca","10":"first","11":"instock","12":"taxable","13":"shipping-taxable","14":"purchasable","15":"product-type-simple"},"acf":[],"_links":{"self":[{"href":"https:\/\/mexpo.eu\/es\/wp-json\/wp\/v2\/product\/62980","targetHints":{"allow":["GET"]}}],"collection":[{"href":"https:\/\/mexpo.eu\/es\/wp-json\/wp\/v2\/product"}],"about":[{"href":"https:\/\/mexpo.eu\/es\/wp-json\/wp\/v2\/types\/product"}],"wp:featuredmedia":[{"embeddable":true,"href":"https:\/\/mexpo.eu\/es\/wp-json\/wp\/v2\/media\/50969"}],"wp:attachment":[{"href":"https:\/\/mexpo.eu\/es\/wp-json\/wp\/v2\/media?parent=62980"}],"wp:term":[{"taxonomy":"product_brand","embeddable":true,"href":"https:\/\/mexpo.eu\/es\/wp-json\/wp\/v2\/product_brand?post=62980"},{"taxonomy":"product_cat","embeddable":true,"href":"https:\/\/mexpo.eu\/es\/wp-json\/wp\/v2\/product_cat?post=62980"},{"taxonomy":"product_tag","embeddable":true,"href":"https:\/\/mexpo.eu\/es\/wp-json\/wp\/v2\/product_tag?post=62980"}],"curies":[{"name":"wp","href":"https:\/\/api.w.org\/{rel}","templated":true}]}}