{"id":62979,"date":"2025-02-17T13:28:24","date_gmt":"2025-02-17T13:28:24","guid":{"rendered":"https:\/\/mexpo.pl?post_type=product&#038;p=62979"},"modified":"2025-02-17T15:02:33","modified_gmt":"2025-02-17T15:02:33","slug":"gst-sshk-headset-con-microfono-de-garganta-para-gst-g2","status":"publish","type":"product","link":"https:\/\/mexpo.eu\/es\/produkt\/gst-sshk-headset-con-microfono-de-garganta-para-gst-g2\/","title":{"rendered":"GST-SSHK: Headset con micr\u00f3fono de garganta para GST G2"},"content":{"rendered":"<p>Headset con un laring\u00f3fono. Ideal en situaciones con mucho ruido ambiente, demasiado para auriculares normales. La parte del micr\u00f3fono se ajusta perfectamente a la garganta, bloqueando la mayor parte del ruido ambiental. Ligero y c\u00f3modo de llevar. Tambi\u00e9n cuenta con un auricular discreto.<\/p>\n","protected":false},"excerpt":{"rendered":"<p>Headset con micr\u00f3fono de garganta para la radio GST G2.<\/p>\n","protected":false},"featured_media":50963,"template":"","meta":{"_acf_changed":false},"product_brand":[],"product_cat":[5232,5454],"product_tag":[],"class_list":{"0":"post-62979","1":"product","2":"type-product","3":"status-publish","4":"has-post-thumbnail","6":"product_cat-headsets-sistemas-de-intercomunicacion","7":"product_cat-intercomunicadores-para-gastronomia-horeca","9":"first","10":"instock","11":"taxable","12":"shipping-taxable","13":"purchasable","14":"product-type-simple"},"acf":[],"_links":{"self":[{"href":"https:\/\/mexpo.eu\/es\/wp-json\/wp\/v2\/product\/62979","targetHints":{"allow":["GET"]}}],"collection":[{"href":"https:\/\/mexpo.eu\/es\/wp-json\/wp\/v2\/product"}],"about":[{"href":"https:\/\/mexpo.eu\/es\/wp-json\/wp\/v2\/types\/product"}],"wp:featuredmedia":[{"embeddable":true,"href":"https:\/\/mexpo.eu\/es\/wp-json\/wp\/v2\/media\/50963"}],"wp:attachment":[{"href":"https:\/\/mexpo.eu\/es\/wp-json\/wp\/v2\/media?parent=62979"}],"wp:term":[{"taxonomy":"product_brand","embeddable":true,"href":"https:\/\/mexpo.eu\/es\/wp-json\/wp\/v2\/product_brand?post=62979"},{"taxonomy":"product_cat","embeddable":true,"href":"https:\/\/mexpo.eu\/es\/wp-json\/wp\/v2\/product_cat?post=62979"},{"taxonomy":"product_tag","embeddable":true,"href":"https:\/\/mexpo.eu\/es\/wp-json\/wp\/v2\/product_tag?post=62979"}],"curies":[{"name":"wp","href":"https:\/\/api.w.org\/{rel}","templated":true}]}}