{"id":62978,"date":"2025-02-17T13:28:24","date_gmt":"2025-02-17T13:28:24","guid":{"rendered":"https:\/\/mexpo.pl?post_type=product&#038;p=62978"},"modified":"2025-02-17T15:02:30","modified_gmt":"2025-02-17T15:02:30","slug":"gst-e007-auricular-para-gst-g2","status":"publish","type":"product","link":"https:\/\/mexpo.eu\/es\/produkt\/gst-e007-auricular-para-gst-g2\/","title":{"rendered":"GST-E007: Auricular para GST G2"},"content":{"rendered":"<p>El auricular para un solo o\u00eddo permite al usuario hablar y escuchar a otros miembros del grupo de comunicaci\u00f3n. El dise\u00f1o ergon\u00f3mico de goma suave, el brazo del micr\u00f3fono ajustable y el clip para la ropa en el cable permiten al usuario llevar el auricular (en cada o\u00eddo) durante largas reuniones sin cansarse.<\/p>\n","protected":false},"excerpt":{"rendered":"<p>Auricular con micr\u00f3fono de brazo para la radio GST G2.<\/p>\n","protected":false},"featured_media":50939,"template":"","meta":{"_acf_changed":false},"product_brand":[],"product_cat":[5232,5456,5454],"product_tag":[],"class_list":{"0":"post-62978","1":"product","2":"type-product","3":"status-publish","4":"has-post-thumbnail","6":"product_cat-headsets-sistemas-de-intercomunicacion","7":"product_cat-intercomunicadores-para-deportes-ciclistas","8":"product_cat-intercomunicadores-para-gastronomia-horeca","10":"first","11":"instock","12":"taxable","13":"shipping-taxable","14":"purchasable","15":"product-type-simple"},"acf":[],"_links":{"self":[{"href":"https:\/\/mexpo.eu\/es\/wp-json\/wp\/v2\/product\/62978","targetHints":{"allow":["GET"]}}],"collection":[{"href":"https:\/\/mexpo.eu\/es\/wp-json\/wp\/v2\/product"}],"about":[{"href":"https:\/\/mexpo.eu\/es\/wp-json\/wp\/v2\/types\/product"}],"wp:featuredmedia":[{"embeddable":true,"href":"https:\/\/mexpo.eu\/es\/wp-json\/wp\/v2\/media\/50939"}],"wp:attachment":[{"href":"https:\/\/mexpo.eu\/es\/wp-json\/wp\/v2\/media?parent=62978"}],"wp:term":[{"taxonomy":"product_brand","embeddable":true,"href":"https:\/\/mexpo.eu\/es\/wp-json\/wp\/v2\/product_brand?post=62978"},{"taxonomy":"product_cat","embeddable":true,"href":"https:\/\/mexpo.eu\/es\/wp-json\/wp\/v2\/product_cat?post=62978"},{"taxonomy":"product_tag","embeddable":true,"href":"https:\/\/mexpo.eu\/es\/wp-json\/wp\/v2\/product_tag?post=62978"}],"curies":[{"name":"wp","href":"https:\/\/api.w.org\/{rel}","templated":true}]}}