{"id":62975,"date":"2025-02-17T13:28:24","date_gmt":"2025-02-17T13:28:24","guid":{"rendered":"https:\/\/mexpo.pl?post_type=product&#038;p=62975"},"modified":"2025-04-07T13:49:37","modified_gmt":"2025-04-07T13:49:37","slug":"mguide-gst-g2-intercomunicador-para-horeca-radio-adicional-para-los-conjuntos-eqs-4-ski-1-velo-1","status":"publish","type":"product","link":"https:\/\/mexpo.eu\/es\/produkt\/mguide-gst-g2-intercomunicador-para-horeca-radio-adicional-para-los-conjuntos-eqs-4-ski-1-velo-1\/","title":{"rendered":"mGuide GST G2: intercomunicador para HoReCa | radio adicional para los conjuntos EQS-4, SKI-1, VELO-1"},"content":{"rendered":"<p class=\"\" data-start=\"6480\" data-end=\"6629\">El mGuide GST G2 es un dispositivo de comunicaci\u00f3n bidireccional vers\u00e1til con micr\u00f3fono integrado, perfecto tanto para uso personal como profesional.<\/p>\n<p class=\"\" data-start=\"6631\" data-end=\"6653\"><strong>Caracter\u00edsticas clave:<\/strong><\/p>\n<ul data-start=\"6655\" data-end=\"7462\">\n<li class=\"\" data-start=\"6655\" data-end=\"6701\">\n<p class=\"\" data-start=\"6657\" data-end=\"6701\"><strong>Gran alcance:<\/strong>\u00a0Hasta 1 km en l\u00ednea de visi\u00f3n.<\/p>\n<\/li>\n<li class=\"\" data-start=\"6702\" data-end=\"6787\">\n<p class=\"\" data-start=\"6704\" data-end=\"6787\"><strong>Dise\u00f1o compacto y ligero:<\/strong>\u00a0Dimensiones 97,5 x 55 x 20,5 mm y peso de solo 91 gramos.<\/p>\n<\/li>\n<li class=\"\" data-start=\"6788\" data-end=\"6925\">\n<p class=\"\" data-start=\"6790\" data-end=\"6925\"><strong>Carcasa resistente:<\/strong>\u00a0Fabricada con material s\u00f3lido y resistente a impactos \u2013 ideal para el uso diario y condiciones laborales exigentes.<\/p>\n<\/li>\n<li class=\"\" data-start=\"6926\" data-end=\"7006\">\n<p class=\"\" data-start=\"6928\" data-end=\"7006\"><strong>Manejo c\u00f3modo:<\/strong>\u00a0Equipado con botones grandes y f\u00e1ciles de identificar al tacto.<\/p>\n<\/li>\n<li class=\"\" data-start=\"7007\" data-end=\"7105\">\n<p class=\"\" data-start=\"7009\" data-end=\"7105\"><strong>Bot\u00f3n PTT (Push-to-Talk):<\/strong>\u00a0Bot\u00f3n de transmisi\u00f3n grande e iluminado y bot\u00f3n PTT lateral adicional.<\/p>\n<\/li>\n<li class=\"\" data-start=\"7106\" data-end=\"7139\">\n<p class=\"\" data-start=\"7108\" data-end=\"7139\"><strong>Botones para cambio de canales.<\/strong><\/p>\n<\/li>\n<li class=\"\" data-start=\"7140\" data-end=\"7186\">\n<p class=\"\" data-start=\"7142\" data-end=\"7186\"><strong>Interruptor de encendido de color llamativo.<\/strong><\/p>\n<\/li>\n<li class=\"\" data-start=\"7187\" data-end=\"7279\">\n<p class=\"\" data-start=\"7189\" data-end=\"7279\">Entrada para micr\u00f3fono externo o auriculares para mayor comodidad y comunicaci\u00f3n discreta.<\/p>\n<\/li>\n<li class=\"\" data-start=\"7280\" data-end=\"7385\">\n<p class=\"\" data-start=\"7282\" data-end=\"7385\"><strong>Carga c\u00f3moda:<\/strong>\u00a0A trav\u00e9s de conector micro USB \u2013 se puede cargar en casa, en el coche o con un powerbank.<\/p>\n<\/li>\n<li class=\"\" data-start=\"7386\" data-end=\"7462\">\n<p class=\"\" data-start=\"7388\" data-end=\"7462\"><strong>Larga duraci\u00f3n de bater\u00eda:<\/strong>\u00a06\u20138 horas con la bater\u00eda completamente cargada.<\/p>\n<\/li>\n<\/ul>\n<p class=\"\" data-start=\"7464\" data-end=\"7477\"><strong>Aplicaciones:<\/strong><\/p>\n<ul data-start=\"7479\" data-end=\"8108\">\n<li class=\"\" data-start=\"7479\" data-end=\"7819\">\n<p class=\"\" data-start=\"7481\" data-end=\"7819\"><strong>En el \u00e1mbito profesional:<\/strong>\u00a0Una excelente opci\u00f3n para equipos que trabajan en exteriores, como personal de construcci\u00f3n, mantenimiento o eventos. Tambi\u00e9n mejora la comunicaci\u00f3n y organizaci\u00f3n en el sector HoReCa \u2013 entre cocina y camareros, camareros y almac\u00e9n, recepci\u00f3n y limpieza o seguridad \u2013 as\u00ed como en servicios de catering y eventos.<\/p>\n<\/li>\n<li class=\"\" data-start=\"7820\" data-end=\"8108\">\n<p class=\"\" data-start=\"7822\" data-end=\"8108\"><strong>En casa y durante el tiempo libre:<\/strong>\u00a0Mant\u00e9n el contacto constante con tus hijos mientras juegan en el jard\u00edn, en el parque o durante excursiones familiares a la monta\u00f1a, la playa o el camping. Gracias a su interfaz sencilla y dise\u00f1o ligero, es f\u00e1cil de usar incluso para los m\u00e1s peque\u00f1os.<\/p>\n<\/li>\n<\/ul>\n<p class=\"\" data-start=\"8110\" data-end=\"8131\"><strong>Accesorios incluidos:<\/strong><\/p>\n<ul data-start=\"8133\" data-end=\"8460\">\n<li class=\"\" data-start=\"8133\" data-end=\"8171\">\n<p class=\"\" data-start=\"8135\" data-end=\"8171\"><strong>Cargador de pared y cable micro USB.<\/strong><\/p>\n<\/li>\n<li class=\"\" data-start=\"8172\" data-end=\"8232\">\n<p class=\"\" data-start=\"8174\" data-end=\"8232\"><strong>Correa corta para la mu\u00f1eca que evita ca\u00eddas accidentales.<\/strong><\/p>\n<\/li>\n<li class=\"\" data-start=\"8233\" data-end=\"8460\">\n<p class=\"\" data-start=\"8235\" data-end=\"8460\"><strong>Clip en la parte trasera para sujetarlo f\u00e1cilmente al cintur\u00f3n, bolsillo o mochila.<\/strong>\u00a0Una soluci\u00f3n pr\u00e1ctica para familias activas y trabajadores de campo que necesitan tener las manos libres y acceso r\u00e1pido al intercomunicador.<\/p>\n<\/li>\n<\/ul>\n","protected":false},"excerpt":{"rendered":"<p>Intercomunicador de bolsillo mGuide GST G2 para comunicaci\u00f3n bidireccional inal\u00e1mbrica. Ideal tanto para uso profesional como dom\u00e9stico.<\/p>\n","protected":false},"featured_media":50890,"template":"","meta":{"_acf_changed":false},"product_brand":[],"product_cat":[5949,5456,5969,5454,6187,5962],"product_tag":[],"class_list":{"0":"post-62975","1":"product","2":"type-product","3":"status-publish","4":"has-post-thumbnail","6":"product_cat-intercomunicadores-para-actividades-ecuestres-es","7":"product_cat-intercomunicadores-para-deportes-ciclistas","8":"product_cat-intercomunicadores-para-esquiar-es","9":"product_cat-intercomunicadores-para-gastronomia-horeca","10":"product_cat-intercomunicadores-para-pequenas-empresas","11":"product_cat-mguide-gst-es","13":"first","14":"instock","15":"sale","16":"taxable","17":"shipping-taxable","18":"purchasable","19":"product-type-simple"},"acf":[],"_links":{"self":[{"href":"https:\/\/mexpo.eu\/es\/wp-json\/wp\/v2\/product\/62975","targetHints":{"allow":["GET"]}}],"collection":[{"href":"https:\/\/mexpo.eu\/es\/wp-json\/wp\/v2\/product"}],"about":[{"href":"https:\/\/mexpo.eu\/es\/wp-json\/wp\/v2\/types\/product"}],"wp:featuredmedia":[{"embeddable":true,"href":"https:\/\/mexpo.eu\/es\/wp-json\/wp\/v2\/media\/50890"}],"wp:attachment":[{"href":"https:\/\/mexpo.eu\/es\/wp-json\/wp\/v2\/media?parent=62975"}],"wp:term":[{"taxonomy":"product_brand","embeddable":true,"href":"https:\/\/mexpo.eu\/es\/wp-json\/wp\/v2\/product_brand?post=62975"},{"taxonomy":"product_cat","embeddable":true,"href":"https:\/\/mexpo.eu\/es\/wp-json\/wp\/v2\/product_cat?post=62975"},{"taxonomy":"product_tag","embeddable":true,"href":"https:\/\/mexpo.eu\/es\/wp-json\/wp\/v2\/product_tag?post=62975"}],"curies":[{"name":"wp","href":"https:\/\/api.w.org\/{rel}","templated":true}]}}