{"id":62915,"date":"2025-02-17T13:28:02","date_gmt":"2025-02-17T13:28:02","guid":{"rendered":"https:\/\/mexpo.pl?post_type=product&#038;p=62915"},"modified":"2025-04-07T07:31:27","modified_gmt":"2025-04-07T07:31:27","slug":"mguide-aqua-r-receptor-de-radio-para-nadadores","status":"publish","type":"product","link":"https:\/\/mexpo.eu\/es\/produkt\/mguide-aqua-r-receptor-de-radio-para-nadadores\/","title":{"rendered":"mGuide AQUA R: receptor de radio para nadadores"},"content":{"rendered":"<div class=\"wpb-content-wrapper\"><p>[vc_row][vc_column][vc_column_text]<strong>Odbiornik mGuide AQUA ma form\u0119 wygodnych, bardzo lekkich (39 gram\u00f3w) sportowych s\u0142uchawek z pa\u0142\u0105kiem z ty\u0142u g\u0142owy.<\/strong> Ze wzgl\u0119du na swoje przeznaczenie, do u\u017cywania w wodzie &#8211; jest ca\u0142kowicie <strong>wodoodporny<\/strong>.<strong> Odbiornik AQUA wykorzystuje indukcj\u0119 kostn\u0105<\/strong> &#8211; dzi\u0119ki czemu s\u0142yszymy transmitowane d\u017awi\u0119ki, pomimo i\u017c ko\u0144c\u00f3wki s\u0142uchawek nie znajduj\u0105 si\u0119 w uszach, a na zewn\u0105trz uszu (w miejscu styku ma\u0142\u017cowiny usznej z g\u0142ow\u0105). To ca\u0142kowicie bezpieczna metoda przekazywania d\u017awi\u0119ku, kt\u00f3ra pozwala na s\u0142uchanie np. komentarza instruktora przy jednoczesnym odbieraniu d\u017awi\u0119k\u00f3w otoczenia. Nie ma znaczenia tak\u017ce czy odbiornik znajduje si\u0119 ponad lustrem wody czy pod wod\u0105 &#8211;<strong> przekaz zawsze jest idealny<\/strong>.<\/p>\n<p>Odbiornik mGuide AQUA posiada tylko 3 przyciski &#8211; +, POWER i &#8211; a jego obs\u0142uga jest banalnie prosta. D\u0142u\u017csze przytrzymanie \u015brodkowego przycisku powoduje w\u0142\u0105czenie lub wy\u0142\u0105czenie odbiornika. Kana\u0142 zmieniamy kr\u00f3tko naciskaj\u0105c na przycisk + lub &#8211; a jego zmiana jest potwierdzona automatycznym komunikatem w j\u0119zyku angielskim.<\/p>\n<p><strong>mGuide AQUA posiada 9 kana\u0142\u00f3w.<\/strong> Aby mo\u017cliwy by\u0142 odbi\u00f3r kana\u0142 w odbiorniku musi by\u0107 to\u017csamy z kana\u0142em w nadajniku. Zmiana g\u0142o\u015bno\u015bci odbywa si\u0119 poprzez d\u0142u\u017csze przytrzymanie przycisku + lub -. Do \u0142adowania odbiornika wykorzystujemy<strong> do\u0142\u0105czony kabel i wtyczk\u0119<\/strong>. Czas pracy na w pe\u0142ni na\u0142adowanej baterii &#8211;<strong> min. 4 godziny.<\/strong>[\/vc_column_text][vc_btn title=&#8221;Kliknij tutaj i zobacz jak mGuide AQUA radzi sobie w praktyce &#8211; w szkole nauki p\u0142ywania Ku\u017ania P\u0142ywania!&#8221; shape=&#8221;square&#8221; color=&#8221;info&#8221; align=&#8221;center&#8221; i_icon_fontawesome=&#8221;fas fa-swimmer&#8221; button_block=&#8221;true&#8221; add_icon=&#8221;true&#8221; link=&#8221;url:http%3A%2F%2Fwww.kuzniaplywania.pl%2Fplywamy-ze-sprzetem-mguide-aqua%2F|&#8221;][\/vc_column][\/vc_row]<\/p>\n<\/div>","protected":false},"excerpt":{"rendered":"<p>mGuide AQUA es un equipo de radio para entrenamiento de nataci\u00f3n para instructores, entrenadores, competidores y alumnos. Es perfecto para entrenar a los adeptos de deportes acu\u00e1ticos como la nataci\u00f3n, el windsurf, el kitesurf o la nataci\u00f3n en sup. Gracias al AQUA, el entrenamiento ser\u00e1 m\u00e1s eficaz y m\u00e1s f\u00e1cil, no s\u00f3lo en las escuelas de nataci\u00f3n o cuando se ense\u00f1a a los ni\u00f1os, sino tambi\u00e9n en el entrenamiento de triatletas y atletas acu\u00e1ticos profesionales. El equipo es completamente impermeable.<\/p>\n","protected":false},"featured_media":50842,"template":"","meta":{"_acf_changed":false},"product_brand":[],"product_cat":[5433],"product_tag":[],"class_list":{"0":"post-62915","1":"product","2":"type-product","3":"status-publish","4":"has-post-thumbnail","6":"product_cat-intercomunicadores-para-deportes-acuaticos","8":"first","9":"instock","10":"sale","11":"taxable","12":"shipping-taxable","13":"purchasable","14":"product-type-simple"},"acf":[],"_links":{"self":[{"href":"https:\/\/mexpo.eu\/es\/wp-json\/wp\/v2\/product\/62915","targetHints":{"allow":["GET"]}}],"collection":[{"href":"https:\/\/mexpo.eu\/es\/wp-json\/wp\/v2\/product"}],"about":[{"href":"https:\/\/mexpo.eu\/es\/wp-json\/wp\/v2\/types\/product"}],"wp:featuredmedia":[{"embeddable":true,"href":"https:\/\/mexpo.eu\/es\/wp-json\/wp\/v2\/media\/50842"}],"wp:attachment":[{"href":"https:\/\/mexpo.eu\/es\/wp-json\/wp\/v2\/media?parent=62915"}],"wp:term":[{"taxonomy":"product_brand","embeddable":true,"href":"https:\/\/mexpo.eu\/es\/wp-json\/wp\/v2\/product_brand?post=62915"},{"taxonomy":"product_cat","embeddable":true,"href":"https:\/\/mexpo.eu\/es\/wp-json\/wp\/v2\/product_cat?post=62915"},{"taxonomy":"product_tag","embeddable":true,"href":"https:\/\/mexpo.eu\/es\/wp-json\/wp\/v2\/product_tag?post=62915"}],"curies":[{"name":"wp","href":"https:\/\/api.w.org\/{rel}","templated":true}]}}