{"id":62875,"date":"2025-02-17T13:27:38","date_gmt":"2025-02-17T13:27:38","guid":{"rendered":"https:\/\/mexpo.pl?post_type=product&#038;p=62875"},"modified":"2025-02-17T15:01:45","modified_gmt":"2025-02-17T15:01:45","slug":"headset-bidireccional-para-la-comunicacion-intercomunicador-inalambrico-para-servicios-de-salud-sistema-hcl-2-fc","status":"publish","type":"product","link":"https:\/\/mexpo.eu\/es\/produkt\/headset-bidireccional-para-la-comunicacion-intercomunicador-inalambrico-para-servicios-de-salud-sistema-hcl-2-fc\/","title":{"rendered":"Headset bidireccional para la comunicaci\u00f3n \/ intercomunicador inal\u00e1mbrico para servicios de salud: Sistema HCL-2-FC"},"content":{"rendered":"<p><strong>\u00bfC\u00f3mo la comunicaci\u00f3n bidireccional por radio puede beneficiar al sector de la salud?<\/strong><br \/>\nDurante la crisis, los headsets bidireccionales se han convertido en una herramienta a\u00fan m\u00e1s valiosa para la comunicaci\u00f3n, la coordinaci\u00f3n y la seguridad.<br \/>\nCon una amplia gama de intercomunicadores inal\u00e1mbricos y digitales sin licencia, as\u00ed como headsets, tenemos la soluci\u00f3n para satisfacer sus necesidades y ayudar a aumentar la productividad.<br \/>\nAdem\u00e1s, podemos proporcionar sistemas de comunicaci\u00f3n con repetidores y conectividad entre localidades para aumentar el alcance y la intensidad de la se\u00f1al.<\/p>\n<p>Hemos dise\u00f1ado un conjunto especial para hospitales, quir\u00f3fanos, salas de aislamiento, as\u00ed como para equipos de atenci\u00f3n:<br \/>\n&#8211; intercomunicador inal\u00e1mbrico Okayo FreeCom: 2 unidades<br \/>\n&#8211; headset RTM-3: 2 unidades<br \/>\n&#8211; cargador de escritorio Okayo C2: 1 unidad<br \/>\n&#8211; bater\u00eda Ni-MH AA everActive Silver Line 2000: 4 unidades<\/p>\n<p>Los complementos higi\u00e9nicos se encuentran en el apartado &#8220;<a href=\"https:\/\/mguide.eu\/es\/producto-categoria\/higiene\/\">higiene<\/a>&#8220;.<\/p>\n<p>Muchos tratamientos requieren el uso de un equipo de protecci\u00f3n individual completo.<br \/>\nMascarillas, viseras de protecci\u00f3n facial, buzos de protecci\u00f3n son imprescindibles para los m\u00e9dicos que trabajas en el quir\u00f3fano y el personal de laboratorio.<br \/>\nLos headsets profesionales FreeCom con micr\u00f3fono de garganta facilitar\u00e1n enormemente la comunicaci\u00f3n, mejorando la seguridad y reduciendo la incomodidad de todos los miembros del equipo.<\/p>\n<p>Okayo FreeCom es un moderno sistema de intercomunicaci\u00f3n con funci\u00f3n de manos libres para la comunicaci\u00f3n bidireccional en modo full d\u00faplex. Un sistema dedicado a hospitales, cl\u00ednicas, centros m\u00e9dicos, laboratorios y equipos param\u00e9dicos. El sistema permite crear un sistema de comunicaci\u00f3n instant\u00e1neo y profesional para el personal m\u00e9dico y hospitalario.<br \/>\nPermite la conversaci\u00f3n simult\u00e1nea en modo conferencia con hasta 6 personas de un n\u00famero ilimitado de usuarios en el mismo canal de radio. El sistema funciona sin licencia (con posibilidad de cifrado de acceso) en la frecuencia de radio de 863 MHz ~ 865 MHz, en modulaci\u00f3n digital 4GFSK, gracias a lo cual es resistente a las interferencias de otros sistemas de radio cercanos, por ejemplo, Wi-Fi, micr\u00f3fonos inal\u00e1mbricos y micropuertos. FreeCom dispone de 7 canales de comunicaci\u00f3n independientes (todos ellos pueden operar en la misma zona simult\u00e1neamente) en los que un n\u00famero ilimitado de usuarios puede escuchar y unirse a la conversaci\u00f3n.<\/p>\n<p>El sistema Okayo FreeCom puede utilizarse como sistema de audio bidireccional para la formaci\u00f3n y las mesas redondas, tanto para participantes presenciales como participantes en l\u00ednea. Ofrece una conectividad total con plataformas de audio y comunicadores externos como Zoom, Teams, proporcionando a los m\u00e9dicos una clara comunicaci\u00f3n bidireccional en tiempo real con seminarios remotos, entre aulas y lugares similares.<\/p>\n<p>Le invitamos a ver un v\u00eddeo acerca del sistema Okayo FreeCom grabado por el dr. ing Marcin Zastawnik (especialista en ac\u00fastica de la empresa ProperSound): Intercomunicadores inal\u00e1mbricos Okayo FreeCom:<\/p>\n<p>&#8220;Por otro lado, si alguien tuviera que comprar, yo recomendar\u00eda sin duda la compra de este FreeCom porque es una soluci\u00f3n genial que funciona perfectamente. Es peque\u00f1o en comparaci\u00f3n con otras soluciones profesionales.<\/p>\n<p><iframe loading=\"lazy\" title=\"Interkomy bezprzewodowe Okayo FreeCom\" width=\"1170\" height=\"658\" src=\"https:\/\/www.youtube.com\/embed\/AnLdZNaQENM?feature=oembed\" frameborder=\"0\" allow=\"accelerometer; autoplay; clipboard-write; encrypted-media; gyroscope; picture-in-picture; web-share\" referrerpolicy=\"strict-origin-when-cross-origin\" allowfullscreen><\/iframe><\/p>\n<p><strong>FreeCom es un sistema digital bidireccional con una amplia gama de aplicaciones que se basa en cuatro principios fundamentales:<\/strong><br \/>\n<strong>Flexibilidad:<\/strong> cada intercomunicador puede configurarse como la unidad principal (Master), secundaria (Sub-Master) o simplemente para escuchar al grupo (Listen).<br \/>\n<strong>Control:<\/strong> funci\u00f3n prioritaria de la unidad Master sobre las dem\u00e1s para poner orden en el grupo.<br \/>\n<strong>Seguridad:<\/strong> encriptaci\u00f3n digital para de acceso al canal. Para las transmisiones privadas, el grupo cerrado puede cifrarse para evitar que personas no deseadas escuchen sus conversaciones.<br \/>\n<strong>Inal\u00e1mbrico:<\/strong> sin estaci\u00f3n base, sin instalaci\u00f3n ni registro de dispositivos. El sistema puede utilizarse tanto en interiores como en exteriores.<\/p>\n<p><strong>Ventaja de los sistemas bidireccionales full-d\u00faplex sobre los semi-d\u00faplex.<\/strong><br \/>\nLas ventajas de los intercomunicadores inal\u00e1mbricos son, entre otras, conversaciones m\u00e1s r\u00e1pidas, claras y naturales, el uso de manos libres y mayor productividad. Adem\u00e1s, los intercomunicadores con tecnolog\u00eda digital suelen ofrecer mejor calidad de sonido que los radiotel\u00e9fonos. Gracias a la tecnolog\u00eda utilizada, no hay ruidos de fondo ni otro tipo de interferencias. Un sonido de alta calidad y una baja latencia hacen que los usuarios se escuchan mejor, se comunican m\u00e1s r\u00e1pido y se evitan malentendidos.<\/p>\n<p><strong>Caracter\u00edsticas de Okayo FreeCom:<\/strong><br \/>\n\u2013 Modulaci\u00f3n de transmisi\u00f3n digital 4GFSK con tecnolog\u00eda de reducci\u00f3n de ruido<br \/>\n\u2013 Comunicaci\u00f3n full d\u00faplex unidireccional o bidireccional<br \/>\n\u2013 Elecci\u00f3n de cifrado de canal para conversaciones privadas y seguras<br \/>\n\u2013 Cada dispositivo puede ser configurado como Master, Sub-Master o Listen<br \/>\n\u2013 Sincronizaci\u00f3n inal\u00e1mbrica de dispositivos<br \/>\n\u2013 7 canales para la banda de frecuencia 863 ~ 865 MHz<br \/>\n\u2013 Sin limitaciones sobre el tama\u00f1o del grupo<br \/>\n\u2013 Pantalla OLED retroiluminada con alto contraste<br \/>\n\u2013 Sistema completamente inal\u00e1mbrico sin estaci\u00f3n base ni instalaci\u00f3n<br \/>\n\u2013 Alcance de m\u00e1s de 100 metros en l\u00ednea de visi\u00f3n<br \/>\n\u2013 Funcionamiento durante todo el d\u00eda con un juego de pilas<br \/>\n\u2013 Tres funciones del bot\u00f3n de conversaci\u00f3n: PTB, PTT, PTM<br \/>\n\u2013 Sensibilidad del micr\u00f3fono y potencia de RF ajustables<br \/>\n\u2013 Toma de auriculares compatible con aud\u00edfonos (HAC)<br \/>\n\u2013 Toma auxiliar aux-in adicional en el dispositivo<br \/>\n\u2013 Amplia gama de accesorios disponibles<\/p>\n<p><strong>El per\u00edodo de garant\u00eda es de 3 a\u00f1os.<\/strong><br \/>\nLes ofrecemos asistencia t\u00e9cnica completa, actualizaciones y servicio del sistema tambi\u00e9n despu\u00e9s de que haya expirado el per\u00edodo de garant\u00eda.<\/p>\n<p><strong>Okayo Electronics Co.<\/strong>, Ltd es una empresa con sede en Taiw\u00e1n que fue fundada en 1996 por un grupo de ingenieros que ten\u00edan una gran pasi\u00f3n por la comunicaci\u00f3n inal\u00e1mbrica.<\/p>\n<p>Okayo fabrica productos fiables, duraderos y asequibles que ayudan a las personas a comunicarse entre s\u00ed de forma c\u00f3moda, bas\u00e1ndose en diversas tecnolog\u00edas y soluciones inal\u00e1mbricas: infrarrojos, VHF, UHF, 2,4 GHz, UHF digital y otras. Gracias a sus continuos esfuerzos en la investigaci\u00f3n de mercado, investigaci\u00f3n tecnol\u00f3gica y mejora de la calidad, Okayo se est\u00e1 convirtiendo en un proveedor l\u00edder de sistemas tourguide inal\u00e1mbricos, sistemas audioguide, sistemas inal\u00e1mbricos de sonido y micr\u00f3fonos.<\/p>\n","protected":false},"excerpt":{"rendered":"<p>Intercomunicador de radio bidireccional en modo full d\u00faplex con laring\u00f3fono para la comunicaci\u00f3n en equipo, dedicado al personal cl\u00ednico. Miniradio bidireccional de tipo intercomunicador para servicios de salud, centros m\u00e9dicos, hospitales, param\u00e9dicos.<\/p>\n","protected":false},"featured_media":50477,"template":"","meta":{"_acf_changed":false},"product_brand":[],"product_cat":[5428],"product_tag":[],"class_list":{"0":"post-62875","1":"product","2":"type-product","3":"status-publish","4":"has-post-thumbnail","6":"product_cat-intercomunicadores-para-servicios-de-salud","8":"first","9":"instock","10":"taxable","11":"shipping-taxable","12":"purchasable","13":"product-type-simple"},"acf":[],"_links":{"self":[{"href":"https:\/\/mexpo.eu\/es\/wp-json\/wp\/v2\/product\/62875","targetHints":{"allow":["GET"]}}],"collection":[{"href":"https:\/\/mexpo.eu\/es\/wp-json\/wp\/v2\/product"}],"about":[{"href":"https:\/\/mexpo.eu\/es\/wp-json\/wp\/v2\/types\/product"}],"wp:featuredmedia":[{"embeddable":true,"href":"https:\/\/mexpo.eu\/es\/wp-json\/wp\/v2\/media\/50477"}],"wp:attachment":[{"href":"https:\/\/mexpo.eu\/es\/wp-json\/wp\/v2\/media?parent=62875"}],"wp:term":[{"taxonomy":"product_brand","embeddable":true,"href":"https:\/\/mexpo.eu\/es\/wp-json\/wp\/v2\/product_brand?post=62875"},{"taxonomy":"product_cat","embeddable":true,"href":"https:\/\/mexpo.eu\/es\/wp-json\/wp\/v2\/product_cat?post=62875"},{"taxonomy":"product_tag","embeddable":true,"href":"https:\/\/mexpo.eu\/es\/wp-json\/wp\/v2\/product_tag?post=62875"}],"curies":[{"name":"wp","href":"https:\/\/api.w.org\/{rel}","templated":true}]}}