{"id":62791,"date":"2025-02-17T13:26:32","date_gmt":"2025-02-17T13:26:32","guid":{"rendered":"https:\/\/mexpo.pl?post_type=product&#038;p=62791"},"modified":"2025-02-17T15:00:30","modified_gmt":"2025-02-17T15:00:30","slug":"set-de-intercomunicadores-para-la-comunicacion-entre-equipos-de-rodaje-y-produccion-freecom-2av","status":"publish","type":"product","link":"https:\/\/mexpo.eu\/es\/produkt\/set-de-intercomunicadores-para-la-comunicacion-entre-equipos-de-rodaje-y-produccion-freecom-2av\/","title":{"rendered":"Set de intercomunicadores para la comunicaci\u00f3n entre equipos de rodaje y producci\u00f3n &#8211; FreeCom-2AV"},"content":{"rendered":"<p><strong>El conjunto contiene:<\/strong><br \/>\n&#8211; intercomunicador inal\u00e1mbrico Okayo FreeCom: 2 unidades<br \/>\n&#8211; auricular detr\u00e1s de la cabeza con micr\u00f3fono HEM-30: 2 unidades<br \/>\n&#8211; cargador de escritorio Okayo C2: 1 unidad<br \/>\n&#8211; bater\u00eda Ni-MH AA everActive Silver Line 2000: 4 unidades<\/p>\n<p><strong>El per\u00edodo de garant\u00eda es de 3 a\u00f1os.<\/strong><br \/>\nLes ofrecemos asistencia t\u00e9cnica completa, actualizaciones y servicio del sistema tambi\u00e9n despu\u00e9s de que haya expirado el per\u00edodo de garant\u00eda.<\/p>\n<p>Okayo FreeCom es un moderno sistema de intercomunicaci\u00f3n con funci\u00f3n de manos libres para la comunicaci\u00f3n bidireccional en modo full d\u00faplex.<br \/>\nEst\u00e1 dise\u00f1ado para producciones audiovisuales y eventos en vivo.<br \/>\nEl sistema permite crear un sistema de comunicaci\u00f3n instant\u00e1neo y profesional para los equipos de producci\u00f3n de audio y video, as\u00ed como para los t\u00e9cnicos.<br \/>\nHasta 6 usuarios de un grupo ilimitado de dispositivos pueden comunicar simult\u00e1neamente entre s\u00ed.<br \/>\nEl sistema funciona sin licencia en la frecuencia de radio de 863 MHz ~ 865 MHz en modulaci\u00f3n digital 4GFSK, gracias a lo cual es resistente a las interferencias de otros sistemas de radio cercanos, por ejemplo, Wi-Fi, micr\u00f3fonos inal\u00e1mbricos y micropuertos.<br \/>\nFreeCom dispone de 7 canales de comunicaci\u00f3n independientes (todos ellos pueden operar en la misma zona simult\u00e1neamente) en los que un n\u00famero ilimitado de usuarios puede escuchar y unirse a la conversaci\u00f3n.<\/p>\n<p>Le invitamos a ver un v\u00eddeo acerca del sistema Okayo FreeCom grabado por el dr. ing Marcin Zastawnik (especialista en ac\u00fastica de la empresa ProperSound): Intercomunicadores inal\u00e1mbricos Okayo FreeCom:<br \/>\n&#8220;Por otro lado, si alguien tuviera que comprar un tal sistema, yo recomendar\u00eda sin duda la compra de este FreeCom porque es una soluci\u00f3n genial que funciona perfectamente. Es peque\u00f1o en comparaci\u00f3n con otras soluciones profesionales. \u00bfPara qui\u00e9n? De hecho, para este tipo de producciones, transmisiones en directo, etc., en mi opini\u00f3n, es un dispositivo muy bueno, sobre todo que hoy en d\u00eda tenemos que desplazarnos mucho con los dispositivos y adem\u00e1s los precios de producci\u00f3n bajan actualmente.&#8221;<\/p>\n<p><iframe loading=\"lazy\" title=\"Interkomy bezprzewodowe Okayo FreeCom\" width=\"1170\" height=\"658\" src=\"https:\/\/www.youtube.com\/embed\/AnLdZNaQENM?feature=oembed\" frameborder=\"0\" allow=\"accelerometer; autoplay; clipboard-write; encrypted-media; gyroscope; picture-in-picture; web-share\" referrerpolicy=\"strict-origin-when-cross-origin\" allowfullscreen><\/iframe><\/p>\n<p><strong>FreeCom es un sistema digital bidireccional con una amplia gama de aplicaciones que se basa en cuatro principios fundamentales:<\/strong><br \/>\n<strong>Flexibilidad:<\/strong> cada intercomunicador puede configurarse como la unidad principal (Master), secundaria (Sub-Master) o simplemente para escuchar al grupo (Listen).<br \/>\n<strong>Control:<\/strong> funci\u00f3n prioritaria de la unidad Master sobre las dem\u00e1s para poner orden en el grupo.<br \/>\n<strong>Seguridad:<\/strong> encriptaci\u00f3n digital para de acceso al canal. Para las transmisiones privadas, el grupo cerrado puede cifrarse para evitar que personas no deseadas escuchen sus conversaciones.<br \/>\n<strong>Inal\u00e1mbrico:<\/strong> sin estaci\u00f3n base, el sistema puede utilizarse tanto en interiores como en exteriores.<\/p>\n<p><strong>Caracter\u00edsticas de Okayo FreeCom:<\/strong><br \/>\n\u2013 Modulaci\u00f3n de transmisi\u00f3n digital 4GFSK con tecnolog\u00eda de reducci\u00f3n de ruido<br \/>\n\u2013 Comunicaci\u00f3n full d\u00faplex unidireccional o bidireccional<br \/>\n\u2013 Elecci\u00f3n de cifrado de canal para conversaciones privadas y seguras<br \/>\n\u2013 Cada dispositivo puede ser configurado como Master, Sub-Master o Listen<br \/>\n\u2013 Sincronizaci\u00f3n inal\u00e1mbrica de dispositivos<br \/>\n\u2013 7 canales para la banda de frecuencia 863 ~ 865 MHz<br \/>\n\u2013 Sin limitaciones sobre el tama\u00f1o del grupo<br \/>\n\u2013 Pantalla OLED retroiluminada con alto contraste<br \/>\n\u2013 Sistema completamente inal\u00e1mbrico sin estaci\u00f3n base ni instalaci\u00f3n<br \/>\n\u2013 Alcance de m\u00e1s de 100 metros en l\u00ednea de visi\u00f3n<br \/>\n\u2013 Funcionamiento durante todo el d\u00eda con un juego de pilas<br \/>\n\u2013 Tres funciones del bot\u00f3n de conversaci\u00f3n: PTB, PTT, PTM<br \/>\n\u2013 Sensibilidad del micr\u00f3fono y potencia de RF ajustables<br \/>\n\u2013 Toma de auriculares compatible con aud\u00edfonos (HAC)<br \/>\n\u2013 Toma auxiliar aux-in adicional en el dispositivo<br \/>\n\u2013 Amplia gama de accesorios disponibles<\/p>\n<p><strong>Okayo Electronics Co.<\/strong>, Ltd es una empresa con sede en Taiw\u00e1n que fue fundada en 1996 por un grupo de ingenieros que ten\u00edan una gran pasi\u00f3n por la comunicaci\u00f3n inal\u00e1mbrica.<br \/>\nOkayo fabrica productos fiables, duraderos y asequibles que ayudan a las personas a comunicarse entre s\u00ed de forma c\u00f3moda, bas\u00e1ndose en diversas tecnolog\u00edas y soluciones inal\u00e1mbricas: infrarrojos, VHF, UHF, 2,4 GHz, UHF digital y otras.<br \/>\nGracias a sus continuos esfuerzos en la investigaci\u00f3n de mercado, investigaci\u00f3n tecnol\u00f3gica y mejora de la calidad, Okayo se est\u00e1 convirtiendo en un proveedor l\u00edder de sistemas tourguide inal\u00e1mbricos, sistemas audioguide, sistemas inal\u00e1mbricos de sonido y micr\u00f3fonos.<\/p>\n","protected":false},"excerpt":{"rendered":"<p>Set de 2 intercomunicadores inal\u00e1mbricos en modo d\u00faplex completo para la comunicaci\u00f3n fluida entre los miembros de un equipo de rodaje, camar\u00f3grafos, productores de conciertos, por ejemplo, entre el director y los operadores de c\u00e1mara.<\/p>\n","protected":false},"featured_media":50477,"template":"","meta":{"_acf_changed":false},"product_brand":[],"product_cat":[5418],"product_tag":[],"class_list":{"0":"post-62791","1":"product","2":"type-product","3":"status-publish","4":"has-post-thumbnail","6":"product_cat-produccion-de-audio-video","8":"first","9":"instock","10":"taxable","11":"shipping-taxable","12":"purchasable","13":"product-type-simple"},"acf":[],"_links":{"self":[{"href":"https:\/\/mexpo.eu\/es\/wp-json\/wp\/v2\/product\/62791","targetHints":{"allow":["GET"]}}],"collection":[{"href":"https:\/\/mexpo.eu\/es\/wp-json\/wp\/v2\/product"}],"about":[{"href":"https:\/\/mexpo.eu\/es\/wp-json\/wp\/v2\/types\/product"}],"wp:featuredmedia":[{"embeddable":true,"href":"https:\/\/mexpo.eu\/es\/wp-json\/wp\/v2\/media\/50477"}],"wp:attachment":[{"href":"https:\/\/mexpo.eu\/es\/wp-json\/wp\/v2\/media?parent=62791"}],"wp:term":[{"taxonomy":"product_brand","embeddable":true,"href":"https:\/\/mexpo.eu\/es\/wp-json\/wp\/v2\/product_brand?post=62791"},{"taxonomy":"product_cat","embeddable":true,"href":"https:\/\/mexpo.eu\/es\/wp-json\/wp\/v2\/product_cat?post=62791"},{"taxonomy":"product_tag","embeddable":true,"href":"https:\/\/mexpo.eu\/es\/wp-json\/wp\/v2\/product_tag?post=62791"}],"curies":[{"name":"wp","href":"https:\/\/api.w.org\/{rel}","templated":true}]}}