{"id":62752,"date":"2025-02-17T13:26:11","date_gmt":"2025-02-17T13:26:11","guid":{"rendered":"https:\/\/mexpo.pl?post_type=product&#038;p=62752"},"modified":"2025-02-17T14:59:56","modified_gmt":"2025-02-17T14:59:56","slug":"valise-de-transport-tr-006","status":"publish","type":"product","link":"https:\/\/mexpo.eu\/es\/produkt\/valise-de-transport-tr-006\/","title":{"rendered":"Valise de transport TR-006"},"content":{"rendered":"<p>TR-006 Comfort est un bo\u00eetier lumineux et compact. Cela en fait la bo\u00eete de transport id\u00e9ale pour un syst\u00e8me de communication jusqu&#8217;\u00e0 5 unit\u00e9s.<\/p>\n","protected":false},"excerpt":{"rendered":"<p>TR-006 Comfort est un bo\u00eetier lumineux et compact. Cela en fait la bo\u00eete de transport id\u00e9ale pour un syst\u00e8me de communication jusqu&#8217;\u00e0 5 unit\u00e9s.<\/p>\n","protected":false},"featured_media":50308,"template":"","meta":{"_acf_changed":false},"product_brand":[],"product_cat":[5368],"product_tag":[],"class_list":{"0":"post-62752","1":"product","2":"type-product","3":"status-publish","4":"has-post-thumbnail","6":"product_cat-maletines-y-cajas-de-transporte-para-sistemas-de-intercomunicacion","8":"first","9":"instock","10":"taxable","11":"shipping-taxable","12":"purchasable","13":"product-type-simple"},"acf":[],"_links":{"self":[{"href":"https:\/\/mexpo.eu\/es\/wp-json\/wp\/v2\/product\/62752","targetHints":{"allow":["GET"]}}],"collection":[{"href":"https:\/\/mexpo.eu\/es\/wp-json\/wp\/v2\/product"}],"about":[{"href":"https:\/\/mexpo.eu\/es\/wp-json\/wp\/v2\/types\/product"}],"wp:featuredmedia":[{"embeddable":true,"href":"https:\/\/mexpo.eu\/es\/wp-json\/wp\/v2\/media\/50308"}],"wp:attachment":[{"href":"https:\/\/mexpo.eu\/es\/wp-json\/wp\/v2\/media?parent=62752"}],"wp:term":[{"taxonomy":"product_brand","embeddable":true,"href":"https:\/\/mexpo.eu\/es\/wp-json\/wp\/v2\/product_brand?post=62752"},{"taxonomy":"product_cat","embeddable":true,"href":"https:\/\/mexpo.eu\/es\/wp-json\/wp\/v2\/product_cat?post=62752"},{"taxonomy":"product_tag","embeddable":true,"href":"https:\/\/mexpo.eu\/es\/wp-json\/wp\/v2\/product_tag?post=62752"}],"curies":[{"name":"wp","href":"https:\/\/api.w.org\/{rel}","templated":true}]}}