{"id":62745,"date":"2025-02-17T13:26:10","date_gmt":"2025-02-17T13:26:10","guid":{"rendered":"https:\/\/mexpo.pl?post_type=product&#038;p=62745"},"modified":"2025-02-17T14:59:54","modified_gmt":"2025-02-17T14:59:54","slug":"valise-de-transport-tr-004","status":"publish","type":"product","link":"https:\/\/mexpo.eu\/es\/produkt\/valise-de-transport-tr-004\/","title":{"rendered":"Valise de transport TR-004"},"content":{"rendered":"<p>Grande bo\u00eete de transport conviviale pour 10 interphones, chargeur en vrac et accessoires. TR-004 est fabriqu\u00e9 en aluminium et constitue une protection tr\u00e8s solide et durable pour tous les \u00e9l\u00e9ments du syst\u00e8me.<\/p>\n","protected":false},"excerpt":{"rendered":"<p>Grande bo\u00eete de transport conviviale pour 10 interphones, chargeur en vrac et accessoires.<\/p>\n","protected":false},"featured_media":50302,"template":"","meta":{"_acf_changed":false},"product_brand":[],"product_cat":[5368],"product_tag":[],"class_list":{"0":"post-62745","1":"product","2":"type-product","3":"status-publish","4":"has-post-thumbnail","6":"product_cat-maletines-y-cajas-de-transporte-para-sistemas-de-intercomunicacion","8":"first","9":"instock","10":"taxable","11":"shipping-taxable","12":"purchasable","13":"product-type-simple"},"acf":[],"_links":{"self":[{"href":"https:\/\/mexpo.eu\/es\/wp-json\/wp\/v2\/product\/62745","targetHints":{"allow":["GET"]}}],"collection":[{"href":"https:\/\/mexpo.eu\/es\/wp-json\/wp\/v2\/product"}],"about":[{"href":"https:\/\/mexpo.eu\/es\/wp-json\/wp\/v2\/types\/product"}],"wp:featuredmedia":[{"embeddable":true,"href":"https:\/\/mexpo.eu\/es\/wp-json\/wp\/v2\/media\/50302"}],"wp:attachment":[{"href":"https:\/\/mexpo.eu\/es\/wp-json\/wp\/v2\/media?parent=62745"}],"wp:term":[{"taxonomy":"product_brand","embeddable":true,"href":"https:\/\/mexpo.eu\/es\/wp-json\/wp\/v2\/product_brand?post=62745"},{"taxonomy":"product_cat","embeddable":true,"href":"https:\/\/mexpo.eu\/es\/wp-json\/wp\/v2\/product_cat?post=62745"},{"taxonomy":"product_tag","embeddable":true,"href":"https:\/\/mexpo.eu\/es\/wp-json\/wp\/v2\/product_tag?post=62745"}],"curies":[{"name":"wp","href":"https:\/\/api.w.org\/{rel}","templated":true}]}}