{"id":62738,"date":"2025-02-17T13:26:09","date_gmt":"2025-02-17T13:26:09","guid":{"rendered":"https:\/\/mexpo.pl?post_type=product&#038;p=62738"},"modified":"2025-02-17T14:59:48","modified_gmt":"2025-02-17T14:59:48","slug":"valise-de-transport-tr-003","status":"publish","type":"product","link":"https:\/\/mexpo.eu\/es\/produkt\/valise-de-transport-tr-003\/","title":{"rendered":"Valise de transport TR-003"},"content":{"rendered":"<p>TR-003 Comfort est un bo\u00eetier l\u00e9ger (plastique) et tr\u00e8s compact qui offre de la place pour 3 appareils. Cette mallette est id\u00e9ale pour transporter un syst\u00e8me de communication interphone.<\/p>\n","protected":false},"excerpt":{"rendered":"<p>TR-003 Comfort est un bo\u00eetier l\u00e9ger (plastique) et tr\u00e8s compact qui offre de la place pour 3 appareils. <\/p>\n","protected":false},"featured_media":50296,"template":"","meta":{"_acf_changed":false},"product_brand":[],"product_cat":[5368],"product_tag":[],"class_list":{"0":"post-62738","1":"product","2":"type-product","3":"status-publish","4":"has-post-thumbnail","6":"product_cat-maletines-y-cajas-de-transporte-para-sistemas-de-intercomunicacion","8":"first","9":"instock","10":"taxable","11":"shipping-taxable","12":"purchasable","13":"product-type-simple"},"acf":[],"_links":{"self":[{"href":"https:\/\/mexpo.eu\/es\/wp-json\/wp\/v2\/product\/62738","targetHints":{"allow":["GET"]}}],"collection":[{"href":"https:\/\/mexpo.eu\/es\/wp-json\/wp\/v2\/product"}],"about":[{"href":"https:\/\/mexpo.eu\/es\/wp-json\/wp\/v2\/types\/product"}],"wp:featuredmedia":[{"embeddable":true,"href":"https:\/\/mexpo.eu\/es\/wp-json\/wp\/v2\/media\/50296"}],"wp:attachment":[{"href":"https:\/\/mexpo.eu\/es\/wp-json\/wp\/v2\/media?parent=62738"}],"wp:term":[{"taxonomy":"product_brand","embeddable":true,"href":"https:\/\/mexpo.eu\/es\/wp-json\/wp\/v2\/product_brand?post=62738"},{"taxonomy":"product_cat","embeddable":true,"href":"https:\/\/mexpo.eu\/es\/wp-json\/wp\/v2\/product_cat?post=62738"},{"taxonomy":"product_tag","embeddable":true,"href":"https:\/\/mexpo.eu\/es\/wp-json\/wp\/v2\/product_tag?post=62738"}],"curies":[{"name":"wp","href":"https:\/\/api.w.org\/{rel}","templated":true}]}}