{"id":62696,"date":"2025-02-17T13:25:30","date_gmt":"2025-02-17T13:25:30","guid":{"rendered":"https:\/\/mexpo.pl?post_type=product&#038;p=62696"},"modified":"2025-02-17T14:59:25","modified_gmt":"2025-02-17T14:59:25","slug":"cable-de-audio-ca-007","status":"publish","type":"product","link":"https:\/\/mexpo.eu\/es\/produkt\/cable-de-audio-ca-007\/","title":{"rendered":"Cable de audio CA-007"},"content":{"rendered":"<p>El cable de audio para videoconferencia CA-007 est\u00e1 especialmente desarrollado para ofrecer un recorrido &#8220;remoto&#8221; de su empresa a trav\u00e9s de Zoom o Teams. De esta manera, puede involucrar de manera interactiva a los participantes que no est\u00e1n f\u00edsicamente presentes en el recorrido. Conector jack TRRS de 3,5 mm.<\/p>\n","protected":false},"excerpt":{"rendered":"<p>El cable de audio para videoconferencia CA-007 est\u00e1 especialmente desarrollado para ofrecer un recorrido &#8220;remoto&#8221; de su empresa a trav\u00e9s de Zoom o Teams. <\/p>\n","protected":false},"featured_media":50224,"template":"","meta":{"_acf_changed":false},"product_brand":[],"product_cat":[5407],"product_tag":[],"class_list":{"0":"post-62696","1":"product","2":"type-product","3":"status-publish","4":"has-post-thumbnail","6":"product_cat-accesorios-para-sistemas-de-intercomunicacion","8":"first","9":"instock","10":"taxable","11":"shipping-taxable","12":"purchasable","13":"product-type-simple"},"acf":[],"_links":{"self":[{"href":"https:\/\/mexpo.eu\/es\/wp-json\/wp\/v2\/product\/62696","targetHints":{"allow":["GET"]}}],"collection":[{"href":"https:\/\/mexpo.eu\/es\/wp-json\/wp\/v2\/product"}],"about":[{"href":"https:\/\/mexpo.eu\/es\/wp-json\/wp\/v2\/types\/product"}],"wp:featuredmedia":[{"embeddable":true,"href":"https:\/\/mexpo.eu\/es\/wp-json\/wp\/v2\/media\/50224"}],"wp:attachment":[{"href":"https:\/\/mexpo.eu\/es\/wp-json\/wp\/v2\/media?parent=62696"}],"wp:term":[{"taxonomy":"product_brand","embeddable":true,"href":"https:\/\/mexpo.eu\/es\/wp-json\/wp\/v2\/product_brand?post=62696"},{"taxonomy":"product_cat","embeddable":true,"href":"https:\/\/mexpo.eu\/es\/wp-json\/wp\/v2\/product_cat?post=62696"},{"taxonomy":"product_tag","embeddable":true,"href":"https:\/\/mexpo.eu\/es\/wp-json\/wp\/v2\/product_tag?post=62696"}],"curies":[{"name":"wp","href":"https:\/\/api.w.org\/{rel}","templated":true}]}}