{"id":62626,"date":"2025-02-17T13:24:48","date_gmt":"2025-02-17T13:24:48","guid":{"rendered":"https:\/\/mexpo.pl?post_type=product&#038;p=62626"},"modified":"2025-02-17T14:58:42","modified_gmt":"2025-02-17T14:58:42","slug":"auriculares-con-un-solo-oido-emc-307","status":"publish","type":"product","link":"https:\/\/mexpo.eu\/es\/produkt\/auriculares-con-un-solo-oido-emc-307\/","title":{"rendered":"Auriculares con un solo o\u00eddo EMC-307"},"content":{"rendered":"<p>Un auricular dise\u00f1ado para personas que trabajan en seguridad, gastronom\u00eda o que quieren comunicarse sin auriculares llamativos. La tecnolog\u00eda \u00fanica del tubo del auricular significa que el cable se estira solo hasta la longitud adecuada. El equipo est\u00e1 equipado con un micr\u00f3fono Push-To-Talk (PTT).<\/p>\n","protected":false},"excerpt":{"rendered":"<p>Un auricular dise\u00f1ado para personas que trabajan en seguridad, gastronom\u00eda o que quieren comunicarse sin auriculares llamativos. La tecnolog\u00eda \u00fanica del tubo del auricular significa que el cable se estira solo hasta la longitud adecuada. El equipo est\u00e1 equipado con un micr\u00f3fono Push-To-Talk (PTT).<\/p>\n","protected":false},"featured_media":50145,"template":"","meta":{"_acf_changed":false},"product_brand":[],"product_cat":[5232],"product_tag":[],"class_list":{"0":"post-62626","1":"product","2":"type-product","3":"status-publish","4":"has-post-thumbnail","6":"product_cat-headsets-sistemas-de-intercomunicacion","8":"first","9":"instock","10":"taxable","11":"shipping-taxable","12":"purchasable","13":"product-type-simple"},"acf":[],"_links":{"self":[{"href":"https:\/\/mexpo.eu\/es\/wp-json\/wp\/v2\/product\/62626","targetHints":{"allow":["GET"]}}],"collection":[{"href":"https:\/\/mexpo.eu\/es\/wp-json\/wp\/v2\/product"}],"about":[{"href":"https:\/\/mexpo.eu\/es\/wp-json\/wp\/v2\/types\/product"}],"wp:featuredmedia":[{"embeddable":true,"href":"https:\/\/mexpo.eu\/es\/wp-json\/wp\/v2\/media\/50145"}],"wp:attachment":[{"href":"https:\/\/mexpo.eu\/es\/wp-json\/wp\/v2\/media?parent=62626"}],"wp:term":[{"taxonomy":"product_brand","embeddable":true,"href":"https:\/\/mexpo.eu\/es\/wp-json\/wp\/v2\/product_brand?post=62626"},{"taxonomy":"product_cat","embeddable":true,"href":"https:\/\/mexpo.eu\/es\/wp-json\/wp\/v2\/product_cat?post=62626"},{"taxonomy":"product_tag","embeddable":true,"href":"https:\/\/mexpo.eu\/es\/wp-json\/wp\/v2\/product_tag?post=62626"}],"curies":[{"name":"wp","href":"https:\/\/api.w.org\/{rel}","templated":true}]}}