{"id":62619,"date":"2025-02-17T13:24:47","date_gmt":"2025-02-17T13:24:47","guid":{"rendered":"https:\/\/mexpo.pl?post_type=product&#038;p=62619"},"modified":"2025-02-17T14:58:40","modified_gmt":"2025-02-17T14:58:40","slug":"auriculares-con-un-solo-oido-emc-301","status":"publish","type":"product","link":"https:\/\/mexpo.eu\/es\/produkt\/auriculares-con-un-solo-oido-emc-301\/","title":{"rendered":"Auriculares con un solo o\u00eddo EMC-301"},"content":{"rendered":"<p>Auriculares para una oreja con banda el\u00e1stica. Gracias a un gancho suave para la oreja, permite un uso c\u00f3modo durante muchas horas. Tiene una diadema de micr\u00f3fono ajustable y un clip para la ropa en el cable.<\/p>\n","protected":false},"excerpt":{"rendered":"<p>Auriculares para una oreja con banda el\u00e1stica. Gracias a un gancho suave para la oreja, permite un uso c\u00f3modo durante muchas horas. Tiene una diadema de micr\u00f3fono ajustable y un clip para la ropa en el cable.<\/p>\n","protected":false},"featured_media":50144,"template":"","meta":{"_acf_changed":false},"product_brand":[],"product_cat":[5232],"product_tag":[],"class_list":{"0":"post-62619","1":"product","2":"type-product","3":"status-publish","4":"has-post-thumbnail","6":"product_cat-headsets-sistemas-de-intercomunicacion","8":"first","9":"instock","10":"taxable","11":"shipping-taxable","12":"purchasable","13":"product-type-simple"},"acf":[],"_links":{"self":[{"href":"https:\/\/mexpo.eu\/es\/wp-json\/wp\/v2\/product\/62619","targetHints":{"allow":["GET"]}}],"collection":[{"href":"https:\/\/mexpo.eu\/es\/wp-json\/wp\/v2\/product"}],"about":[{"href":"https:\/\/mexpo.eu\/es\/wp-json\/wp\/v2\/types\/product"}],"wp:featuredmedia":[{"embeddable":true,"href":"https:\/\/mexpo.eu\/es\/wp-json\/wp\/v2\/media\/50144"}],"wp:attachment":[{"href":"https:\/\/mexpo.eu\/es\/wp-json\/wp\/v2\/media?parent=62619"}],"wp:term":[{"taxonomy":"product_brand","embeddable":true,"href":"https:\/\/mexpo.eu\/es\/wp-json\/wp\/v2\/product_brand?post=62619"},{"taxonomy":"product_cat","embeddable":true,"href":"https:\/\/mexpo.eu\/es\/wp-json\/wp\/v2\/product_cat?post=62619"},{"taxonomy":"product_tag","embeddable":true,"href":"https:\/\/mexpo.eu\/es\/wp-json\/wp\/v2\/product_tag?post=62619"}],"curies":[{"name":"wp","href":"https:\/\/api.w.org\/{rel}","templated":true}]}}