{"id":62612,"date":"2025-02-17T13:24:29","date_gmt":"2025-02-17T13:24:29","guid":{"rendered":"https:\/\/mexpo.pl?post_type=product&#038;p=62612"},"modified":"2025-02-17T14:58:34","modified_gmt":"2025-02-17T14:58:34","slug":"headset-conjunto-de-auriculares-con-microfono-lmr-181140","status":"publish","type":"product","link":"https:\/\/mexpo.eu\/es\/produkt\/headset-conjunto-de-auriculares-con-microfono-lmr-181140\/","title":{"rendered":"Headset (conjunto de auriculares con micr\u00f3fono) LMR-181140"},"content":{"rendered":"<p>Auricular con posibilidad de conectar cualquier auricular al micr\u00f3fono. Micr\u00f3fono de solapa omnidireccional de alta calidad y conector para auriculares est\u00e9reo de 3,5 mm (le permite conectar cualquier auricular o collar inductivo). Tiene un control de volumen y un silencio. El conjunto incluye el auricular EM-101.<\/p>\n","protected":false},"excerpt":{"rendered":"<p>Auricular con posibilidad de conectar cualquier auricular al micr\u00f3fono. Micr\u00f3fono de solapa omnidireccional de alta calidad y conector para auriculares est\u00e9reo de 3,5 mm (le permite conectar cualquier auricular o collar inductivo). Tiene un control de volumen y un silencio. El conjunto incluye el auricular EM-101.<\/p>\n","protected":false},"featured_media":50133,"template":"","meta":{"_acf_changed":false},"product_brand":[],"product_cat":[5232],"product_tag":[],"class_list":{"0":"post-62612","1":"product","2":"type-product","3":"status-publish","4":"has-post-thumbnail","6":"product_cat-headsets-sistemas-de-intercomunicacion","8":"first","9":"instock","10":"taxable","11":"shipping-taxable","12":"purchasable","13":"product-type-simple"},"acf":[],"_links":{"self":[{"href":"https:\/\/mexpo.eu\/es\/wp-json\/wp\/v2\/product\/62612","targetHints":{"allow":["GET"]}}],"collection":[{"href":"https:\/\/mexpo.eu\/es\/wp-json\/wp\/v2\/product"}],"about":[{"href":"https:\/\/mexpo.eu\/es\/wp-json\/wp\/v2\/types\/product"}],"wp:featuredmedia":[{"embeddable":true,"href":"https:\/\/mexpo.eu\/es\/wp-json\/wp\/v2\/media\/50133"}],"wp:attachment":[{"href":"https:\/\/mexpo.eu\/es\/wp-json\/wp\/v2\/media?parent=62612"}],"wp:term":[{"taxonomy":"product_brand","embeddable":true,"href":"https:\/\/mexpo.eu\/es\/wp-json\/wp\/v2\/product_brand?post=62612"},{"taxonomy":"product_cat","embeddable":true,"href":"https:\/\/mexpo.eu\/es\/wp-json\/wp\/v2\/product_cat?post=62612"},{"taxonomy":"product_tag","embeddable":true,"href":"https:\/\/mexpo.eu\/es\/wp-json\/wp\/v2\/product_tag?post=62612"}],"curies":[{"name":"wp","href":"https:\/\/api.w.org\/{rel}","templated":true}]}}