{"id":62441,"date":"2025-02-17T13:22:27","date_gmt":"2025-02-17T13:22:27","guid":{"rendered":"https:\/\/mexpo.pl?post_type=product&#038;p=62441"},"modified":"2025-02-17T14:57:20","modified_gmt":"2025-02-17T14:57:20","slug":"microfono-inalambrico-headset-y-bodypack-para-instructores-de-fitness-aerobic-okayo-dl-8t","status":"publish","type":"product","link":"https:\/\/mexpo.eu\/es\/produkt\/microfono-inalambrico-headset-y-bodypack-para-instructores-de-fitness-aerobic-okayo-dl-8t\/","title":{"rendered":"Micr\u00f3fono inal\u00e1mbrico headset y bodypack para instructores de fitness \/aer\u00f3bic Okayo DL-8T"},"content":{"rendered":"<p>El per\u00edodo de garant\u00eda es de 3 a\u00f1os.<br \/>\nLes ofrecemos asistencia t\u00e9cnica completa, actualizaciones y servicio del sistema tambi\u00e9n despu\u00e9s de que haya expirado el per\u00edodo de garant\u00eda.<\/p>\n<p>Nota: \u00a1este producto no constituye un kit de comunicaci\u00f3n completo, sino solo un transmisor adicional!<\/p>\n<p>El micr\u00f3fono inal\u00e1mbrico para entrenadores de aer\u00f3bic\/fitness es el transmisor de bolsillo con micr\u00f3fono de tipo headset m\u00e1s peque\u00f1o y ligero del mercado.<\/p>\n<p>El HM-55A es un micr\u00f3fono unidireccional profesional y muy ligero que minimiza la captaci\u00f3n de ruido del entorno gracias a la cabeza de micr\u00f3fono especialmente utilizada. El propio micr\u00f3fono est\u00e1 equipado con una diadema que se coloca detr\u00e1s la nuca. Por ello, es muy discreto y no interfiere durante el trabajo. Al mismo tiempo, es muy c\u00f3modo y seguro para el entrenamiento, las presentaciones en p\u00fablico y las actividades f\u00edsicas de grupo.<\/p>\n<p>El sistema Okayo FITNESS es ideal para entrenadores de aer\u00f3bic en grupo que necesitan un headset resistente que permanezca en su lugar a pesar de los ejercicios repetitivos. Todos los transmisores DL-8T funcionan con bater\u00edas Li-Poly de alta calidad que proporcionan m\u00e1s de 20 horas de funcionamiento con una sola carga. El sistema DL-8T ofrece una completa libertad inal\u00e1mbrica y fiable en cualquier lugar.<\/p>\n<p>El sistema Okayo DL-8T es una excelente entrada al mundo de la transmisi\u00f3n inal\u00e1mbrica de audio.<\/p>\n<p>\u00bfPor qu\u00e9 elegir este sistema?<br \/>\nEl sistema DL-8T transmite en la banda digital 823 MHz ~ 832 MHz y 863 MHz ~ 865 MHz. Las dos bandas est\u00e1n lejos de las bandas utilizadas por los sistemas de micr\u00f3fono y Wi-Fi populares. El resultado es un sistema de micr\u00f3fono seguro, libre de interferencias y crujidos que suelen afectar a los sistemas inal\u00e1mbricos UHF est\u00e1ndar.<\/p>\n<p>El conjunto contiene:<br \/>\n&#8211; transmisor inal\u00e1mbrico DL-8T<br \/>\n&#8211; micr\u00f3fono de tipo headset de nuca HM-55A, unidireccional y ligero, para instructores \/entrenadores<br \/>\n&#8211; cable de carga USB-C<br \/>\n&#8211; cord\u00f3n de cuello<br \/>\n&#8211; Brazalete AP-1<\/p>\n<p>Caracter\u00edsticas del transmisor Okayo DL-8T:<br \/>\n&#8211; peque\u00f1o y muy ligero: \u00a1pesa solo 55 g!<br \/>\n&#8211; dos bandas de frecuencia UHF combinadas 823 MHz ~ 832 MHz y 863 MHz ~ 865 MHz, 42 canales de radio para elegir<br \/>\n&#8211; bater\u00eda recargable incorporada que garantiza una transmisi\u00f3n de se\u00f1al estable<br \/>\n&#8211; m\u00e1s de 20 horas de funcionamiento continuo<br \/>\n&#8211; 2 &#8211; 4 horas de carga a trav\u00e9s del puerto USB-C<br \/>\n&#8211; miniconector universal de 3,5 mm<\/p>\n","protected":false},"excerpt":{"rendered":"<p>Micr\u00f3fono ultraligero con bodypack para entrenadores de fitness, crossfit, aer\u00f3bic. Es el transmisor deportivo m\u00e1s peque\u00f1o del mercado: no restringe el movimiento durante los ejercicios f\u00edsicos. <\/p>\n","protected":false},"featured_media":49860,"template":"","meta":{"_acf_changed":false},"product_brand":[],"product_cat":[5394],"product_tag":[],"class_list":{"0":"post-62441","1":"product","2":"type-product","3":"status-publish","4":"has-post-thumbnail","6":"product_cat-intercomunicadores-para-fitness-intercomunicadores-dedicados-es","8":"first","9":"instock","10":"taxable","11":"shipping-taxable","12":"purchasable","13":"product-type-simple"},"acf":[],"_links":{"self":[{"href":"https:\/\/mexpo.eu\/es\/wp-json\/wp\/v2\/product\/62441","targetHints":{"allow":["GET"]}}],"collection":[{"href":"https:\/\/mexpo.eu\/es\/wp-json\/wp\/v2\/product"}],"about":[{"href":"https:\/\/mexpo.eu\/es\/wp-json\/wp\/v2\/types\/product"}],"wp:featuredmedia":[{"embeddable":true,"href":"https:\/\/mexpo.eu\/es\/wp-json\/wp\/v2\/media\/49860"}],"wp:attachment":[{"href":"https:\/\/mexpo.eu\/es\/wp-json\/wp\/v2\/media?parent=62441"}],"wp:term":[{"taxonomy":"product_brand","embeddable":true,"href":"https:\/\/mexpo.eu\/es\/wp-json\/wp\/v2\/product_brand?post=62441"},{"taxonomy":"product_cat","embeddable":true,"href":"https:\/\/mexpo.eu\/es\/wp-json\/wp\/v2\/product_cat?post=62441"},{"taxonomy":"product_tag","embeddable":true,"href":"https:\/\/mexpo.eu\/es\/wp-json\/wp\/v2\/product_tag?post=62441"}],"curies":[{"name":"wp","href":"https:\/\/api.w.org\/{rel}","templated":true}]}}