{"id":62383,"date":"2025-02-17T13:21:48","date_gmt":"2025-02-17T13:21:48","guid":{"rendered":"https:\/\/mexpo.pl?post_type=product&#038;p=62383"},"modified":"2025-02-17T14:57:02","modified_gmt":"2025-02-17T14:57:02","slug":"parabrisas-de-microfono-de-espuma-universal-gm-01-5-pc","status":"publish","type":"product","link":"https:\/\/mexpo.eu\/es\/produkt\/parabrisas-de-microfono-de-espuma-universal-gm-01-5-pc\/","title":{"rendered":"Parabrisas de micr\u00f3fono de espuma universal GM-01 (5 pc.)"},"content":{"rendered":"<p>Protege el micr\u00f3fono del ruido de r\u00e1fagas de viento, saliva y otros contaminantes. Suprime los sonidos respiratorios no deseados y los sonidos explosivos (como &#8220;P&#8221; y &#8220;B&#8221;). Disponible en tama\u00f1os de 5 mm y 10 mm.<\/p>\n<p>5 mm:<br \/>\nLM-X<br \/>\nLM-11<br \/>\nHM-55A<br \/>\nHM-55C<br \/>\nHM-65A<br \/>\nHM-65C<\/p>\n<p>10 mm:<br \/>\nLM-90<br \/>\nLM-95C<br \/>\nHM-35<br \/>\nEHR-01<br \/>\nPM-20<\/p>\n","protected":false},"excerpt":{"rendered":"<p>Protege el micr\u00f3fono del ruido de r\u00e1fagas de viento, saliva y otros contaminantes. Suprime los sonidos respiratorios no deseados y los sonidos explosivos (como &#8220;P&#8221; y &#8220;B&#8221;). Disponible en tama\u00f1os de 5 mm y 10 mm.<\/p>\n","protected":false},"featured_media":49803,"template":"","meta":{"_acf_changed":false},"product_brand":[],"product_cat":[5263],"product_tag":[],"class_list":{"0":"post-62383","1":"product","2":"type-product","3":"status-publish","4":"has-post-thumbnail","6":"product_cat-otros-accesorios","8":"first","9":"instock","10":"taxable","11":"shipping-taxable","12":"purchasable","13":"product-type-variable"},"acf":[],"_links":{"self":[{"href":"https:\/\/mexpo.eu\/es\/wp-json\/wp\/v2\/product\/62383","targetHints":{"allow":["GET"]}}],"collection":[{"href":"https:\/\/mexpo.eu\/es\/wp-json\/wp\/v2\/product"}],"about":[{"href":"https:\/\/mexpo.eu\/es\/wp-json\/wp\/v2\/types\/product"}],"wp:featuredmedia":[{"embeddable":true,"href":"https:\/\/mexpo.eu\/es\/wp-json\/wp\/v2\/media\/49803"}],"wp:attachment":[{"href":"https:\/\/mexpo.eu\/es\/wp-json\/wp\/v2\/media?parent=62383"}],"wp:term":[{"taxonomy":"product_brand","embeddable":true,"href":"https:\/\/mexpo.eu\/es\/wp-json\/wp\/v2\/product_brand?post=62383"},{"taxonomy":"product_cat","embeddable":true,"href":"https:\/\/mexpo.eu\/es\/wp-json\/wp\/v2\/product_cat?post=62383"},{"taxonomy":"product_tag","embeddable":true,"href":"https:\/\/mexpo.eu\/es\/wp-json\/wp\/v2\/product_tag?post=62383"}],"curies":[{"name":"wp","href":"https:\/\/api.w.org\/{rel}","templated":true}]}}