{"id":62362,"date":"2025-02-17T13:21:46","date_gmt":"2025-02-17T13:21:46","guid":{"rendered":"https:\/\/mexpo.pl?post_type=product&#038;p=62362"},"modified":"2025-02-17T14:56:56","modified_gmt":"2025-02-17T14:56:56","slug":"parabrisas-de-microfono-furry-opm-5-pc","status":"publish","type":"product","link":"https:\/\/mexpo.eu\/es\/produkt\/parabrisas-de-microfono-furry-opm-5-pc\/","title":{"rendered":"Parabrisas de micr\u00f3fono furry OPM (5 pc.)"},"content":{"rendered":"<p>Un parabrisas de piel sint\u00e9tica. Proporciona protecci\u00f3n adicional contra las perturbaciones del viento. Disponible en tama\u00f1os de 5 mm y 10 mm.<\/p>\n","protected":false},"excerpt":{"rendered":"<p>Un parabrisas de piel sint\u00e9tica. Proporciona protecci\u00f3n adicional contra las perturbaciones del viento. Disponible en tama\u00f1os de 5 mm y 10 mm.<\/p>\n","protected":false},"featured_media":49797,"template":"","meta":{"_acf_changed":false},"product_brand":[],"product_cat":[5263],"product_tag":[],"class_list":{"0":"post-62362","1":"product","2":"type-product","3":"status-publish","4":"has-post-thumbnail","6":"product_cat-otros-accesorios","8":"first","9":"instock","10":"taxable","11":"shipping-taxable","12":"purchasable","13":"product-type-variable"},"acf":[],"_links":{"self":[{"href":"https:\/\/mexpo.eu\/es\/wp-json\/wp\/v2\/product\/62362","targetHints":{"allow":["GET"]}}],"collection":[{"href":"https:\/\/mexpo.eu\/es\/wp-json\/wp\/v2\/product"}],"about":[{"href":"https:\/\/mexpo.eu\/es\/wp-json\/wp\/v2\/types\/product"}],"wp:featuredmedia":[{"embeddable":true,"href":"https:\/\/mexpo.eu\/es\/wp-json\/wp\/v2\/media\/49797"}],"wp:attachment":[{"href":"https:\/\/mexpo.eu\/es\/wp-json\/wp\/v2\/media?parent=62362"}],"wp:term":[{"taxonomy":"product_brand","embeddable":true,"href":"https:\/\/mexpo.eu\/es\/wp-json\/wp\/v2\/product_brand?post=62362"},{"taxonomy":"product_cat","embeddable":true,"href":"https:\/\/mexpo.eu\/es\/wp-json\/wp\/v2\/product_cat?post=62362"},{"taxonomy":"product_tag","embeddable":true,"href":"https:\/\/mexpo.eu\/es\/wp-json\/wp\/v2\/product_tag?post=62362"}],"curies":[{"name":"wp","href":"https:\/\/api.w.org\/{rel}","templated":true}]}}