{"id":62337,"date":"2025-02-17T13:21:27","date_gmt":"2025-02-17T13:21:27","guid":{"rendered":"https:\/\/mexpo.pl?post_type=product&#038;p=62337"},"modified":"2025-02-17T14:56:47","modified_gmt":"2025-02-17T14:56:47","slug":"microfono-de-mano-inalambrico-wavetalk-tk-501h","status":"publish","type":"product","link":"https:\/\/mexpo.eu\/es\/produkt\/microfono-de-mano-inalambrico-wavetalk-tk-501h\/","title":{"rendered":"Micr\u00f3fono de mano inal\u00e1mbrico WaveTalk TK-501H"},"content":{"rendered":"<p>El TK-501H es un transmisor de mano inal\u00e1mbrico. El micr\u00f3fono inal\u00e1mbrico se puede pasar libremente de mano en mano para dar voz: las conferencias\/reuniones o las visitas guiadas se vuelven m\u00e1s interactivas. Se caracteriza por una apariencia profesional, a pesar de su peque\u00f1o tama\u00f1o y peso, \u00a1que con una bater\u00eda completa no supera los 140g!<\/p>\n<p>Solicitud:<br \/>\n&#8211; gu\u00eda tur\u00edstico<br \/>\n&#8211; conferencias \/ capacitaciones y charlas<br \/>\n&#8211; traducciones simultaneas<br \/>\n&#8211; descripci\u00f3n de audio en vivo<br \/>\n&#8211; eventos \/ ferias<\/p>\n<p>Caracter\u00edsticas del micr\u00f3fono inal\u00e1mbrico TK-501H:<br \/>\n&#8211; 42 canales de radio en la banda combinada 823 MHz ~ 832 MHz + 863 MHz ~ 865 MHz<br \/>\n&#8211; c\u00e1psula capacitiva incorporada asegurada con una malla de malla<br \/>\n&#8211; pantalla LCD retroiluminada<br \/>\n&#8211; sincronizaci\u00f3n autom\u00e1tica de receptores inal\u00e1mbricos al micr\u00f3fono<br \/>\n&#8211; alimentado por bater\u00edas alcalinas AA o bater\u00edas recargables AA Ni-MH (cargador de escritorio dedicado HDC-502 disponible)<br \/>\n&#8211; 2 modos de micr\u00f3fono disponibles (Push-To-Bolt y Push-To-Talk)<br \/>\n&#8211; extremadamente ligero y c\u00f3modo<br \/>\n&#8211; dise\u00f1o profesional<\/p>\n","protected":false},"excerpt":{"rendered":"<p>Micr\u00f3fono inal\u00e1mbrico compacto y ligero para gu\u00eda tur\u00edstico\/conferencia. cuenta con una pantalla LCD retroiluminada, sincronizaci\u00f3n autom\u00e1tica con receptores inal\u00e1mbricos y bater\u00eda de larga duraci\u00f3n. Compatible con el modelo Okayo WaveTalk.<\/p>\n","protected":false},"featured_media":59339,"template":"","meta":{"_acf_changed":false},"product_brand":[],"product_cat":[5228],"product_tag":[],"class_list":{"0":"post-62337","1":"product","2":"type-product","3":"status-publish","4":"has-post-thumbnail","6":"product_cat-transmisores-y-receptores","8":"first","9":"instock","10":"taxable","11":"shipping-taxable","12":"purchasable","13":"product-type-simple"},"acf":[],"_links":{"self":[{"href":"https:\/\/mexpo.eu\/es\/wp-json\/wp\/v2\/product\/62337","targetHints":{"allow":["GET"]}}],"collection":[{"href":"https:\/\/mexpo.eu\/es\/wp-json\/wp\/v2\/product"}],"about":[{"href":"https:\/\/mexpo.eu\/es\/wp-json\/wp\/v2\/types\/product"}],"wp:featuredmedia":[{"embeddable":true,"href":"https:\/\/mexpo.eu\/es\/wp-json\/wp\/v2\/media\/59339"}],"wp:attachment":[{"href":"https:\/\/mexpo.eu\/es\/wp-json\/wp\/v2\/media?parent=62337"}],"wp:term":[{"taxonomy":"product_brand","embeddable":true,"href":"https:\/\/mexpo.eu\/es\/wp-json\/wp\/v2\/product_brand?post=62337"},{"taxonomy":"product_cat","embeddable":true,"href":"https:\/\/mexpo.eu\/es\/wp-json\/wp\/v2\/product_cat?post=62337"},{"taxonomy":"product_tag","embeddable":true,"href":"https:\/\/mexpo.eu\/es\/wp-json\/wp\/v2\/product_tag?post=62337"}],"curies":[{"name":"wp","href":"https:\/\/api.w.org\/{rel}","templated":true}]}}