{"id":62330,"date":"2025-02-17T13:21:26","date_gmt":"2025-02-17T13:21:26","guid":{"rendered":"https:\/\/mexpo.pl?post_type=product&#038;p=62330"},"modified":"2025-05-20T12:51:12","modified_gmt":"2025-05-20T12:51:12","slug":"sistema-tourguide-para-guias-turisticos-e-interpretacion-okayo-wavetalk-l-462c","status":"publish","type":"product","link":"https:\/\/mexpo.eu\/es\/produkt\/sistema-tourguide-para-guias-turisticos-e-interpretacion-okayo-wavetalk-l-462c\/","title":{"rendered":"Sistema tourguide para gu\u00edas tur\u00edsticos e interpretaci\u00f3n Okayo WaveTalk | L (46+2)+C"},"content":{"rendered":"<p>Este sistema tourguide para gu\u00edas tur\u00edsticos y hasta 46 turistas es peque\u00f1o y ultraligero. Okayo WaveTalk puede utilizarse para visitas guiadas, interpretaci\u00f3n simult\u00e1nea y formaci\u00f3n en entornos ruidosos.<\/p>\n<p>Contenido del conjunto:<br \/>\n&#8211; 46 receptores Okayo WaveTalk<br \/>\n&#8211; 2 transmisores Okayo WaveTalk<br \/>\n\u2013 2 cargador C24<br \/>\n\u2013 2 bolsa TB-TK-24<br \/>\n&#8211; 1 micr\u00f3fono LM<br \/>\n&#8211; 1 micr\u00f3fono HM-55A<br \/>\n&#8211; 50 auriculares SH-2<br \/>\n&#8211; 50 cordones higi\u00e9nicos<br \/>\n&#8211; 50 clips para correas de cuello<br \/>\n&#8211; 1000 fundas higi\u00e9nicas desechables para auriculares<\/p>\n","protected":false},"excerpt":{"rendered":"<p>Este sistema tourguide para gu\u00edas tur\u00edsticos y hasta 46 turistas es peque\u00f1o y ultraligero. Okayo WaveTalk puede utilizarse para visitas guiadas, interpretaci\u00f3n simult\u00e1nea y formaci\u00f3n en entornos ruidosos.<\/p>\n","protected":false},"featured_media":65424,"template":"","meta":{"_acf_changed":false},"product_brand":[],"product_cat":[5237],"product_tag":[],"class_list":{"0":"post-62330","1":"product","2":"type-product","3":"status-publish","4":"has-post-thumbnail","6":"product_cat-conjuntos-de-radioguias","8":"first","9":"instock","10":"taxable","11":"shipping-taxable","12":"purchasable","13":"product-type-simple"},"acf":[],"_links":{"self":[{"href":"https:\/\/mexpo.eu\/es\/wp-json\/wp\/v2\/product\/62330","targetHints":{"allow":["GET"]}}],"collection":[{"href":"https:\/\/mexpo.eu\/es\/wp-json\/wp\/v2\/product"}],"about":[{"href":"https:\/\/mexpo.eu\/es\/wp-json\/wp\/v2\/types\/product"}],"wp:featuredmedia":[{"embeddable":true,"href":"https:\/\/mexpo.eu\/es\/wp-json\/wp\/v2\/media\/65424"}],"wp:attachment":[{"href":"https:\/\/mexpo.eu\/es\/wp-json\/wp\/v2\/media?parent=62330"}],"wp:term":[{"taxonomy":"product_brand","embeddable":true,"href":"https:\/\/mexpo.eu\/es\/wp-json\/wp\/v2\/product_brand?post=62330"},{"taxonomy":"product_cat","embeddable":true,"href":"https:\/\/mexpo.eu\/es\/wp-json\/wp\/v2\/product_cat?post=62330"},{"taxonomy":"product_tag","embeddable":true,"href":"https:\/\/mexpo.eu\/es\/wp-json\/wp\/v2\/product_tag?post=62330"}],"curies":[{"name":"wp","href":"https:\/\/api.w.org\/{rel}","templated":true}]}}